{"id":727014,"date":"2025-08-27T20:15:22","date_gmt":"2025-08-27T17:15:22","guid":{"rendered":"https:\/\/roveyayinevi.com.tr\/index.php\/urun\/bana-oyle-bakma\/"},"modified":"2026-04-16T02:34:50","modified_gmt":"2026-04-15T23:34:50","slug":"bana-oyle-bakma","status":"publish","type":"product","link":"https:\/\/roveyayinevi.com.tr\/index.php\/urun\/bana-oyle-bakma\/","title":{"rendered":"Bana \u00d6yle Bakma"},"content":{"rendered":"<p>\u201c\u00d6l\u00fcr\u00fcm sevdi\u011fim zehirim sensin. Evvelim sen oldun, ahirim sensin.\u201d Ne\u015fet Erta\u015f Ali, daha k\u00fc\u00e7\u00fck bir \u00e7ocukken dost bildi\u011fi O\u011fuz&#8217;la ve onun karamel kokulu k\u0131z karde\u015fi Ece&#8217;yle tan\u0131\u015fm\u0131\u015ft\u0131. O\u011fuz&#8217;un art\u0131k iki karde\u015fi vard\u0131. Ece, Ali&#8217;nin hem en iyi arkada\u015f\u0131 hem de s\u0131rda\u015f\u0131yd\u0131. Gen\u00e7 k\u0131z, 15 ya\u015f\u0131na girdi\u011finde her \u015fey yerle bir oldu. \u0130nan\u00e7lar\u0131na sad\u0131k olan Ece, Ali&#8217;yi kendine haram bildi; g\u00f6zlerini, s\u00f6zlerini, tebess\u00fcm\u00fcn\u00fc bile sak\u0131nd\u0131 Ali&#8217;den. Ali, onu ba\u015fka k\u0131zlarda unutmaya \u00e7al\u0131\u015ft\u0131. Ece, kitaplara s\u0131\u011f\u0131nd\u0131. Her g\u00fcn birbirlerine rastlar, canlar\u0131 yanar, kalpleri titrerken, nas\u0131l uzak duracaklard\u0131? \u0130pler kopmak \u00fczereydi. Koptu\u011funda her \u015fey birbirine dolanacakt\u0131. Ece, \u201cA\u011fabey\u201d demek zorunda oldu\u011fu bu sar\u0131 sa\u00e7l\u0131, safir g\u00f6zl\u00fc adam\u0131 sadece Allah&#8217;a anlatabildi. Allah, olmayaca\u011f\u0131 bile oldurand\u0131&#8230; Ona, \u201cHaram\u201d oldum. Ona, \u201cA\u011fabey\u201d oldum. Ama asla, \u201cY\u00e2r\u201d olamad\u0131m. Helal olmayacak kadar uzak, haram olamayacak kadar yak\u0131nd\u0131m. <\/p>\n","protected":false},"excerpt":{"rendered":"<p>\u201c\u00d6l\u00fcr\u00fcm sevdi\u011fim zehirim sensin. Evvelim sen oldun, ahirim sensin.\u201d Ne\u015fet Erta\u015f Ali, daha k\u00fc\u00e7\u00fck bir \u00e7ocukken dost bildi\u011fi O\u011fuz&#8217;la ve onun karamel kokulu k\u0131z karde\u015fi Ece&#8217;yle<span class=\"excerpt-hellip\"> [\u2026]<\/span><\/p>\n","protected":false},"featured_media":0,"template":"","meta":{"_monsterinsights_skip_tracking":false,"_monsterinsights_sitenote_active":false,"_monsterinsights_sitenote_note":"","_monsterinsights_sitenote_category":0},"product_brand":[],"product_cat":[12291,12711],"product_tag":[],"class_list":{"0":"post-727014","1":"product","2":"type-product","3":"status-publish","5":"product_cat-edebiyat","6":"product_cat-roman-oyku","7":"pa_cilt-ciltsiz","8":"pa_tur-kitap","9":"pa_yayinevi-dokuz-yayinlari","10":"pa_yazar-seyma-demir","12":"first","13":"instock","14":"sale","15":"shipping-taxable","16":"purchasable","17":"product-type-simple"},"_links":{"self":[{"href":"https:\/\/roveyayinevi.com.tr\/index.php\/wp-json\/wp\/v2\/product\/727014","targetHints":{"allow":["GET"]}}],"collection":[{"href":"https:\/\/roveyayinevi.com.tr\/index.php\/wp-json\/wp\/v2\/product"}],"about":[{"href":"https:\/\/roveyayinevi.com.tr\/index.php\/wp-json\/wp\/v2\/types\/product"}],"wp:attachment":[{"href":"https:\/\/roveyayinevi.com.tr\/index.php\/wp-json\/wp\/v2\/media?parent=727014"}],"wp:term":[{"taxonomy":"product_brand","embeddable":true,"href":"https:\/\/roveyayinevi.com.tr\/index.php\/wp-json\/wp\/v2\/product_brand?post=727014"},{"taxonomy":"product_cat","embeddable":true,"href":"https:\/\/roveyayinevi.com.tr\/index.php\/wp-json\/wp\/v2\/product_cat?post=727014"},{"taxonomy":"product_tag","embeddable":true,"href":"https:\/\/roveyayinevi.com.tr\/index.php\/wp-json\/wp\/v2\/product_tag?post=727014"}],"curies":[{"name":"wp","href":"https:\/\/api.w.org\/{rel}","templated":true}]}}