{"id":727002,"date":"2025-08-27T20:15:13","date_gmt":"2025-08-27T17:15:13","guid":{"rendered":"https:\/\/roveyayinevi.com.tr\/index.php\/urun\/alti-kirk-dort-dalgasi\/"},"modified":"2026-04-16T02:34:50","modified_gmt":"2026-04-15T23:34:50","slug":"alti-kirk-dort-dalgasi","status":"publish","type":"product","link":"https:\/\/roveyayinevi.com.tr\/index.php\/urun\/alti-kirk-dort-dalgasi\/","title":{"rendered":"Alt\u0131 K\u0131rk D\u00f6rt Dalgas\u0131"},"content":{"rendered":"<p>Bir yazar karakterlerini nas\u0131l olu\u015fturur, olaylar\u0131 nas\u0131l kurgular? Yazmaya odaklanamayan yazar\u0131m\u0131z, bunlar\u0131 sorgularken, ba\u015f kahraman\u0131 kap\u0131ya dayan\u0131nca kendini \u00f6yk\u00fcs\u00fcn\u00fcn i\u00e7inde bulur. Tan\u0131d\u0131\u011f\u0131 ilgin\u00e7 insanlar, s\u0131rad\u0131\u015f\u0131 karakterler olarak \u00f6yk\u00fcs\u00fcnde ya\u015famaktad\u0131r: Matematik\u00e7i Mecnun Bey, hayali k\u00f6pe\u011fini arayan Do\u011fan, gezici k\u00fct\u00fcphanesiyle Nigar Han\u0131m, annesini \u00f6zleyen \u015eehrazat, horoz Muzaffer Bey, alt\u0131 k\u0131rk d\u00f6rtteki o dalga ve daha nicesi&#8230; Yazmak \u00fczere masas\u0131na oturdu\u011fu g\u00fcn, g\u00fc\u00e7l\u00fc bir horoz sesi duyan yazar\u0131m\u0131z\u0131 kahramanlar\u0131 kadar, olaylar\u0131n ak\u0131\u015f\u0131 da \u015fa\u015f\u0131rtacakt\u0131r&#8230;  <\/p>\n","protected":false},"excerpt":{"rendered":"<p>Bir yazar karakterlerini nas\u0131l olu\u015fturur, olaylar\u0131 nas\u0131l kurgular? Yazmaya odaklanamayan yazar\u0131m\u0131z, bunlar\u0131 sorgularken, ba\u015f kahraman\u0131 kap\u0131ya dayan\u0131nca kendini \u00f6yk\u00fcs\u00fcn\u00fcn i\u00e7inde bulur. Tan\u0131d\u0131\u011f\u0131 ilgin\u00e7 insanlar, s\u0131rad\u0131\u015f\u0131 karakterler<span class=\"excerpt-hellip\"> [\u2026]<\/span><\/p>\n","protected":false},"featured_media":0,"template":"","meta":{"_monsterinsights_skip_tracking":false,"_monsterinsights_sitenote_active":false,"_monsterinsights_sitenote_note":"","_monsterinsights_sitenote_category":0},"product_brand":[],"product_cat":[12274,12631],"product_tag":[],"class_list":{"0":"post-727002","1":"product","2":"type-product","3":"status-publish","5":"product_cat-cocuk-ve-genclik-kitaplari","6":"product_cat-diger-cocuk-ve-genclik-kitaplari","7":"pa_cilt-ciltsiz","8":"pa_tur-kitap","9":"pa_yayinevi-gunisigi-kitapligi","10":"pa_yazar-behic-ak","12":"first","13":"instock","14":"sale","15":"shipping-taxable","16":"purchasable","17":"product-type-simple"},"_links":{"self":[{"href":"https:\/\/roveyayinevi.com.tr\/index.php\/wp-json\/wp\/v2\/product\/727002","targetHints":{"allow":["GET"]}}],"collection":[{"href":"https:\/\/roveyayinevi.com.tr\/index.php\/wp-json\/wp\/v2\/product"}],"about":[{"href":"https:\/\/roveyayinevi.com.tr\/index.php\/wp-json\/wp\/v2\/types\/product"}],"wp:attachment":[{"href":"https:\/\/roveyayinevi.com.tr\/index.php\/wp-json\/wp\/v2\/media?parent=727002"}],"wp:term":[{"taxonomy":"product_brand","embeddable":true,"href":"https:\/\/roveyayinevi.com.tr\/index.php\/wp-json\/wp\/v2\/product_brand?post=727002"},{"taxonomy":"product_cat","embeddable":true,"href":"https:\/\/roveyayinevi.com.tr\/index.php\/wp-json\/wp\/v2\/product_cat?post=727002"},{"taxonomy":"product_tag","embeddable":true,"href":"https:\/\/roveyayinevi.com.tr\/index.php\/wp-json\/wp\/v2\/product_tag?post=727002"}],"curies":[{"name":"wp","href":"https:\/\/api.w.org\/{rel}","templated":true}]}}