{"id":726992,"date":"2025-08-27T20:15:04","date_gmt":"2025-08-27T17:15:04","guid":{"rendered":"https:\/\/roveyayinevi.com.tr\/index.php\/urun\/dodi-disdostu-ciltli\/"},"modified":"2026-04-16T02:34:50","modified_gmt":"2026-04-15T23:34:50","slug":"dodi-disdostu-ciltli","status":"publish","type":"product","link":"https:\/\/roveyayinevi.com.tr\/index.php\/urun\/dodi-disdostu-ciltli\/","title":{"rendered":"Dodi Di\u015fdostu (Ciltli)"},"content":{"rendered":"<p>Do\u011fadaki canl\u0131lar di\u015f f\u0131r\u00e7as\u0131 kullanm\u0131yor madem,Dodi i\u00e7in f\u0131r\u00e7alayacak ba\u015fka bir di\u015f bulmal\u0131 hemen!Elif Yonat To\u011fay&#8217;\u0131n k\u0131p\u0131r k\u0131p\u0131r anlat\u0131m\u0131 ve Damla Tutan&#8217;\u0131n ele avuca s\u0131\u011fmaz resimleriyle market raflar\u0131ndan hayat\u0131m\u0131za uzanan Dodi Di\u015fdostu; di\u015f sa\u011fl\u0131\u011f\u0131 ve bak\u0131m\u0131n\u0131n \u00f6nemini e\u011flenceli bir \u00f6yk\u00fc arac\u0131l\u0131\u011f\u0131yla aktar\u0131yor, do\u011fadaki mutlu g\u00fcl\u00fc\u015flerin izini s\u00fcr\u00fcyor.\u00c7ay\u0131rdaki z\u00fcrafadan denizdeki k\u00f6pek bal\u0131\u011f\u0131na, yery\u00fcz\u00fcndeki canl\u0131lar\u0131n di\u015f yap\u0131lar\u0131n\u0131n \u00f6zelliklerine ve di\u015f temizliklerini nas\u0131l yapt\u0131klar\u0131na dair k\u0131ymetli bilgiler payla\u015fan bu reng\u00e2renk kitap, son sayfalar\u0131ndaki &#8220;Biliyor Musun?&#8221; adl\u0131 b\u00f6l\u00fcmde yer verdi\u011fi \u015fa\u015f\u0131rt\u0131c\u0131 bilgilerle, minik okurlar\u0131n\u0131n merak\u0131n\u0131 g\u0131d\u0131kl\u0131yor.Farkl\u0131 t\u00fcrdeki canl\u0131lar\u0131n hijyen al\u0131\u015fkanl\u0131klar\u0131na de\u011finirken, do\u011fan\u0131n d\u00f6ng\u00fcs\u00fcne de i\u015faret eden Dodi Di\u015fdostu; ki\u015fisel bak\u0131m\u0131na ve temizli\u011fine yaln\u0131z insanlar\u0131n \u00f6nem vermedi\u011fini, di\u011fer canl\u0131lar\u0131n da &#8220;kendi y\u00f6ntemleriyle&#8221; bu rutine kat\u0131ld\u0131\u011f\u0131n\u0131 hat\u0131rlat\u0131yor.Ya\u015fam\u0131n\u0131 sa\u011fl\u0131kl\u0131 di\u015flere adayan Dodi, f\u0131r\u00e7alayacak di\u015f ar\u0131yor. Bir sabah gizlice \u00e7\u0131kt\u0131\u011f\u0131 yolda, bilin bakal\u0131m kar\u015f\u0131s\u0131na kimler \u00e7\u0131k\u0131yor? \u00c7\u00f6lde kendisini selamlayan DiliD\u0131\u015far\u0131da fil, di\u015fini kumlarla temizliyor; ona yard\u0131mc\u0131 olamayaca\u011f\u0131n\u0131 fark eden Dodi, yeni umutlarla yola devam ediyor. \u00c7ay\u0131rda kar\u015f\u0131s\u0131na \u00e7\u0131kan ONeBoyun\u00d6yle z\u00fcrafaya yakla\u015f\u0131nca, onun da di\u015flerini ba\u015fka birinin temizledi\u011fini ke\u015ffediyor. Sincap, kedi, maymun, su ayg\u0131r\u0131 derken; Dodi bir a\u011f\u0131z dolusu di\u015f bulmakta kararl\u0131 g\u00f6r\u00fcn\u00fcyor!Dodi Di\u015fdostu, do\u011fadaki hayvan ve bitkilerin birbirleriyle olan ili\u015fkisi \u00fczerinden a\u011f\u0131z bak\u0131m\u0131 ve di\u015f f\u0131r\u00e7alaman\u0131n gereklili\u011fi hakk\u0131nda fark\u0131ndal\u0131k kazand\u0131r\u0131yor.Her sayfas\u0131 farkl\u0131 ke\u015fiflerle dolu bu sevimli \u00f6yk\u00fc ayn\u0131 zamanda, Elif Yonat To\u011fay&#8217;\u0131n \u015fiirsel dili ve ahenkli anlat\u0131m\u0131yla \u00e7ocuklar\u0131n dil geli\u015fimine de b\u00fcy\u00fck katk\u0131 sa\u011fl\u0131yor.<\/p>\n","protected":false},"excerpt":{"rendered":"<p>Do\u011fadaki canl\u0131lar di\u015f f\u0131r\u00e7as\u0131 kullanm\u0131yor madem,Dodi i\u00e7in f\u0131r\u00e7alayacak ba\u015fka bir di\u015f bulmal\u0131 hemen!Elif Yonat To\u011fay&#8217;\u0131n k\u0131p\u0131r k\u0131p\u0131r anlat\u0131m\u0131 ve Damla Tutan&#8217;\u0131n ele avuca s\u0131\u011fmaz resimleriyle market<span class=\"excerpt-hellip\"> [\u2026]<\/span><\/p>\n","protected":false},"featured_media":0,"template":"","meta":{"_monsterinsights_skip_tracking":false,"_monsterinsights_sitenote_active":false,"_monsterinsights_sitenote_note":"","_monsterinsights_sitenote_category":0},"product_brand":[],"product_cat":[12275,12274],"product_tag":[],"class_list":{"0":"post-726992","1":"product","2":"type-product","3":"status-publish","5":"product_cat-6-12-yas-kitaplari","6":"product_cat-cocuk-ve-genclik-kitaplari","7":"pa_cilt-ciltli","8":"pa_tur-kitap","9":"pa_yayinevi-ucanbalik-yayincilik","10":"pa_yazar-elif-yonat-togay","12":"first","13":"instock","14":"sale","15":"shipping-taxable","16":"purchasable","17":"product-type-simple"},"_links":{"self":[{"href":"https:\/\/roveyayinevi.com.tr\/index.php\/wp-json\/wp\/v2\/product\/726992","targetHints":{"allow":["GET"]}}],"collection":[{"href":"https:\/\/roveyayinevi.com.tr\/index.php\/wp-json\/wp\/v2\/product"}],"about":[{"href":"https:\/\/roveyayinevi.com.tr\/index.php\/wp-json\/wp\/v2\/types\/product"}],"wp:attachment":[{"href":"https:\/\/roveyayinevi.com.tr\/index.php\/wp-json\/wp\/v2\/media?parent=726992"}],"wp:term":[{"taxonomy":"product_brand","embeddable":true,"href":"https:\/\/roveyayinevi.com.tr\/index.php\/wp-json\/wp\/v2\/product_brand?post=726992"},{"taxonomy":"product_cat","embeddable":true,"href":"https:\/\/roveyayinevi.com.tr\/index.php\/wp-json\/wp\/v2\/product_cat?post=726992"},{"taxonomy":"product_tag","embeddable":true,"href":"https:\/\/roveyayinevi.com.tr\/index.php\/wp-json\/wp\/v2\/product_tag?post=726992"}],"curies":[{"name":"wp","href":"https:\/\/api.w.org\/{rel}","templated":true}]}}