{"id":726986,"date":"2025-08-27T20:14:58","date_gmt":"2025-08-27T17:14:58","guid":{"rendered":"https:\/\/roveyayinevi.com.tr\/index.php\/urun\/duello-3\/"},"modified":"2026-04-16T02:34:49","modified_gmt":"2026-04-15T23:34:49","slug":"duello-3","status":"publish","type":"product","link":"https:\/\/roveyayinevi.com.tr\/index.php\/urun\/duello-3\/","title":{"rendered":"D\u00fcello"},"content":{"rendered":"<p>Anton \u00c7ehov\u2019un en ba\u015far\u0131l\u0131 ve en uzun hik\u00e2yelerinden biri olan D\u00fcello, Rus romantiklerinin vazge\u00e7ilmez mek\u00e2n\u0131 Kafkasya\u2019n\u0131n bir sahil beldesinde ge\u00e7iyor. Yeni bir ya\u015fam kurma \u00fcmidiyle kocas\u0131n\u0131 b\u0131rak\u0131p sevdi\u011fi erkekle ka\u00e7an bir kad\u0131n, kar\u015f\u0131t ya\u015fam felsefelerine sahip iki erkek aras\u0131ndaki artan d\u00fc\u015fmanl\u0131k ve ka\u00e7\u0131n\u0131lmaz oldu\u011fu kadar komik bir d\u00fcello&#8230; Bu derinlikli hik\u00e2yede \u00c7ehov, kafas\u0131n\u0131 kurcalayan felsefi, toplumsal ve bilimsel sorular\u0131 parlak diyaloglar \u00fczerinden tart\u0131\u015fmaya a\u00e7\u0131yor. Hayatta \u201ca\u00e7\u0131k, bilin\u00e7li bir ama\u00e7\u201da sahip olmam\u0131z gerekli midir? Sorumsuz, zay\u0131f karakterli insanlar\u0131n varl\u0131\u011f\u0131, onlara itibar g\u00f6stermeyi s\u00fcrd\u00fcren toplumu nas\u0131l \u00e7\u00fcr\u00fct\u00fcr? Sosyal bilimler ve felsefe tamamen do\u011fal bilimleri mi temel almal\u0131d\u0131r? Psikolojik tahliller, canl\u0131 karakterler, do\u011fa tasvirleri ve \u015fairane ayr\u0131nt\u0131lar bak\u0131m\u0131ndan D\u00fcello, \u00c7ehov\u2019un edeb\u00ee dehas\u0131na bir kez daha tan\u0131k olma f\u0131rsat\u0131n\u0131 veriyor. Sinemaya da uyarlanan bu ba\u015fyap\u0131t\u0131, Nuri Y\u0131ld\u0131r\u0131m\u2019\u0131n incelikli \u00e7evirisiyle sunuyoruz. <\/p>\n","protected":false},"excerpt":{"rendered":"<p>Anton \u00c7ehov\u2019un en ba\u015far\u0131l\u0131 ve en uzun hik\u00e2yelerinden biri olan D\u00fcello, Rus romantiklerinin vazge\u00e7ilmez mek\u00e2n\u0131 Kafkasya\u2019n\u0131n bir sahil beldesinde ge\u00e7iyor. Yeni bir ya\u015fam kurma \u00fcmidiyle kocas\u0131n\u0131<span class=\"excerpt-hellip\"> [\u2026]<\/span><\/p>\n","protected":false},"featured_media":0,"template":"","meta":{"_monsterinsights_skip_tracking":false,"_monsterinsights_sitenote_active":false,"_monsterinsights_sitenote_note":"","_monsterinsights_sitenote_category":0},"product_brand":[],"product_cat":[12291,13872],"product_tag":[],"class_list":{"0":"post-726986","1":"product","2":"type-product","3":"status-publish","5":"product_cat-edebiyat","6":"product_cat-klasikler","7":"pa_cilt-ciltsiz","8":"pa_tur-kitap","9":"pa_yayinevi-yordam-kitap","10":"pa_yazar-anton-cehov","12":"first","13":"instock","14":"sale","15":"shipping-taxable","16":"purchasable","17":"product-type-simple"},"_links":{"self":[{"href":"https:\/\/roveyayinevi.com.tr\/index.php\/wp-json\/wp\/v2\/product\/726986","targetHints":{"allow":["GET"]}}],"collection":[{"href":"https:\/\/roveyayinevi.com.tr\/index.php\/wp-json\/wp\/v2\/product"}],"about":[{"href":"https:\/\/roveyayinevi.com.tr\/index.php\/wp-json\/wp\/v2\/types\/product"}],"wp:attachment":[{"href":"https:\/\/roveyayinevi.com.tr\/index.php\/wp-json\/wp\/v2\/media?parent=726986"}],"wp:term":[{"taxonomy":"product_brand","embeddable":true,"href":"https:\/\/roveyayinevi.com.tr\/index.php\/wp-json\/wp\/v2\/product_brand?post=726986"},{"taxonomy":"product_cat","embeddable":true,"href":"https:\/\/roveyayinevi.com.tr\/index.php\/wp-json\/wp\/v2\/product_cat?post=726986"},{"taxonomy":"product_tag","embeddable":true,"href":"https:\/\/roveyayinevi.com.tr\/index.php\/wp-json\/wp\/v2\/product_tag?post=726986"}],"curies":[{"name":"wp","href":"https:\/\/api.w.org\/{rel}","templated":true}]}}