{"id":726985,"date":"2025-08-27T20:14:57","date_gmt":"2025-08-27T17:14:57","guid":{"rendered":"https:\/\/roveyayinevi.com.tr\/index.php\/urun\/portal\/"},"modified":"2026-04-16T02:34:49","modified_gmt":"2026-04-15T23:34:49","slug":"portal","status":"publish","type":"product","link":"https:\/\/roveyayinevi.com.tr\/index.php\/urun\/portal\/","title":{"rendered":"Portal"},"content":{"rendered":"<p>Meditasyon Bizleri \u0130yile\u015ftirebilir Ve Gezegeni Kurtarabilir Mi? Zihninizi Yat\u0131\u015ft\u0131r\u0131n.Kalbinizi A\u00e7\u0131n.D\u00fcnyan\u0131z\u0131 De\u011fi\u015ftirin. Sava\u015flar, iklim de\u011fi\u015fikli\u011fi, ekonomik \u00e7\u00f6k\u00fc\u015f tehdidi\u2026 D\u00fcnyan\u0131n d\u00f6rt bir yan\u0131nda s\u00fcrekli krizlerle m\u00fccadele ediyoruz. Devrilme noktas\u0131nday\u0131z ama bir \u00e7\u0131k\u0131\u015f yolumuz var. Y\u00fczy\u0131llard\u0131r var olan ve insanlar\u0131 d\u00f6n\u00fc\u015f\u00fcme y\u00f6nlendiren eski bir yol haritas\u0131n\u0131 ortaya \u00e7\u0131karan bu ilham verici kitap ve belgesel film, bug\u00fcn insanl\u0131\u011f\u0131n neye ihtiya\u00e7 duydu\u011funu ke\u015ffetmek ad\u0131na bizleri zihnimizin arkas\u0131ndaki Portal\u2019a g\u00f6t\u00fcr\u00fcyor: Meditasyon. Portal, meditasyon ve fark\u0131ndal\u0131\u011f\u0131 kullanarak g\u00fcc\u00fcn\u00fcz\u00fcn kilidini nas\u0131l a\u00e7aca\u011f\u0131n\u0131z\u0131, \u00e7evrenizdekilere kar\u015f\u0131 nas\u0131l daha \u015fefkatli olabilece\u011finizi; de\u011fi\u015fim ad\u0131na susuzlu\u011funuzu nas\u0131l giderece\u011finizi bulma yolunda sizi bir ke\u015ffe \u00e7\u0131kar\u0131yor. Meditasyon yoluyla hayatlar\u0131n\u0131 de\u011fi\u015ftiren alt\u0131 ki\u015finin hayat hik\u00e2yelerinin yan\u0131 s\u0131ra g\u00fcn\u00fcm\u00fcz\u00fcn en yenilik\u00e7i d\u00fc\u015f\u00fcn\u00fcrlerinden baz\u0131lar\u0131n\u0131n etkileyici d\u00fc\u015f\u00fcncelerinin de aktar\u0131ld\u0131\u011f\u0131 Portal kitab\u0131nda insanl\u0131k i\u00e7in d\u00f6n\u00fc\u015ft\u00fcr\u00fclm\u00fc\u015f bir vizyon serisi hayata ge\u00e7iriliyor.<\/p>\n","protected":false},"excerpt":{"rendered":"<p>Meditasyon Bizleri \u0130yile\u015ftirebilir Ve Gezegeni Kurtarabilir Mi? Zihninizi Yat\u0131\u015ft\u0131r\u0131n.Kalbinizi A\u00e7\u0131n.D\u00fcnyan\u0131z\u0131 De\u011fi\u015ftirin. Sava\u015flar, iklim de\u011fi\u015fikli\u011fi, ekonomik \u00e7\u00f6k\u00fc\u015f tehdidi\u2026 D\u00fcnyan\u0131n d\u00f6rt bir yan\u0131nda s\u00fcrekli krizlerle m\u00fccadele ediyoruz. Devrilme<span class=\"excerpt-hellip\"> [\u2026]<\/span><\/p>\n","protected":false},"featured_media":0,"template":"","meta":{"_monsterinsights_skip_tracking":false,"_monsterinsights_sitenote_active":false,"_monsterinsights_sitenote_note":"","_monsterinsights_sitenote_category":0},"product_brand":[],"product_cat":[12364,12376],"product_tag":[],"class_list":{"0":"post-726985","1":"product","2":"type-product","3":"status-publish","5":"product_cat-genel-konular","6":"product_cat-kisisel-gelisim","7":"pa_cilt-ciltsiz","8":"pa_tur-kitap","9":"pa_yayinevi-sola-unitas","10":"pa_yazar-tom-cronin-jacqui-fifer","12":"first","13":"instock","14":"sale","15":"shipping-taxable","16":"purchasable","17":"product-type-simple"},"_links":{"self":[{"href":"https:\/\/roveyayinevi.com.tr\/index.php\/wp-json\/wp\/v2\/product\/726985","targetHints":{"allow":["GET"]}}],"collection":[{"href":"https:\/\/roveyayinevi.com.tr\/index.php\/wp-json\/wp\/v2\/product"}],"about":[{"href":"https:\/\/roveyayinevi.com.tr\/index.php\/wp-json\/wp\/v2\/types\/product"}],"wp:attachment":[{"href":"https:\/\/roveyayinevi.com.tr\/index.php\/wp-json\/wp\/v2\/media?parent=726985"}],"wp:term":[{"taxonomy":"product_brand","embeddable":true,"href":"https:\/\/roveyayinevi.com.tr\/index.php\/wp-json\/wp\/v2\/product_brand?post=726985"},{"taxonomy":"product_cat","embeddable":true,"href":"https:\/\/roveyayinevi.com.tr\/index.php\/wp-json\/wp\/v2\/product_cat?post=726985"},{"taxonomy":"product_tag","embeddable":true,"href":"https:\/\/roveyayinevi.com.tr\/index.php\/wp-json\/wp\/v2\/product_tag?post=726985"}],"curies":[{"name":"wp","href":"https:\/\/api.w.org\/{rel}","templated":true}]}}