{"id":726979,"date":"2025-08-27T20:14:51","date_gmt":"2025-08-27T17:14:51","guid":{"rendered":"https:\/\/roveyayinevi.com.tr\/index.php\/urun\/ecelin-tahti-bir-sehadet-dokuz-sehit\/"},"modified":"2025-10-30T13:10:28","modified_gmt":"2025-10-30T10:10:28","slug":"ecelin-tahti-bir-sehadet-dokuz-sehit","status":"publish","type":"product","link":"https:\/\/roveyayinevi.com.tr\/index.php\/urun\/ecelin-tahti-bir-sehadet-dokuz-sehit\/","title":{"rendered":"Ecelin Taht\u0131 Bir \u015eehadet Dokuz \u015eehit"},"content":{"rendered":"<p>Sevgili ailem \u0130lk \u00f6nce hepinizi \u00e7ok sevdi\u011fimi s\u00f6ylemek istiyorum. Bu mektup ancak ben \u00f6ld\u00fckten sonra elinize ge\u00e7ecektir. Beni asla unutmay\u0131n, hep kalbinizin bir k\u00f6\u015fesinde saklay\u0131n. \u015eunu asla unutmay\u0131n. Allah\u2019\u0131n verdi\u011fi can\u0131 Allah\u2019tan ba\u015fkas\u0131 alamaz. Bu y\u00fczden \u00fcz\u00fclmeyin. Yaln\u0131z size s\u00f6ylemek istedi\u011fim bir \u015fey var, ben Burcu\u2019yu \u00e7ok seviyordum ve bu sevgimi de mezara g\u00f6t\u00fcr\u00fcyorum. Ben burada \u00f6ld\u00fcmse, Allah yolunda, vatan, namus ve millet yolunda \u00f6ld\u00fcm. Benimle asl\u0131nda gurur duyun ve g\u00fcl\u00fcn,asla a\u011flamay\u0131n. E\u011fer a\u011flarsan\u0131z, ben yatt\u0131\u011f\u0131m yerde rahat edemem. Dedeme de hepinizin selam\u0131n\u0131 s\u00f6ylerim. Kendinize \u00e7ok iyi bak\u0131n. Sizleri \u00e7ok seviyorum. Hepinizi de \u00e7ok \u00f6zledim. O\u011flunuz. Yazacak ba\u015fka bir \u015fey bulam\u0131yorum. \u0130mza Serhat GEN\u00c7ER Dz. P. Astsb. \u00c7v\u015f. <\/p>\n","protected":false},"excerpt":{"rendered":"<p>Sevgili ailem \u0130lk \u00f6nce hepinizi \u00e7ok sevdi\u011fimi s\u00f6ylemek istiyorum. Bu mektup ancak ben \u00f6ld\u00fckten sonra elinize ge\u00e7ecektir. Beni asla unutmay\u0131n, hep kalbinizin bir k\u00f6\u015fesinde saklay\u0131n. \u015eunu<span class=\"excerpt-hellip\"> [\u2026]<\/span><\/p>\n","protected":false},"featured_media":0,"template":"","meta":{"_monsterinsights_skip_tracking":false,"_monsterinsights_sitenote_active":false,"_monsterinsights_sitenote_note":"","_monsterinsights_sitenote_category":0},"product_brand":[],"product_cat":[13701,12291],"product_tag":[],"class_list":{"0":"post-726979","1":"product","2":"type-product","3":"status-publish","5":"product_cat-ani-mektup-gunluk","6":"product_cat-edebiyat","7":"pa_cilt-ciltsiz","8":"pa_tur-kitap","9":"pa_yayinevi-sia-kitap","10":"pa_yazar-mehmet-gencer","12":"first","13":"instock","14":"sale","15":"shipping-taxable","16":"purchasable","17":"product-type-simple"},"_links":{"self":[{"href":"https:\/\/roveyayinevi.com.tr\/index.php\/wp-json\/wp\/v2\/product\/726979","targetHints":{"allow":["GET"]}}],"collection":[{"href":"https:\/\/roveyayinevi.com.tr\/index.php\/wp-json\/wp\/v2\/product"}],"about":[{"href":"https:\/\/roveyayinevi.com.tr\/index.php\/wp-json\/wp\/v2\/types\/product"}],"wp:attachment":[{"href":"https:\/\/roveyayinevi.com.tr\/index.php\/wp-json\/wp\/v2\/media?parent=726979"}],"wp:term":[{"taxonomy":"product_brand","embeddable":true,"href":"https:\/\/roveyayinevi.com.tr\/index.php\/wp-json\/wp\/v2\/product_brand?post=726979"},{"taxonomy":"product_cat","embeddable":true,"href":"https:\/\/roveyayinevi.com.tr\/index.php\/wp-json\/wp\/v2\/product_cat?post=726979"},{"taxonomy":"product_tag","embeddable":true,"href":"https:\/\/roveyayinevi.com.tr\/index.php\/wp-json\/wp\/v2\/product_tag?post=726979"}],"curies":[{"name":"wp","href":"https:\/\/api.w.org\/{rel}","templated":true}]}}