{"id":726972,"date":"2025-08-27T20:14:46","date_gmt":"2025-08-27T17:14:46","guid":{"rendered":"https:\/\/roveyayinevi.com.tr\/index.php\/urun\/cin-felsefe-tarihi\/"},"modified":"2026-04-16T02:34:49","modified_gmt":"2026-04-15T23:34:49","slug":"cin-felsefe-tarihi","status":"publish","type":"product","link":"https:\/\/roveyayinevi.com.tr\/index.php\/urun\/cin-felsefe-tarihi\/","title":{"rendered":"\u00c7in Felsefe Tarihi"},"content":{"rendered":"<p>D\u00fcnyan\u0131n ve insan\u0131n do\u011fas\u0131&#8230; Nesneler aras\u0131ndaki \u0130li\u015fkiler&#8230; Ahlaki ve toplumsal kurallar&#8230; Ya\u015fam\u0131n y\u00f6netimi ve hedefi\u2014 Yin ve Yang&#8230; Bilginin yap\u0131s\u0131&#8230;S\u00f6z ve eylem, teori ve pratik Ili\u015fkisi&#8230; Bilgelik nedir?\u00c7in felsefesindeki en temel konulan Konfi\u00e7y\u00fcs&#8217;len Taoculu\u011fa, Budizm&#8217;den Yasac\u0131l\u0131k ekol\u00fcne a\u00e7\u0131lan yelpazede inceleyen Wu Chun, \u00c7in Felsefe Tarihinde yal\u0131n sorular ortaya at\u0131p yak\u0131t yan\u0131tlar veriyor. Dipsiz bir kuyuyu \u00e7a\u011fn\u015ft\u0131ran derin \u00c7in felsefesi ve ba\u011flant\u0131l\u0131 konulan 5 bin y\u0131l boyunca oraya at\u0131lm\u0131\u015f fikirler, kavramlar, kategoriler, teoriler ve \u00f6\u011fretilerin \u0131\u015f\u0131\u011f\u0131nda inceleyen kitap, \u00c7in ulusunun zihninde ve damarlar\u0131nda dola\u015fan manevi g\u00fcce dair m\u00fckemmel bir ba\u015fvuru kayna\u011f\u0131.&#8221;Nesneler aras\u0131ndaki ili\u015fki, eski \u00c7inli f\u0131lozoflar i\u00e7in bir di\u011fer \u00f6nemli merak konusuydu ve bu mesele ordan Avrupal\u0131 benzerlerinden farkl\u0131 k\u0131ld\u0131. Eski Avrupal\u0131 filozoflar esas olarak \u015feylerin do\u011famyla ilgiliydi. Bir anlamda, Avrupa felsefesl, &#8216;Do\u011fas\u0131 nedir?&#8217; sorusundan t\u00fcredi. Ancak \u00c7in&#8217;de durum olduk\u00e7a farkl\u0131yd\u0131. \u00c7in felsefesi tarihinde en s\u0131k sorulan soru &#8216;Aralar\u0131ndaki ili\u015fki nedir?&#8217; \u015feklindedir.&#8221;<\/p>\n","protected":false},"excerpt":{"rendered":"<p>D\u00fcnyan\u0131n ve insan\u0131n do\u011fas\u0131&#8230; Nesneler aras\u0131ndaki \u0130li\u015fkiler&#8230; Ahlaki ve toplumsal kurallar&#8230; Ya\u015fam\u0131n y\u00f6netimi ve hedefi\u2014 Yin ve Yang&#8230; Bilginin yap\u0131s\u0131&#8230;S\u00f6z ve eylem, teori ve pratik Ili\u015fkisi&#8230;<span class=\"excerpt-hellip\"> [\u2026]<\/span><\/p>\n","protected":false},"featured_media":0,"template":"","meta":{"_monsterinsights_skip_tracking":false,"_monsterinsights_sitenote_active":false,"_monsterinsights_sitenote_note":"","_monsterinsights_sitenote_category":0},"product_brand":[],"product_cat":[12388,14717],"product_tag":[],"class_list":{"0":"post-726972","1":"product","2":"type-product","3":"status-publish","5":"product_cat-felsefe","6":"product_cat-felsefe-tarihi","7":"pa_cilt-ciltsiz","8":"pa_tur-kitap","9":"pa_yayinevi-kaynak-yayinlari","10":"pa_yazar-we-chun","12":"first","13":"instock","14":"sale","15":"shipping-taxable","16":"purchasable","17":"product-type-simple"},"_links":{"self":[{"href":"https:\/\/roveyayinevi.com.tr\/index.php\/wp-json\/wp\/v2\/product\/726972","targetHints":{"allow":["GET"]}}],"collection":[{"href":"https:\/\/roveyayinevi.com.tr\/index.php\/wp-json\/wp\/v2\/product"}],"about":[{"href":"https:\/\/roveyayinevi.com.tr\/index.php\/wp-json\/wp\/v2\/types\/product"}],"wp:attachment":[{"href":"https:\/\/roveyayinevi.com.tr\/index.php\/wp-json\/wp\/v2\/media?parent=726972"}],"wp:term":[{"taxonomy":"product_brand","embeddable":true,"href":"https:\/\/roveyayinevi.com.tr\/index.php\/wp-json\/wp\/v2\/product_brand?post=726972"},{"taxonomy":"product_cat","embeddable":true,"href":"https:\/\/roveyayinevi.com.tr\/index.php\/wp-json\/wp\/v2\/product_cat?post=726972"},{"taxonomy":"product_tag","embeddable":true,"href":"https:\/\/roveyayinevi.com.tr\/index.php\/wp-json\/wp\/v2\/product_tag?post=726972"}],"curies":[{"name":"wp","href":"https:\/\/api.w.org\/{rel}","templated":true}]}}