{"id":726971,"date":"2025-08-27T20:14:45","date_gmt":"2025-08-27T17:14:45","guid":{"rendered":"https:\/\/roveyayinevi.com.tr\/index.php\/urun\/dort-kafadar-paylasiyor\/"},"modified":"2026-04-16T02:34:49","modified_gmt":"2026-04-15T23:34:49","slug":"dort-kafadar-paylasiyor","status":"publish","type":"product","link":"https:\/\/roveyayinevi.com.tr\/index.php\/urun\/dort-kafadar-paylasiyor\/","title":{"rendered":"D\u00f6rt Kafadar Payla\u015f\u0131yor"},"content":{"rendered":"<p>Bade ve arkada\u015flar\u0131 Zeynep, Selin, Cenk, biriktirmeyi ve payla\u015fmay\u0131 \u00f6\u011freniyor! Onlarla beraber \u00f6\u011frenmeye ve Bade\u2019nin d\u00fcnyas\u0131na ad\u0131m atmaya var m\u0131s\u0131n? Finansal okuryazarl\u0131k ne demek? Ni\u00e7in tasarruf etmeli, ni\u00e7in para biriktirmeliyiz? Banka kartlar\u0131 nas\u0131l \u00e7al\u0131\u015f\u0131r? Temel ihtiya\u00e7lar ve gereksiz harcamalar aras\u0131ndaki fark nedir? \u00c7ocuklar, art\u0131k bu kavramlar\u0131 e\u011flenerek \u00f6\u011freneceksiniz! Haydi kapa\u011f\u0131 a\u00e7\u0131n ve bu e\u011flenceyi siz de payla\u015f\u0131n! <\/p>\n","protected":false},"excerpt":{"rendered":"<p>Bade ve arkada\u015flar\u0131 Zeynep, Selin, Cenk, biriktirmeyi ve payla\u015fmay\u0131 \u00f6\u011freniyor! Onlarla beraber \u00f6\u011frenmeye ve Bade\u2019nin d\u00fcnyas\u0131na ad\u0131m atmaya var m\u0131s\u0131n? Finansal okuryazarl\u0131k ne demek? Ni\u00e7in tasarruf<span class=\"excerpt-hellip\"> [\u2026]<\/span><\/p>\n","protected":false},"featured_media":0,"template":"","meta":{"_monsterinsights_skip_tracking":false,"_monsterinsights_sitenote_active":false,"_monsterinsights_sitenote_note":"","_monsterinsights_sitenote_category":0},"product_brand":[],"product_cat":[12275,12274],"product_tag":[],"class_list":{"0":"post-726971","1":"product","2":"type-product","3":"status-publish","5":"product_cat-6-12-yas-kitaplari","6":"product_cat-cocuk-ve-genclik-kitaplari","7":"pa_cilt-ciltsiz","8":"pa_tur-kitap","9":"pa_yayinevi-luna-yayinlari","10":"pa_yazar-seyhan-tavaci","12":"first","13":"instock","14":"sale","15":"shipping-taxable","16":"purchasable","17":"product-type-simple"},"_links":{"self":[{"href":"https:\/\/roveyayinevi.com.tr\/index.php\/wp-json\/wp\/v2\/product\/726971","targetHints":{"allow":["GET"]}}],"collection":[{"href":"https:\/\/roveyayinevi.com.tr\/index.php\/wp-json\/wp\/v2\/product"}],"about":[{"href":"https:\/\/roveyayinevi.com.tr\/index.php\/wp-json\/wp\/v2\/types\/product"}],"wp:attachment":[{"href":"https:\/\/roveyayinevi.com.tr\/index.php\/wp-json\/wp\/v2\/media?parent=726971"}],"wp:term":[{"taxonomy":"product_brand","embeddable":true,"href":"https:\/\/roveyayinevi.com.tr\/index.php\/wp-json\/wp\/v2\/product_brand?post=726971"},{"taxonomy":"product_cat","embeddable":true,"href":"https:\/\/roveyayinevi.com.tr\/index.php\/wp-json\/wp\/v2\/product_cat?post=726971"},{"taxonomy":"product_tag","embeddable":true,"href":"https:\/\/roveyayinevi.com.tr\/index.php\/wp-json\/wp\/v2\/product_tag?post=726971"}],"curies":[{"name":"wp","href":"https:\/\/api.w.org\/{rel}","templated":true}]}}