{"id":726970,"date":"2025-08-27T20:14:44","date_gmt":"2025-08-27T17:14:44","guid":{"rendered":"https:\/\/roveyayinevi.com.tr\/index.php\/urun\/bilgelik-aforizmalari\/"},"modified":"2026-04-16T02:34:49","modified_gmt":"2026-04-15T23:34:49","slug":"bilgelik-aforizmalari","status":"publish","type":"product","link":"https:\/\/roveyayinevi.com.tr\/index.php\/urun\/bilgelik-aforizmalari\/","title":{"rendered":"Bilgelik Aforizmalar\u0131"},"content":{"rendered":"<p>Aciz beden giydi kefen, toprak oldu bana benzeyen. Herkes bitti sand\u0131, ben ise seyredald\u0131m. Allah\u2019\u0131 ar\u0131yorsan e\u011fer; o ne yerde ne de g\u00f6kte\u2026 Allah senin ruhunda\u2026 <\/p>\n","protected":false},"excerpt":{"rendered":"<p>Aciz beden giydi kefen, toprak oldu bana benzeyen. Herkes bitti sand\u0131, ben ise seyredald\u0131m. Allah\u2019\u0131 ar\u0131yorsan e\u011fer; o ne yerde ne de g\u00f6kte\u2026 Allah senin ruhunda\u2026<\/p>\n","protected":false},"featured_media":0,"template":"","meta":{"_monsterinsights_skip_tracking":false,"_monsterinsights_sitenote_active":false,"_monsterinsights_sitenote_note":"","_monsterinsights_sitenote_category":0},"product_brand":[],"product_cat":[75065,12291],"product_tag":[],"class_list":{"0":"post-726970","1":"product","2":"type-product","3":"status-publish","5":"product_cat-aforizmalar","6":"product_cat-edebiyat","7":"pa_cilt-ciltsiz","8":"pa_tur-kitap","9":"pa_yayinevi-luna-yayinlari","10":"pa_yazar-yamac-erdogan","12":"first","13":"instock","14":"sale","15":"shipping-taxable","16":"purchasable","17":"product-type-simple"},"_links":{"self":[{"href":"https:\/\/roveyayinevi.com.tr\/index.php\/wp-json\/wp\/v2\/product\/726970","targetHints":{"allow":["GET"]}}],"collection":[{"href":"https:\/\/roveyayinevi.com.tr\/index.php\/wp-json\/wp\/v2\/product"}],"about":[{"href":"https:\/\/roveyayinevi.com.tr\/index.php\/wp-json\/wp\/v2\/types\/product"}],"wp:attachment":[{"href":"https:\/\/roveyayinevi.com.tr\/index.php\/wp-json\/wp\/v2\/media?parent=726970"}],"wp:term":[{"taxonomy":"product_brand","embeddable":true,"href":"https:\/\/roveyayinevi.com.tr\/index.php\/wp-json\/wp\/v2\/product_brand?post=726970"},{"taxonomy":"product_cat","embeddable":true,"href":"https:\/\/roveyayinevi.com.tr\/index.php\/wp-json\/wp\/v2\/product_cat?post=726970"},{"taxonomy":"product_tag","embeddable":true,"href":"https:\/\/roveyayinevi.com.tr\/index.php\/wp-json\/wp\/v2\/product_tag?post=726970"}],"curies":[{"name":"wp","href":"https:\/\/api.w.org\/{rel}","templated":true}]}}