{"id":726969,"date":"2025-08-27T20:14:43","date_gmt":"2025-08-27T17:14:43","guid":{"rendered":"https:\/\/roveyayinevi.com.tr\/index.php\/urun\/sana-yazmadim\/"},"modified":"2026-04-16T02:34:49","modified_gmt":"2026-04-15T23:34:49","slug":"sana-yazmadim","status":"publish","type":"product","link":"https:\/\/roveyayinevi.com.tr\/index.php\/urun\/sana-yazmadim\/","title":{"rendered":"Sana Yazmad\u0131m"},"content":{"rendered":"<p>Selanik g\u00f6\u00e7meni Antalyal\u0131 bir ailenin k\u0131z\u0131 olan \u015fair, hem Balkan hem de Antalya\u2019ya \u00f6zg\u00fc k\u00fclt\u00fcrlerin harman\u0131yla b\u00fcy\u00fcm\u00fc\u015ft\u00fcr. Topraklar\u0131ndan kopar\u0131lan, m\u00fcbadelenin zorluklar\u0131n\u0131 ya\u015fayan, yoklukla b\u00fcy\u00fcyen insanlar\u0131n kay\u0131plar\u0131, ac\u0131lar\u0131, \u00f6zlemleri, \u015fairin de genlerine i\u015flemi\u015ftir. Memleketlerinden \u00e7\u0131k\u0131p ba\u015fka topraklara gelirken yeni vatanlar\u0131 h\u00fcz\u00fcn olmu\u015ftur. Bu nedenle zaman zaman Balkan ne\u015fesi \u015fairin hayat\u0131na ve \u015fiirlerine yans\u0131yor olsa da, bu h\u00fczn\u00fc ve ac\u0131y\u0131 bar\u0131nd\u0131ran m\u0131sralar s\u0131kl\u0131kla d\u00f6k\u00fclm\u00fc\u015ft\u00fcr kaleminden\u2026 Her ne kadar h\u00fczne g\u00f6\u00e7 edenlerin torunlar\u0131 olsalar da Atat\u00fcrk\u2019le ayn\u0131 topraktan gelmek, onlara hep umut vermi\u015f ve belki de O\u2019nun \u00fcmitvar g\u00f6zlerindeki mavili\u011fe tutkular\u0131ndan, Akdeniz\u2019in mavi k\u0131y\u0131lar\u0131ndan ayr\u0131lamam\u0131\u015flard\u0131r hi\u00e7. <\/p>\n","protected":false},"excerpt":{"rendered":"<p>Selanik g\u00f6\u00e7meni Antalyal\u0131 bir ailenin k\u0131z\u0131 olan \u015fair, hem Balkan hem de Antalya\u2019ya \u00f6zg\u00fc k\u00fclt\u00fcrlerin harman\u0131yla b\u00fcy\u00fcm\u00fc\u015ft\u00fcr. Topraklar\u0131ndan kopar\u0131lan, m\u00fcbadelenin zorluklar\u0131n\u0131 ya\u015fayan, yoklukla b\u00fcy\u00fcyen insanlar\u0131n kay\u0131plar\u0131,<span class=\"excerpt-hellip\"> [\u2026]<\/span><\/p>\n","protected":false},"featured_media":0,"template":"","meta":{"_monsterinsights_skip_tracking":false,"_monsterinsights_sitenote_active":false,"_monsterinsights_sitenote_note":"","_monsterinsights_sitenote_category":0},"product_brand":[],"product_cat":[12291,12509],"product_tag":[],"class_list":{"0":"post-726969","1":"product","2":"type-product","3":"status-publish","5":"product_cat-edebiyat","6":"product_cat-siir","7":"pa_cilt-ciltsiz","8":"pa_tur-kitap","9":"pa_yayinevi-luna-yayinlari","10":"pa_yazar-nefise-serap-gurul","12":"first","13":"instock","14":"sale","15":"shipping-taxable","16":"purchasable","17":"product-type-simple"},"_links":{"self":[{"href":"https:\/\/roveyayinevi.com.tr\/index.php\/wp-json\/wp\/v2\/product\/726969","targetHints":{"allow":["GET"]}}],"collection":[{"href":"https:\/\/roveyayinevi.com.tr\/index.php\/wp-json\/wp\/v2\/product"}],"about":[{"href":"https:\/\/roveyayinevi.com.tr\/index.php\/wp-json\/wp\/v2\/types\/product"}],"wp:attachment":[{"href":"https:\/\/roveyayinevi.com.tr\/index.php\/wp-json\/wp\/v2\/media?parent=726969"}],"wp:term":[{"taxonomy":"product_brand","embeddable":true,"href":"https:\/\/roveyayinevi.com.tr\/index.php\/wp-json\/wp\/v2\/product_brand?post=726969"},{"taxonomy":"product_cat","embeddable":true,"href":"https:\/\/roveyayinevi.com.tr\/index.php\/wp-json\/wp\/v2\/product_cat?post=726969"},{"taxonomy":"product_tag","embeddable":true,"href":"https:\/\/roveyayinevi.com.tr\/index.php\/wp-json\/wp\/v2\/product_tag?post=726969"}],"curies":[{"name":"wp","href":"https:\/\/api.w.org\/{rel}","templated":true}]}}