{"id":726967,"date":"2025-08-27T20:14:41","date_gmt":"2025-08-27T17:14:41","guid":{"rendered":"https:\/\/roveyayinevi.com.tr\/index.php\/urun\/karl-marxin-ekososyalizmi-sermaye-doga-ve-ekonomi-politigin-yarim-kalmis-elestirisi\/"},"modified":"2026-04-16T02:34:49","modified_gmt":"2026-04-15T23:34:49","slug":"karl-marxin-ekososyalizmi-sermaye-doga-ve-ekonomi-politigin-yarim-kalmis-elestirisi","status":"publish","type":"product","link":"https:\/\/roveyayinevi.com.tr\/index.php\/urun\/karl-marxin-ekososyalizmi-sermaye-doga-ve-ekonomi-politigin-yarim-kalmis-elestirisi\/","title":{"rendered":"Karl Marx&#8217;\u0131n Ekososyalizmi &#8211; Sermaye, Do\u011fa ve Ekonomi Politi\u011fin Yar\u0131m Kalm\u0131\u015f Ele\u015ftirisi"},"content":{"rendered":"<p>Ele\u015ftirmenlere g\u00f6re Marx, maddi ihtiyac\u0131 sona erdirmek ve yeni bir doyum ve bolluk d\u00fcnyas\u0131 yaratmak i\u00e7in insanlar\u0131n do\u011fal d\u00fcnyaya h\u00fckmetmesi gereklili\u011fine dair i\u00e7sel bir inanca sahipti. Bu yanl\u0131\u015f alg\u0131, gerek anaak\u0131m \u00e7evreciler gerekse Marks\u2019\u0131 reddeden ekososyalistler taraf\u0131ndan benimseniyor. Karl Marx\u2019\u0131n Ekososyalizmi ise, Marx\u2019\u0131n ekolojik eksikliklerine y\u00f6neltilen bu su\u00e7lamalar\u0131 bo\u015fa \u00e7\u0131kar\u0131yor. Saito, Marx&#8217;\u0131n, temel \u00e7al\u0131\u015fmalar\u0131n\u0131 ve do\u011faya y\u00f6nelik tuttu\u011fu defterlerini derinlemesine inceleyerek, Karl Marx&#8217;\u0131n kapitalizme g\u00f6m\u00fcl\u00fc \u00e7evresel krizi ger\u00e7ekten g\u00f6rd\u00fc\u011f\u00fcn\u00fc iddia eden John Bellamy Foster ve Paul Burkett gibi bilim adamlar\u0131n\u0131n \u00e7al\u0131\u015fmalar\u0131n\u0131 devam ettiriyor. Saito, &#8220;E\u011fer biri Marx\u2019\u0131n ekolojik boyutunu g\u00f6z ard\u0131 ederse, onun ekonomi politi\u011fe y\u00f6nelik ele\u015ftirisinin t\u00fcm\u00fcn\u00fc kavramas\u0131 m\u00fcmk\u00fcn de\u011fildir.&#8221; diyor. Marx\u2019\u0131n ekoloji hakk\u0131ndaki notlar\u0131yla, mevcut tart\u0131\u015fmaya yeni ve g\u00fc\u00e7l\u00fc kaynaklar sunuyor. Modern kapitalizmin ekolojik ve ekonomik krizine Marx\u2019\u0131 yeniden yorumlayarak yan\u0131t ar\u0131yor. \u2014 Kevin B. Anderson, Marx S\u0131n\u0131rlarda\u2019n\u0131n yazar\u0131 Bu m\u00fckemmel kitap, Marx\u2019\u0131n teorik laboratuvar\u0131ndaki entelekt\u00fcel deneyleri ke\u015ffetmenin potansiyel k\u0131sa yollar\u0131n\u0131 sunuyor; 40 y\u0131ld\u0131r s\u00fcregelen \u00e7al\u0131\u015fmas\u0131n\u0131n ekolojik g\u00f6r\u00fcn\u00fcm\u00fcne bak\u0131\u015f a\u00e7\u0131m\u0131z\u0131 geni\u015fletiyor ve Marx\u2019\u0131n ekososyalist okumalar\u0131na yerinde ele\u015ftiriler getiriyor. T\u0131pk\u0131 Marx\u2019\u0131n Kapital\u2019i gibi, bu kitap da sadece okunmamal\u0131, \u00fczerine \u00e7al\u0131\u015f\u0131lmal\u0131d\u0131r. \u2014 Bob Jessop, The State: Past, Present, Future\u2019\u0131n yazar\u0131 Saito, Marx\u2019\u0131n notlar\u0131n\u0131 derinlemesine inceleyen ve Marx\u2019\u0131n ara\u015ft\u0131rma s\u00fcrecini ele alan ilk ara\u015ft\u0131rmac\u0131. Yaln\u0131zca Marx\u2019\u0131n notlar\u0131n\u0131 ve kitaplar\u0131n\u0131 incelemekle kalm\u0131yor, ayn\u0131 zamanda Marx\u2019\u0131n at\u0131fta bulundu\u011fu kaynaklar\u0131 da masaya yat\u0131r\u0131yor. Saito, Marx\u2019\u0131n tamamlayamad\u0131\u011f\u0131 kitab\u0131 \u201cPolitik Ekonomi Ele\u015ftirisi\u201d ile ba\u011flant\u0131l\u0131 olan ekolojik sorunlar\u0131n derinli\u011fini heyecanl\u0131 bir macera olarak sunuyor. <\/p>\n","protected":false},"excerpt":{"rendered":"<p>Ele\u015ftirmenlere g\u00f6re Marx, maddi ihtiyac\u0131 sona erdirmek ve yeni bir doyum ve bolluk d\u00fcnyas\u0131 yaratmak i\u00e7in insanlar\u0131n do\u011fal d\u00fcnyaya h\u00fckmetmesi gereklili\u011fine dair i\u00e7sel bir inanca sahipti.<span class=\"excerpt-hellip\"> [\u2026]<\/span><\/p>\n","protected":false},"featured_media":0,"template":"","meta":{"_monsterinsights_skip_tracking":false,"_monsterinsights_sitenote_active":false,"_monsterinsights_sitenote_note":"","_monsterinsights_sitenote_category":0},"product_brand":[],"product_cat":[12389,12388],"product_tag":[],"class_list":{"0":"post-726967","1":"product","2":"type-product","3":"status-publish","5":"product_cat-diger-felsefe","6":"product_cat-felsefe","7":"pa_cilt-ciltsiz","8":"pa_tur-kitap","9":"pa_yayinevi-efil-yayinevi","10":"pa_yazar-kohei-saito","12":"first","13":"instock","14":"sale","15":"shipping-taxable","16":"purchasable","17":"product-type-simple"},"_links":{"self":[{"href":"https:\/\/roveyayinevi.com.tr\/index.php\/wp-json\/wp\/v2\/product\/726967","targetHints":{"allow":["GET"]}}],"collection":[{"href":"https:\/\/roveyayinevi.com.tr\/index.php\/wp-json\/wp\/v2\/product"}],"about":[{"href":"https:\/\/roveyayinevi.com.tr\/index.php\/wp-json\/wp\/v2\/types\/product"}],"wp:attachment":[{"href":"https:\/\/roveyayinevi.com.tr\/index.php\/wp-json\/wp\/v2\/media?parent=726967"}],"wp:term":[{"taxonomy":"product_brand","embeddable":true,"href":"https:\/\/roveyayinevi.com.tr\/index.php\/wp-json\/wp\/v2\/product_brand?post=726967"},{"taxonomy":"product_cat","embeddable":true,"href":"https:\/\/roveyayinevi.com.tr\/index.php\/wp-json\/wp\/v2\/product_cat?post=726967"},{"taxonomy":"product_tag","embeddable":true,"href":"https:\/\/roveyayinevi.com.tr\/index.php\/wp-json\/wp\/v2\/product_tag?post=726967"}],"curies":[{"name":"wp","href":"https:\/\/api.w.org\/{rel}","templated":true}]}}