{"id":726964,"date":"2025-08-27T20:14:39","date_gmt":"2025-08-27T17:14:39","guid":{"rendered":"https:\/\/roveyayinevi.com.tr\/index.php\/urun\/yarali-kus-petek-ile-paytak-1\/"},"modified":"2026-04-16T02:34:49","modified_gmt":"2026-04-15T23:34:49","slug":"yarali-kus-petek-ile-paytak-1","status":"publish","type":"product","link":"https:\/\/roveyayinevi.com.tr\/index.php\/urun\/yarali-kus-petek-ile-paytak-1\/","title":{"rendered":"Yaral\u0131 Ku\u015f &#8211; Petek ile Paytak 1"},"content":{"rendered":"<p>Petek, bir gece mutfaktan gelen \u015fang\u0131r! sesiyle uyand\u0131. Yoksa evde bir canavar m\u0131 vard\u0131? Hay\u0131r! Uzaydan dev bir \u00f6r\u00fcmcek mi gelmi\u015fti? Hay\u0131r! Sadece kanad\u0131 yaralanm\u0131\u015f bir yavru deniz papa\u011fan\u0131 d\u00fc\u015fm\u00fc\u015ft\u00fc.  Petek, Paytak\u2019\u0131 iyile\u015ftirdi ve onu \u00e7ok sevdi. Fakat Petek\u2019in, yeni arkada\u015f\u0131na veda etmesi gerekecekti. Peki, Paytak\u2019\u0131 bir daha g\u00f6rebilecek miydi?Bu kitapta ayr\u0131ca lezzetli yiyecek tarifleri, e\u011flenceli bilmeceler ve etkinlikler bulabilirsin.<\/p>\n","protected":false},"excerpt":{"rendered":"<p>Petek, bir gece mutfaktan gelen \u015fang\u0131r! sesiyle uyand\u0131. Yoksa evde bir canavar m\u0131 vard\u0131? Hay\u0131r! Uzaydan dev bir \u00f6r\u00fcmcek mi gelmi\u015fti? Hay\u0131r! Sadece kanad\u0131 yaralanm\u0131\u015f bir<span class=\"excerpt-hellip\"> [\u2026]<\/span><\/p>\n","protected":false},"featured_media":0,"template":"","meta":{"_monsterinsights_skip_tracking":false,"_monsterinsights_sitenote_active":false,"_monsterinsights_sitenote_note":"","_monsterinsights_sitenote_category":0},"product_brand":[],"product_cat":[12275,12274],"product_tag":[],"class_list":{"0":"post-726964","1":"product","2":"type-product","3":"status-publish","5":"product_cat-6-12-yas-kitaplari","6":"product_cat-cocuk-ve-genclik-kitaplari","7":"pa_cilt-ciltsiz","8":"pa_tur-kitap","9":"pa_yayinevi-beyaz-balina-yayinlari","10":"pa_yazar-jenny-colgan","12":"first","13":"instock","14":"sale","15":"shipping-taxable","16":"purchasable","17":"product-type-simple"},"_links":{"self":[{"href":"https:\/\/roveyayinevi.com.tr\/index.php\/wp-json\/wp\/v2\/product\/726964","targetHints":{"allow":["GET"]}}],"collection":[{"href":"https:\/\/roveyayinevi.com.tr\/index.php\/wp-json\/wp\/v2\/product"}],"about":[{"href":"https:\/\/roveyayinevi.com.tr\/index.php\/wp-json\/wp\/v2\/types\/product"}],"wp:attachment":[{"href":"https:\/\/roveyayinevi.com.tr\/index.php\/wp-json\/wp\/v2\/media?parent=726964"}],"wp:term":[{"taxonomy":"product_brand","embeddable":true,"href":"https:\/\/roveyayinevi.com.tr\/index.php\/wp-json\/wp\/v2\/product_brand?post=726964"},{"taxonomy":"product_cat","embeddable":true,"href":"https:\/\/roveyayinevi.com.tr\/index.php\/wp-json\/wp\/v2\/product_cat?post=726964"},{"taxonomy":"product_tag","embeddable":true,"href":"https:\/\/roveyayinevi.com.tr\/index.php\/wp-json\/wp\/v2\/product_tag?post=726964"}],"curies":[{"name":"wp","href":"https:\/\/api.w.org\/{rel}","templated":true}]}}