{"id":726963,"date":"2025-08-27T20:14:38","date_gmt":"2025-08-27T17:14:38","guid":{"rendered":"https:\/\/roveyayinevi.com.tr\/index.php\/urun\/firtinali-bir-gun-petek-ile-paytak-2\/"},"modified":"2026-04-16T02:34:49","modified_gmt":"2026-04-15T23:34:49","slug":"firtinali-bir-gun-petek-ile-paytak-2","status":"publish","type":"product","link":"https:\/\/roveyayinevi.com.tr\/index.php\/urun\/firtinali-bir-gun-petek-ile-paytak-2\/","title":{"rendered":"F\u0131rt\u0131nal\u0131 Bir G\u00fcn &#8211; Petek ile Paytak 2"},"content":{"rendered":"<p>Petek i\u00e7in \u00e7ok \u00f6zel bir g\u00fcnd\u00fc \u00e7\u00fcnk\u00fc bal\u0131k\u00e7\u0131 olan babas\u0131n\u0131n denizden d\u00f6nmesini bekliyordu. Fakat bir anda g\u00f6ky\u00fcz\u00fcnde kara bulutlar topland\u0131.Ya\u011fmur damlalar\u0131 Pat! Pat! d\u00fc\u015fmeye ba\u015flad\u0131lar. O s\u0131rada Paytak da u\u00e7up bulutlar\u0131n i\u00e7ine girmesin mi! D\u0131\u015far\u0131da f\u0131rt\u0131na \u00e7\u0131k\u0131nca Petek i\u00e7in babas\u0131n\u0131n ve Paytak\u2019\u0131n d\u00f6nmelerini beklemek iyice zorla\u015ft\u0131\u2026Bu kitapta ayr\u0131ca, e\u011flenceli bilgiler, tekerlemeler, lezzetli yiyecek tarifleri ve etkinlikler bulabilirsin.<\/p>\n","protected":false},"excerpt":{"rendered":"<p>Petek i\u00e7in \u00e7ok \u00f6zel bir g\u00fcnd\u00fc \u00e7\u00fcnk\u00fc bal\u0131k\u00e7\u0131 olan babas\u0131n\u0131n denizden d\u00f6nmesini bekliyordu. Fakat bir anda g\u00f6ky\u00fcz\u00fcnde kara bulutlar topland\u0131.Ya\u011fmur damlalar\u0131 Pat! Pat! d\u00fc\u015fmeye ba\u015flad\u0131lar. O<span class=\"excerpt-hellip\"> [\u2026]<\/span><\/p>\n","protected":false},"featured_media":0,"template":"","meta":{"_monsterinsights_skip_tracking":false,"_monsterinsights_sitenote_active":false,"_monsterinsights_sitenote_note":"","_monsterinsights_sitenote_category":0},"product_brand":[],"product_cat":[12275,12274],"product_tag":[],"class_list":{"0":"post-726963","1":"product","2":"type-product","3":"status-publish","5":"product_cat-6-12-yas-kitaplari","6":"product_cat-cocuk-ve-genclik-kitaplari","7":"pa_cilt-ciltsiz","8":"pa_tur-kitap","9":"pa_yayinevi-beyaz-balina-yayinlari","10":"pa_yazar-jenny-colgan","12":"first","13":"instock","14":"sale","15":"shipping-taxable","16":"purchasable","17":"product-type-simple"},"_links":{"self":[{"href":"https:\/\/roveyayinevi.com.tr\/index.php\/wp-json\/wp\/v2\/product\/726963","targetHints":{"allow":["GET"]}}],"collection":[{"href":"https:\/\/roveyayinevi.com.tr\/index.php\/wp-json\/wp\/v2\/product"}],"about":[{"href":"https:\/\/roveyayinevi.com.tr\/index.php\/wp-json\/wp\/v2\/types\/product"}],"wp:attachment":[{"href":"https:\/\/roveyayinevi.com.tr\/index.php\/wp-json\/wp\/v2\/media?parent=726963"}],"wp:term":[{"taxonomy":"product_brand","embeddable":true,"href":"https:\/\/roveyayinevi.com.tr\/index.php\/wp-json\/wp\/v2\/product_brand?post=726963"},{"taxonomy":"product_cat","embeddable":true,"href":"https:\/\/roveyayinevi.com.tr\/index.php\/wp-json\/wp\/v2\/product_cat?post=726963"},{"taxonomy":"product_tag","embeddable":true,"href":"https:\/\/roveyayinevi.com.tr\/index.php\/wp-json\/wp\/v2\/product_tag?post=726963"}],"curies":[{"name":"wp","href":"https:\/\/api.w.org\/{rel}","templated":true}]}}