{"id":726962,"date":"2025-08-27T20:14:37","date_gmt":"2025-08-27T17:14:37","guid":{"rendered":"https:\/\/roveyayinevi.com.tr\/index.php\/urun\/yeni-arkadas-petek-ile-paytak-3\/"},"modified":"2026-04-16T02:34:49","modified_gmt":"2026-04-15T23:34:49","slug":"yeni-arkadas-petek-ile-paytak-3","status":"publish","type":"product","link":"https:\/\/roveyayinevi.com.tr\/index.php\/urun\/yeni-arkadas-petek-ile-paytak-3\/","title":{"rendered":"Yeni Arkada\u015f &#8211; Petek ile Paytak 3"},"content":{"rendered":"<p>Petek\u2019in \u201cB\u00fcy\u00fck Okul\u201d dedi\u011fi yere gitme zaman\u0131 gelmi\u015fti. Bu ger\u00e7ekten e\u011flenceli olabilirdi ama okulda oldu\u011fu saatlerde Petek\u2019in, Paytak\u2019tan ayr\u0131 kalmas\u0131 gerekiyordu. \u00d6\u011fretmeni onu yeni bir arkada\u015fla tan\u0131\u015ft\u0131rd\u0131\u011f\u0131nda hi\u00e7bir \u015fey planland\u0131\u011f\u0131 gibi gitmedi. Petek Mehtap\u2019a bakt\u0131. Mehtap Petek\u2019e bakt\u0131. Arkada\u015f olmak hi\u00e7 kolay de\u011fildi\u2026Bu kitapta, nefis yiyecek tarifleri, ilgin\u00e7 bilgiler ve etkinlikler de bulabilirsin.<\/p>\n","protected":false},"excerpt":{"rendered":"<p>Petek\u2019in \u201cB\u00fcy\u00fck Okul\u201d dedi\u011fi yere gitme zaman\u0131 gelmi\u015fti. Bu ger\u00e7ekten e\u011flenceli olabilirdi ama okulda oldu\u011fu saatlerde Petek\u2019in, Paytak\u2019tan ayr\u0131 kalmas\u0131 gerekiyordu. \u00d6\u011fretmeni onu yeni bir arkada\u015fla<span class=\"excerpt-hellip\"> [\u2026]<\/span><\/p>\n","protected":false},"featured_media":0,"template":"","meta":{"_monsterinsights_skip_tracking":false,"_monsterinsights_sitenote_active":false,"_monsterinsights_sitenote_note":"","_monsterinsights_sitenote_category":0},"product_brand":[],"product_cat":[12275,12274],"product_tag":[],"class_list":{"0":"post-726962","1":"product","2":"type-product","3":"status-publish","5":"product_cat-6-12-yas-kitaplari","6":"product_cat-cocuk-ve-genclik-kitaplari","7":"pa_cilt-ciltsiz","8":"pa_tur-kitap","9":"pa_yayinevi-beyaz-balina-yayinlari","10":"pa_yazar-jenny-colgan","12":"first","13":"instock","14":"sale","15":"shipping-taxable","16":"purchasable","17":"product-type-simple"},"_links":{"self":[{"href":"https:\/\/roveyayinevi.com.tr\/index.php\/wp-json\/wp\/v2\/product\/726962","targetHints":{"allow":["GET"]}}],"collection":[{"href":"https:\/\/roveyayinevi.com.tr\/index.php\/wp-json\/wp\/v2\/product"}],"about":[{"href":"https:\/\/roveyayinevi.com.tr\/index.php\/wp-json\/wp\/v2\/types\/product"}],"wp:attachment":[{"href":"https:\/\/roveyayinevi.com.tr\/index.php\/wp-json\/wp\/v2\/media?parent=726962"}],"wp:term":[{"taxonomy":"product_brand","embeddable":true,"href":"https:\/\/roveyayinevi.com.tr\/index.php\/wp-json\/wp\/v2\/product_brand?post=726962"},{"taxonomy":"product_cat","embeddable":true,"href":"https:\/\/roveyayinevi.com.tr\/index.php\/wp-json\/wp\/v2\/product_cat?post=726962"},{"taxonomy":"product_tag","embeddable":true,"href":"https:\/\/roveyayinevi.com.tr\/index.php\/wp-json\/wp\/v2\/product_tag?post=726962"}],"curies":[{"name":"wp","href":"https:\/\/api.w.org\/{rel}","templated":true}]}}