{"id":726961,"date":"2025-08-27T20:14:36","date_gmt":"2025-08-27T17:14:36","guid":{"rendered":"https:\/\/roveyayinevi.com.tr\/index.php\/urun\/dogu-bati-dusunce-dergisi-yil-23-sayi-94-agustos-eylul-ekim-2020\/"},"modified":"2026-04-16T02:34:49","modified_gmt":"2026-04-15T23:34:49","slug":"dogu-bati-dusunce-dergisi-yil-23-sayi-94-agustos-eylul-ekim-2020","status":"publish","type":"product","link":"https:\/\/roveyayinevi.com.tr\/index.php\/urun\/dogu-bati-dusunce-dergisi-yil-23-sayi-94-agustos-eylul-ekim-2020\/","title":{"rendered":"Do\u011fu Bat\u0131 D\u00fc\u015f\u00fcnce Dergisi Y\u0131l: 23 \/ Say\u0131: 94 A\u011fustos, Eyl\u00fcl, Ekim 2020"},"content":{"rendered":"<p>Do\u011fu Bat\u0131  D\u00fc\u015f\u00fcnce Dergisi 94. Say\u0131Deizm<\/p>\n","protected":false},"excerpt":{"rendered":"<p>Do\u011fu Bat\u0131 D\u00fc\u015f\u00fcnce Dergisi 94. Say\u0131Deizm<\/p>\n","protected":false},"featured_media":0,"template":"","meta":{"_monsterinsights_skip_tracking":false,"_monsterinsights_sitenote_active":false,"_monsterinsights_sitenote_note":"","_monsterinsights_sitenote_category":0},"product_brand":[],"product_cat":[13527],"product_tag":[],"class_list":{"0":"post-726961","1":"product","2":"type-product","3":"status-publish","5":"product_cat-sureli-yayinlar","6":"pa_cilt-ciltsiz","7":"pa_tur-dergi","8":"pa_yayinevi-dogu-bati-dergileri","9":"pa_yazar-dogu-bati-kolektif","11":"first","12":"instock","13":"sale","14":"shipping-taxable","15":"purchasable","16":"product-type-simple"},"_links":{"self":[{"href":"https:\/\/roveyayinevi.com.tr\/index.php\/wp-json\/wp\/v2\/product\/726961","targetHints":{"allow":["GET"]}}],"collection":[{"href":"https:\/\/roveyayinevi.com.tr\/index.php\/wp-json\/wp\/v2\/product"}],"about":[{"href":"https:\/\/roveyayinevi.com.tr\/index.php\/wp-json\/wp\/v2\/types\/product"}],"wp:attachment":[{"href":"https:\/\/roveyayinevi.com.tr\/index.php\/wp-json\/wp\/v2\/media?parent=726961"}],"wp:term":[{"taxonomy":"product_brand","embeddable":true,"href":"https:\/\/roveyayinevi.com.tr\/index.php\/wp-json\/wp\/v2\/product_brand?post=726961"},{"taxonomy":"product_cat","embeddable":true,"href":"https:\/\/roveyayinevi.com.tr\/index.php\/wp-json\/wp\/v2\/product_cat?post=726961"},{"taxonomy":"product_tag","embeddable":true,"href":"https:\/\/roveyayinevi.com.tr\/index.php\/wp-json\/wp\/v2\/product_tag?post=726961"}],"curies":[{"name":"wp","href":"https:\/\/api.w.org\/{rel}","templated":true}]}}