{"id":726959,"date":"2025-08-27T20:14:35","date_gmt":"2025-08-27T17:14:35","guid":{"rendered":"https:\/\/roveyayinevi.com.tr\/index.php\/urun\/sosyal-bilgiler-ogretiminde-teknolojinin-kullanimi\/"},"modified":"2026-04-16T02:34:49","modified_gmt":"2026-04-15T23:34:49","slug":"sosyal-bilgiler-ogretiminde-teknolojinin-kullanimi","status":"publish","type":"product","link":"https:\/\/roveyayinevi.com.tr\/index.php\/urun\/sosyal-bilgiler-ogretiminde-teknolojinin-kullanimi\/","title":{"rendered":"Sosyal Bilgiler \u00d6\u011fretiminde Teknolojinin Kullan\u0131m\u0131"},"content":{"rendered":"<p>Bilginin h\u0131zl\u0131 bir \u015fekilde dola\u015f\u0131ma sokuldu\u011fu ve t\u00fcketildi\u011fi bir \u00e7a\u011fda ya\u015f\u0131yoruz. Teknoloji kullan\u0131m\u0131 ile birlikte \u201cbilginin veriye d\u00f6n\u00fc\u015ft\u00fc\u011f\u00fc\u201d bug\u00fcn, e\u011fitim de kabuk de\u011fi\u015ftiriyor. Teknolojik geli\u015fmi\u015flik d\u00fczeyi ve dijitalle\u015fme e\u011fitim s\u00fcrecine sirayet ediyor. \u00d6yle ki g\u00fcn\u00fcm\u00fczde art\u0131k e\u011fitimde teknoloji kullan\u0131m\u0131 olmazsa olmaz. D\u00fcnyay\u0131 sarsan pandeminin neden oldu\u011fu zorlu ko\u015fullarda e\u011fitimde teknoloji ve dijitalle\u015fmenin de\u011feri bir kez daha ortaya \u00e7\u0131kt\u0131. CO*VID 19 felaketi hem okullar\u0131m\u0131z\u0131n hem de \u00f6\u011fretmenlerimizin dijital okuryazarl\u0131\u011f\u0131n\u0131n ne kadar geli\u015fkin oldu\u011funu sorgulamam\u0131za yol a\u00e7t\u0131. Uzaktan e\u011fitim \u201cyeni normalimiz\u201d haline geldi. Elbette e\u011fitimin her alan\u0131n\u0131n h\u0131zla geli\u015fti\u011fi bir d\u00f6nemde \u00e7ocuklar\u0131n bili\u015fsel zek\u00e2s\u0131n\u0131 geli\u015ftirmeye odaklanan sosyal bilimlerin bu vaziyete kay\u0131ts\u0131z kalmas\u0131 beklenemez. Dr. Yakup Ayayd\u0131n\u2019\u0131n edit\u00f6rl\u00fc\u011f\u00fcnde haz\u0131rlanan \u201cSosyal Bilgiler \u00d6\u011fretiminde Teknolojinin Kullan\u0131m\u0131 Uzaktan E\u011fitim \u0130\u00e7in Alternatifler\u201d, 21. Y\u00fczy\u0131lda \u00e7ocuklar\u0131n becerilerini dijitalle\u015ftirme yolunda e\u011fitimcilere \u00f6nemli ipu\u00e7lar\u0131 veriyor. Birbirinden de\u011ferli e\u011fitimcinin katk\u0131 sundu\u011fu bu kitap, k\u0131sa filmden teknoloji destekli zihin haritalar\u0131na, sanal ger\u00e7eklikten sosyal medya okuryazarl\u0131\u011f\u0131na de\u011fin \u00e7a\u011f\u0131m\u0131z\u0131n \u00f6nemli kavram ve ara\u00e7lar\u0131n\u0131 e\u011fitim s\u00fcre\u00e7lerine entegre etmeyi ama\u00e7l\u0131yor. B\u00f6ylelikle okurlar\u0131n uzaktan e\u011fitime alternatifler olu\u015fturmas\u0131na yard\u0131mc\u0131 oluyor. <\/p>\n","protected":false},"excerpt":{"rendered":"<p>Bilginin h\u0131zl\u0131 bir \u015fekilde dola\u015f\u0131ma sokuldu\u011fu ve t\u00fcketildi\u011fi bir \u00e7a\u011fda ya\u015f\u0131yoruz. Teknoloji kullan\u0131m\u0131 ile birlikte \u201cbilginin veriye d\u00f6n\u00fc\u015ft\u00fc\u011f\u00fc\u201d bug\u00fcn, e\u011fitim de kabuk de\u011fi\u015ftiriyor. Teknolojik geli\u015fmi\u015flik d\u00fczeyi<span class=\"excerpt-hellip\"> [\u2026]<\/span><\/p>\n","protected":false},"featured_media":0,"template":"","meta":{"_monsterinsights_skip_tracking":false,"_monsterinsights_sitenote_active":false,"_monsterinsights_sitenote_note":"","_monsterinsights_sitenote_category":0},"product_brand":[],"product_cat":[13005,37328],"product_tag":[],"class_list":{"0":"post-726959","1":"product","2":"type-product","3":"status-publish","5":"product_cat-bilim-muhendislik","6":"product_cat-diger-bilim-muhendislik","7":"pa_cilt-ciltsiz","8":"pa_tur-kitap","9":"pa_yayinevi-yeni-insan-yayinlari","10":"pa_yazar-yeni-insan-kolektif","12":"first","13":"instock","14":"sale","15":"shipping-taxable","16":"purchasable","17":"product-type-simple"},"_links":{"self":[{"href":"https:\/\/roveyayinevi.com.tr\/index.php\/wp-json\/wp\/v2\/product\/726959","targetHints":{"allow":["GET"]}}],"collection":[{"href":"https:\/\/roveyayinevi.com.tr\/index.php\/wp-json\/wp\/v2\/product"}],"about":[{"href":"https:\/\/roveyayinevi.com.tr\/index.php\/wp-json\/wp\/v2\/types\/product"}],"wp:attachment":[{"href":"https:\/\/roveyayinevi.com.tr\/index.php\/wp-json\/wp\/v2\/media?parent=726959"}],"wp:term":[{"taxonomy":"product_brand","embeddable":true,"href":"https:\/\/roveyayinevi.com.tr\/index.php\/wp-json\/wp\/v2\/product_brand?post=726959"},{"taxonomy":"product_cat","embeddable":true,"href":"https:\/\/roveyayinevi.com.tr\/index.php\/wp-json\/wp\/v2\/product_cat?post=726959"},{"taxonomy":"product_tag","embeddable":true,"href":"https:\/\/roveyayinevi.com.tr\/index.php\/wp-json\/wp\/v2\/product_tag?post=726959"}],"curies":[{"name":"wp","href":"https:\/\/api.w.org\/{rel}","templated":true}]}}