{"id":726958,"date":"2025-08-27T20:14:34","date_gmt":"2025-08-27T17:14:34","guid":{"rendered":"https:\/\/roveyayinevi.com.tr\/index.php\/urun\/huzur-atlasi\/"},"modified":"2026-04-11T13:53:37","modified_gmt":"2026-04-11T10:53:37","slug":"huzur-atlasi","status":"publish","type":"product","link":"https:\/\/roveyayinevi.com.tr\/index.php\/urun\/huzur-atlasi\/","title":{"rendered":"Huzur Atlas\u0131"},"content":{"rendered":"<p>Huzur Atlas\u0131, T\u00fcrk edebiyat\u0131 i\u00e7in son derece de\u011ferli olan Huzur roman\u0131n\u0131n sadece edebiyat terimlerini de\u011fil romandaki kahramanlar\u0131n boyutlar\u0131n\u0131, e\u015fya ve nesnelerin anlat\u0131ya katk\u0131lar\u0131n\u0131; k\u00fclt\u00fcr, sanat, ekonomi, siyaset, tarih, sosyoloji, psikoloji, felsefe, resim ve g\u00f6rsel sanatlar\u0131 ilgilendiren kavram, konu, g\u00f6nderme, tema, eser, ki\u015fi ve tart\u0131\u015fmalar\u0131 da ku\u015fatan y\u00f6n\u00fcyle farkl\u0131, ilgin\u00e7, \u00e7ok cepheli bir inceleme ve yeni bir okuma k\u0131lavuzu&#8230; Turgay Anar\u2019\u0131n yo\u011fun bir emekle tamamlad\u0131\u011f\u0131 elinizdeki eser, Huzur gibi derin anlamlar i\u00e7eren bir edeb\u00ee metne d\u00f6rt y\u00fczden fazla madde ile ayna tutarak onun karanl\u0131kta kalm\u0131\u015f yanlar\u0131n\u0131 ayd\u0131nlat\u0131yor. Anar, eserin \u0131\u015f\u0131lt\u0131l\u0131 y\u00f6nlerini g\u00f6sterirken di\u011fer yandan da kapal\u0131 alanlar\u0131 \u00fczerinde zihni hareketlendirecek noktalar buluyor ve Huzur gibi zengin g\u00f6ndermeler bar\u0131nd\u0131ran bir roman\u0131 \u00e7e\u015fitli anlam ve yorum prizmalar\u0131ndan ge\u00e7irerek derin ba\u011flant\u0131lar\u0131n\u0131 irdeliyor. Huzur, hareket h\u00e2linde olan bir y\u0131ld\u0131z k\u00fcmesinin ard\u0131nda b\u0131rakt\u0131\u011f\u0131 p\u0131r\u0131lt\u0131lar gibi ya da anlam halelerini pe\u015finden s\u00fcr\u00fckleyen bir Samanyolu gibi ba\u015fka y\u0131ld\u0131zlar\u0131 da g\u00fczerg\u00e2h\u0131na \u00e7eken bir metin\u2026 T\u00fcrk edebiyat\u0131nda ba\u015fka bir \u00f6rne\u011fi bulunmayan Huzur Atlas\u0131, bu g\u00fczerg\u00e2h\u0131 \u00e7ok y\u00f6nl\u00fc anlama \u00e7al\u0131\u015fmas\u0131d\u0131r. <\/p>\n","protected":false},"excerpt":{"rendered":"<p>Huzur Atlas\u0131, T\u00fcrk edebiyat\u0131 i\u00e7in son derece de\u011ferli olan Huzur roman\u0131n\u0131n sadece edebiyat terimlerini de\u011fil romandaki kahramanlar\u0131n boyutlar\u0131n\u0131, e\u015fya ve nesnelerin anlat\u0131ya katk\u0131lar\u0131n\u0131; k\u00fclt\u00fcr, sanat, ekonomi,<span class=\"excerpt-hellip\"> [\u2026]<\/span><\/p>\n","protected":false},"featured_media":0,"template":"","meta":{"_monsterinsights_skip_tracking":false,"_monsterinsights_sitenote_active":false,"_monsterinsights_sitenote_note":"","_monsterinsights_sitenote_category":0},"product_brand":[],"product_cat":[12291,12711],"product_tag":[],"class_list":{"0":"post-726958","1":"product","2":"type-product","3":"status-publish","5":"product_cat-edebiyat","6":"product_cat-roman-oyku","7":"pa_cilt-ciltsiz","8":"pa_tur-kitap","9":"pa_yayinevi-kapi-yayinlari","10":"pa_yazar-turgay-anar","12":"first","13":"instock","14":"sale","15":"shipping-taxable","16":"purchasable","17":"product-type-simple"},"_links":{"self":[{"href":"https:\/\/roveyayinevi.com.tr\/index.php\/wp-json\/wp\/v2\/product\/726958","targetHints":{"allow":["GET"]}}],"collection":[{"href":"https:\/\/roveyayinevi.com.tr\/index.php\/wp-json\/wp\/v2\/product"}],"about":[{"href":"https:\/\/roveyayinevi.com.tr\/index.php\/wp-json\/wp\/v2\/types\/product"}],"wp:attachment":[{"href":"https:\/\/roveyayinevi.com.tr\/index.php\/wp-json\/wp\/v2\/media?parent=726958"}],"wp:term":[{"taxonomy":"product_brand","embeddable":true,"href":"https:\/\/roveyayinevi.com.tr\/index.php\/wp-json\/wp\/v2\/product_brand?post=726958"},{"taxonomy":"product_cat","embeddable":true,"href":"https:\/\/roveyayinevi.com.tr\/index.php\/wp-json\/wp\/v2\/product_cat?post=726958"},{"taxonomy":"product_tag","embeddable":true,"href":"https:\/\/roveyayinevi.com.tr\/index.php\/wp-json\/wp\/v2\/product_tag?post=726958"}],"curies":[{"name":"wp","href":"https:\/\/api.w.org\/{rel}","templated":true}]}}