{"id":726957,"date":"2025-08-27T20:14:33","date_gmt":"2025-08-27T17:14:33","guid":{"rendered":"https:\/\/roveyayinevi.com.tr\/index.php\/urun\/dede-korkut-kitabi-uzerine-arastirmalar-ve-incelemeler\/"},"modified":"2026-04-16T02:34:49","modified_gmt":"2026-04-15T23:34:49","slug":"dede-korkut-kitabi-uzerine-arastirmalar-ve-incelemeler","status":"publish","type":"product","link":"https:\/\/roveyayinevi.com.tr\/index.php\/urun\/dede-korkut-kitabi-uzerine-arastirmalar-ve-incelemeler\/","title":{"rendered":"Dede Korkut Kitab\u0131 \u00dczerine Ara\u015ft\u0131rmalar Ve \u0130ncelemeler"},"content":{"rendered":"<p>Dede Korkut Kitab\u0131 \u00dczerine Ara\u015ft\u0131rmalar ve \u0130ncelemeler adl\u0131 bu kitapta 25 yaz\u0131 bulunmaktad\u0131r. Ara\u015ft\u0131rma ve inceleme yaz\u0131lar\u0131n\u0131n birincisi ve ikincisi Vatikan ile Dresden yazmalar\u0131n\u0131n Dede Korkut metni d\u0131\u015f\u0131nda bulunan T\u00fcrk\u00e7e, Arap\u00e7a, Fars\u00e7a ve Latince kay\u0131tlar\u0131n\u0131n i\u015flendi\u011fi, bu iki yazman\u0131n bug\u00fcne kadar kimlerin m\u00fclkiyetinde bulundu\u011fu konular\u0131n\u0131 a\u00e7\u0131klayan yaz\u0131lard\u0131r. \u0130kinci grupta Sovyet-T\u00fcrk \/ T\u00fcrk-Sovyet ikili Dede Korkut Kolokyumlar\u0131n\u0131n \u201ca\u00e7\u0131l\u0131\u015f\u201d ile \u201ckapan\u0131\u015f\u201d konu\u015fmalar\u0131 ve ilk iki kolokyumun yay\u0131mlanan bildirilerinin \u201csunu\u015f\u201d yaz\u0131lar\u0131 (4., 5., 7., 8., 9. ve 17. yaz\u0131lar) yer almaktad\u0131r. \u00dc\u00e7\u00fcnc\u00fc grupta Dede Korkut Kitab\u0131\u2019n\u0131n manzum par\u00e7alar\u0131 olan soylamalar ile ilgili ara\u015ft\u0131rmalar (3., 6. ve 24. yaz\u0131lar) yer almaktad\u0131r. \u00d6zellikle 24 numaradaki \u201cbir soylaman\u0131n analizi\u201d ba\u015fl\u0131kl\u0131 hacimli b\u00f6l\u00fcm\u00fcn bu konudaki b\u00fct\u00fcn yaz\u0131lar ile g\u00f6r\u00fc\u015fleri ihtiva etmesinin gen\u00e7 meslekta\u015flar\u0131ma bir metnin \u00e7\u00f6z\u00fcm\u00fc konusunda yol g\u00f6sterece\u011fini ve ufuklar\u0131n\u0131 a\u00e7aca\u011f\u0131n\u0131 umuyorum. D\u00f6rd\u00fcnc\u00fc grupta Dresden yazmas\u0131ndaki m\u00fcstensih hatalar\u0131n\u0131n d\u00fczeltilmesi ve Dede Korkut Kitab\u0131\u2019n\u0131n O. \u015e. G\u00f6kyay ile M. Ergin ithaflar\u0131yla ilgili a\u00e7\u0131klamalar ve ara\u015ft\u0131rmalar (10. ve 21. yaz\u0131lar); Be\u015finci grupta Dede Korkut Kitab\u0131\u2019nda ge\u00e7en askerlikle ilgili Mo\u011folca kelimeler (15. ve 16. yaz\u0131lar); Alt\u0131nc\u0131 grupta \u201ctar\u0131kl\u0131\u011f\u0131 bo\u015falmak\u201d ile \u201cbir yetmen\u201d ibarelerinin \u00e7\u00f6z\u00fcm\u00fc (12. ve 19. yaz\u0131lar); Yedinci grupta Basat okunan kelimenin Busat \u015feklinde okunmas\u0131 gerekti\u011fi, Hoten Sakacas\u0131, Touba, Ruan Ruan, Tuy\u00fchun gibi topluluklarda ve daha sonra da G\u00f6kt\u00fcrk ve Uygur harfli metinlerde Begrek \u015feklinde, Arap harfli Dede Korkut metninde de Beyrek \u015feklinde ge\u00e7en ki\u015fi ad\u0131 ile, Dem\u00fcr G\u00fcci ve K\u0131yan G\u00fcci ile Derse (Han) ki\u015fi isimlerinin analizlerinin yap\u0131ld\u0131\u011f\u0131 (14., 20., 22. ve 23. yaz\u0131lar) yer almaktad\u0131r. Bu \u00e7al\u0131\u015fmalar ile Dede Korkut Kitab\u0131 \u00fczerinde yap\u0131lan ara\u015ft\u0131rmalara ve incelemelere derinlik getirdi\u011fimi umuyorum. <\/p>\n","protected":false},"excerpt":{"rendered":"<p>Dede Korkut Kitab\u0131 \u00dczerine Ara\u015ft\u0131rmalar ve \u0130ncelemeler adl\u0131 bu kitapta 25 yaz\u0131 bulunmaktad\u0131r. Ara\u015ft\u0131rma ve inceleme yaz\u0131lar\u0131n\u0131n birincisi ve ikincisi Vatikan ile Dresden yazmalar\u0131n\u0131n Dede Korkut<span class=\"excerpt-hellip\"> [\u2026]<\/span><\/p>\n","protected":false},"featured_media":0,"template":"","meta":{"_monsterinsights_skip_tracking":false,"_monsterinsights_sitenote_active":false,"_monsterinsights_sitenote_note":"","_monsterinsights_sitenote_category":0},"product_brand":[],"product_cat":[13072,12291],"product_tag":[],"class_list":{"0":"post-726957","1":"product","2":"type-product","3":"status-publish","5":"product_cat-arastirma-inceleme-referans","6":"product_cat-edebiyat","7":"pa_cilt-ciltsiz","8":"pa_tur-kitap","9":"pa_yayinevi-bilge-kultur-sanat","10":"pa_yazar-osman-fikri-sertkaya","12":"first","13":"instock","14":"sale","15":"shipping-taxable","16":"purchasable","17":"product-type-simple"},"_links":{"self":[{"href":"https:\/\/roveyayinevi.com.tr\/index.php\/wp-json\/wp\/v2\/product\/726957","targetHints":{"allow":["GET"]}}],"collection":[{"href":"https:\/\/roveyayinevi.com.tr\/index.php\/wp-json\/wp\/v2\/product"}],"about":[{"href":"https:\/\/roveyayinevi.com.tr\/index.php\/wp-json\/wp\/v2\/types\/product"}],"wp:attachment":[{"href":"https:\/\/roveyayinevi.com.tr\/index.php\/wp-json\/wp\/v2\/media?parent=726957"}],"wp:term":[{"taxonomy":"product_brand","embeddable":true,"href":"https:\/\/roveyayinevi.com.tr\/index.php\/wp-json\/wp\/v2\/product_brand?post=726957"},{"taxonomy":"product_cat","embeddable":true,"href":"https:\/\/roveyayinevi.com.tr\/index.php\/wp-json\/wp\/v2\/product_cat?post=726957"},{"taxonomy":"product_tag","embeddable":true,"href":"https:\/\/roveyayinevi.com.tr\/index.php\/wp-json\/wp\/v2\/product_tag?post=726957"}],"curies":[{"name":"wp","href":"https:\/\/api.w.org\/{rel}","templated":true}]}}