{"id":726956,"date":"2025-08-27T20:14:32","date_gmt":"2025-08-27T17:14:32","guid":{"rendered":"https:\/\/roveyayinevi.com.tr\/index.php\/urun\/kamburuma-uc-sebep\/"},"modified":"2026-04-16T02:34:49","modified_gmt":"2026-04-15T23:34:49","slug":"kamburuma-uc-sebep","status":"publish","type":"product","link":"https:\/\/roveyayinevi.com.tr\/index.php\/urun\/kamburuma-uc-sebep\/","title":{"rendered":"Kamburuma \u00dc\u00e7 Sebep"},"content":{"rendered":"<p>Tan\u0131d\u0131k bir a\u011fr\u0131 var Recep Kayal\u0131\u2019n\u0131n \u00f6yk\u00fclerinde. Uzaklarda oldu\u011funu sand\u0131\u011f\u0131m\u0131z ama yakam\u0131z\u0131 b\u0131rakmayan bir a\u011fr\u0131. Kelimelerin arkas\u0131na saklanan k\u00fc\u00e7\u00fck d\u00fcnyalar\u0131n s\u0131z\u0131s\u0131. D\u00fcnyayla cezaland\u0131r\u0131lm\u0131\u015f babalar\u0131n kamburunu s\u0131rt\u0131nda ta\u015f\u0131yan \u00e7ocuklar, ruhlar\u0131ndaki bo\u015flu\u011fu harf harf doldurmaya \u00e7al\u0131\u015fan gen\u00e7 adamlar ve onlar\u0131n ger\u00e7e\u011fe \u00e7ok yak\u0131n duran ger\u00e7ekd\u0131\u015f\u0131l\u0131kla i\u00e7 i\u00e7e ge\u00e7mi\u015f hik\u00e2yeleri, \u015fiirden el alm\u0131\u015f, g\u00f6rd\u00fc\u011f\u00fcn\u00fc g\u00f6steren, g\u00f6r\u00fclmeyenleri de hissettiren, kendi yata\u011f\u0131n\u0131 bulmu\u015f bir dille yeniden yo\u011fruluyor bu kitapta. Recep Kayal\u0131, yaz\u0131 yolculu\u011funda \u201cTa\u015f\u0131n Dedi\u011fi\u201dden sonra emin bir ad\u0131m daha at\u0131yor. Ethem Baran <\/p>\n","protected":false},"excerpt":{"rendered":"<p>Tan\u0131d\u0131k bir a\u011fr\u0131 var Recep Kayal\u0131\u2019n\u0131n \u00f6yk\u00fclerinde. Uzaklarda oldu\u011funu sand\u0131\u011f\u0131m\u0131z ama yakam\u0131z\u0131 b\u0131rakmayan bir a\u011fr\u0131. Kelimelerin arkas\u0131na saklanan k\u00fc\u00e7\u00fck d\u00fcnyalar\u0131n s\u0131z\u0131s\u0131. D\u00fcnyayla cezaland\u0131r\u0131lm\u0131\u015f babalar\u0131n kamburunu s\u0131rt\u0131nda<span class=\"excerpt-hellip\"> [\u2026]<\/span><\/p>\n","protected":false},"featured_media":0,"template":"","meta":{"_monsterinsights_skip_tracking":false,"_monsterinsights_sitenote_active":false,"_monsterinsights_sitenote_note":"","_monsterinsights_sitenote_category":0},"product_brand":[],"product_cat":[12291,12711],"product_tag":[],"class_list":{"0":"post-726956","1":"product","2":"type-product","3":"status-publish","5":"product_cat-edebiyat","6":"product_cat-roman-oyku","7":"pa_cilt-ciltsiz","8":"pa_tur-kitap","9":"pa_yayinevi-bilge-kultur-sanat","10":"pa_yazar-recep-kayali","12":"first","13":"instock","14":"sale","15":"shipping-taxable","16":"purchasable","17":"product-type-simple"},"_links":{"self":[{"href":"https:\/\/roveyayinevi.com.tr\/index.php\/wp-json\/wp\/v2\/product\/726956","targetHints":{"allow":["GET"]}}],"collection":[{"href":"https:\/\/roveyayinevi.com.tr\/index.php\/wp-json\/wp\/v2\/product"}],"about":[{"href":"https:\/\/roveyayinevi.com.tr\/index.php\/wp-json\/wp\/v2\/types\/product"}],"wp:attachment":[{"href":"https:\/\/roveyayinevi.com.tr\/index.php\/wp-json\/wp\/v2\/media?parent=726956"}],"wp:term":[{"taxonomy":"product_brand","embeddable":true,"href":"https:\/\/roveyayinevi.com.tr\/index.php\/wp-json\/wp\/v2\/product_brand?post=726956"},{"taxonomy":"product_cat","embeddable":true,"href":"https:\/\/roveyayinevi.com.tr\/index.php\/wp-json\/wp\/v2\/product_cat?post=726956"},{"taxonomy":"product_tag","embeddable":true,"href":"https:\/\/roveyayinevi.com.tr\/index.php\/wp-json\/wp\/v2\/product_tag?post=726956"}],"curies":[{"name":"wp","href":"https:\/\/api.w.org\/{rel}","templated":true}]}}