{"id":726954,"date":"2025-08-27T20:14:31","date_gmt":"2025-08-27T17:14:31","guid":{"rendered":"https:\/\/roveyayinevi.com.tr\/index.php\/urun\/damgali-kimlikten-sporcu-kimligine-madalyonun-iki-yuzu\/"},"modified":"2026-04-16T02:34:49","modified_gmt":"2026-04-15T23:34:49","slug":"damgali-kimlikten-sporcu-kimligine-madalyonun-iki-yuzu","status":"publish","type":"product","link":"https:\/\/roveyayinevi.com.tr\/index.php\/urun\/damgali-kimlikten-sporcu-kimligine-madalyonun-iki-yuzu\/","title":{"rendered":"Damgal\u0131 Kimlikten Sporcu Kimli\u011fine &#8211; Madalyonun \u0130ki Y\u00fcz\u00fc"},"content":{"rendered":"<p>G\u00fcncel ya\u015famda engellilikleri ve ba\u015fka kimlik \u00f6zellikleriyle ba\u011flant\u0131l\u0131 nedenlerle damgalanm\u0131\u015f (stigmatized) ki\u015filerin, drama veya spor gibi \u00e7e\u015fitli oyun t\u00fcr\u00fc aktivitelerle yeni bir kimlik kazanarak hayata ba\u011flanmalar\u0131 b\u00fcy\u00fck \u00f6nem ta\u015f\u0131maktad\u0131r. Bu ba\u011flamda elimizde kitap olarak yay\u0131nlanan ara\u015ft\u0131rman\u0131n problemi, evde, i\u015fyerinde, okulda, sporda toplumun hemen her alan\u0131nda etiketlenerek d\u0131\u015flanman\u0131n \u00e7ok kolay olmas\u0131na ra\u011fmen, damgalanma ile m\u00fccadele etme olanaklar\u0131n\u0131n \u00e7ok s\u0131n\u0131rl\u0131 olmas\u0131d\u0131r. \u00c7al\u0131\u015fman\u0131n temel amac\u0131 ise, toplumda engellilerin damgalanma s\u00fcrecinin nas\u0131l ortaya \u00e7\u0131kt\u0131\u011f\u0131 kadar bununla m\u00fccadele stratejilerinin neler oldu\u011funu ortaya koymakt\u0131r. <\/p>\n","protected":false},"excerpt":{"rendered":"<p>G\u00fcncel ya\u015famda engellilikleri ve ba\u015fka kimlik \u00f6zellikleriyle ba\u011flant\u0131l\u0131 nedenlerle damgalanm\u0131\u015f (stigmatized) ki\u015filerin, drama veya spor gibi \u00e7e\u015fitli oyun t\u00fcr\u00fc aktivitelerle yeni bir kimlik kazanarak hayata ba\u011flanmalar\u0131<span class=\"excerpt-hellip\"> [\u2026]<\/span><\/p>\n","protected":false},"featured_media":0,"template":"","meta":{"_monsterinsights_skip_tracking":false,"_monsterinsights_sitenote_active":false,"_monsterinsights_sitenote_note":"","_monsterinsights_sitenote_category":0},"product_brand":[],"product_cat":[12755,12357],"product_tag":[],"class_list":{"0":"post-726954","1":"product","2":"type-product","3":"status-publish","5":"product_cat-gelisim-psikolojisi","6":"product_cat-psikoloji","7":"pa_cilt-ciltsiz","8":"pa_tur-kitap","9":"pa_yayinevi-toz-yayinlari","10":"pa_yazar-sevket-burak-isik","12":"first","13":"instock","14":"sale","15":"shipping-taxable","16":"purchasable","17":"product-type-simple"},"_links":{"self":[{"href":"https:\/\/roveyayinevi.com.tr\/index.php\/wp-json\/wp\/v2\/product\/726954","targetHints":{"allow":["GET"]}}],"collection":[{"href":"https:\/\/roveyayinevi.com.tr\/index.php\/wp-json\/wp\/v2\/product"}],"about":[{"href":"https:\/\/roveyayinevi.com.tr\/index.php\/wp-json\/wp\/v2\/types\/product"}],"wp:attachment":[{"href":"https:\/\/roveyayinevi.com.tr\/index.php\/wp-json\/wp\/v2\/media?parent=726954"}],"wp:term":[{"taxonomy":"product_brand","embeddable":true,"href":"https:\/\/roveyayinevi.com.tr\/index.php\/wp-json\/wp\/v2\/product_brand?post=726954"},{"taxonomy":"product_cat","embeddable":true,"href":"https:\/\/roveyayinevi.com.tr\/index.php\/wp-json\/wp\/v2\/product_cat?post=726954"},{"taxonomy":"product_tag","embeddable":true,"href":"https:\/\/roveyayinevi.com.tr\/index.php\/wp-json\/wp\/v2\/product_tag?post=726954"}],"curies":[{"name":"wp","href":"https:\/\/api.w.org\/{rel}","templated":true}]}}