{"id":726953,"date":"2025-08-27T20:14:30","date_gmt":"2025-08-27T17:14:30","guid":{"rendered":"https:\/\/roveyayinevi.com.tr\/index.php\/urun\/oglan-cikmazi\/"},"modified":"2026-04-16T02:34:49","modified_gmt":"2026-04-15T23:34:49","slug":"oglan-cikmazi","status":"publish","type":"product","link":"https:\/\/roveyayinevi.com.tr\/index.php\/urun\/oglan-cikmazi\/","title":{"rendered":"O\u011flan \u00c7\u0131kmaz\u0131"},"content":{"rendered":"<p>D\u00fcnya d\u00f6nd\u00fck\u00e7e az, d\u00f6nd\u00fck\u00e7e beyazUyand\u0131m ve azalan sulara bulad\u0131m akl\u0131m\u0131Ey do\u011fusu bir avu\u00e7 insan\u0131n, ey avucumda b\u00fcy\u00fcyen \u015fefkatBu uzun r\u00fcyay\u0131 kim ki ta\u015flardan oyup yerle\u015ftirdiyse i\u00e7imeBir kuzgun sal\u0131ns\u0131n ve da\u011f\u0131ls\u0131n ince bile\u011finde bir haber\u00d6lmeye yat\u0131yorum n\u2019olur gelKan \u00e7ektim y\u00fcz\u00fcme biraz<\/p>\n","protected":false},"excerpt":{"rendered":"<p>D\u00fcnya d\u00f6nd\u00fck\u00e7e az, d\u00f6nd\u00fck\u00e7e beyazUyand\u0131m ve azalan sulara bulad\u0131m akl\u0131m\u0131Ey do\u011fusu bir avu\u00e7 insan\u0131n, ey avucumda b\u00fcy\u00fcyen \u015fefkatBu uzun r\u00fcyay\u0131 kim ki ta\u015flardan oyup yerle\u015ftirdiyse i\u00e7imeBir<span class=\"excerpt-hellip\"> [\u2026]<\/span><\/p>\n","protected":false},"featured_media":0,"template":"","meta":{"_monsterinsights_skip_tracking":false,"_monsterinsights_sitenote_active":false,"_monsterinsights_sitenote_note":"","_monsterinsights_sitenote_category":0},"product_brand":[],"product_cat":[12291,12509],"product_tag":[],"class_list":{"0":"post-726953","1":"product","2":"type-product","3":"status-publish","5":"product_cat-edebiyat","6":"product_cat-siir","7":"pa_cilt-ciltsiz","8":"pa_tur-kitap","9":"pa_yayinevi-ithaki-yayinlari","10":"pa_yazar-ogulcan-kutuk","12":"first","13":"instock","14":"sale","15":"shipping-taxable","16":"purchasable","17":"product-type-simple"},"_links":{"self":[{"href":"https:\/\/roveyayinevi.com.tr\/index.php\/wp-json\/wp\/v2\/product\/726953","targetHints":{"allow":["GET"]}}],"collection":[{"href":"https:\/\/roveyayinevi.com.tr\/index.php\/wp-json\/wp\/v2\/product"}],"about":[{"href":"https:\/\/roveyayinevi.com.tr\/index.php\/wp-json\/wp\/v2\/types\/product"}],"wp:attachment":[{"href":"https:\/\/roveyayinevi.com.tr\/index.php\/wp-json\/wp\/v2\/media?parent=726953"}],"wp:term":[{"taxonomy":"product_brand","embeddable":true,"href":"https:\/\/roveyayinevi.com.tr\/index.php\/wp-json\/wp\/v2\/product_brand?post=726953"},{"taxonomy":"product_cat","embeddable":true,"href":"https:\/\/roveyayinevi.com.tr\/index.php\/wp-json\/wp\/v2\/product_cat?post=726953"},{"taxonomy":"product_tag","embeddable":true,"href":"https:\/\/roveyayinevi.com.tr\/index.php\/wp-json\/wp\/v2\/product_tag?post=726953"}],"curies":[{"name":"wp","href":"https:\/\/api.w.org\/{rel}","templated":true}]}}