{"id":726952,"date":"2025-08-27T20:14:29","date_gmt":"2025-08-27T17:14:29","guid":{"rendered":"https:\/\/roveyayinevi.com.tr\/index.php\/urun\/baris-pinari\/"},"modified":"2026-04-16T02:34:49","modified_gmt":"2026-04-15T23:34:49","slug":"baris-pinari","status":"publish","type":"product","link":"https:\/\/roveyayinevi.com.tr\/index.php\/urun\/baris-pinari\/","title":{"rendered":"Bar\u0131\u015f P\u0131nar\u0131"},"content":{"rendered":"<p>Suriye \u0130\u00e7 Sava\u015f\u0131, Arap Bahar\u0131 s\u00fcrecinde 2011\u2019de ba\u015flad\u0131 ve h\u00e2len devam etmektedir. Bu sava\u015fta ABD\u2019nin T\u00fcrkiye-Suriye s\u0131n\u0131r\u0131nda bir uydu devlet kurma giri\u015fimi de olmu\u015ftur. T\u00fcm bu ya\u015fananlar, b\u00fcy\u00fck g\u00fc\u00e7lerin Do\u011fu Akdeniz\u2019in payla\u015f\u0131m\u0131na d\u00e2hil oldu\u011fu k\u00fcresel bir perspektifle okunmal\u0131d\u0131r. Suriye cephesi modern harp tarihi i\u00e7inde Vek\u00e2let Sava\u015flar\u0131n\u0131n en belirgin \u00f6rneklerinden biridir. Bizlere ekonomik, politik, diplomatik, hukuki, asker\u00ee yapt\u0131r\u0131mlarla dolu yeni bir g\u00fc\u00e7 m\u00fccadelesi t\u00fcr\u00fcn\u00fcn \u00f6rne\u011fini sunmu\u015ftur. T\u00fcrkiye\u2019nin Suriye s\u0131n\u0131r\u0131nda hakl\u0131 olarak ger\u00e7ekle\u015ftirdi\u011fi operasyonlardan en \u00f6nemlisi Bar\u0131\u015f P\u0131nar\u0131 Harek\u00e2t\u0131\u2019d\u0131r.T\u00fcrkiye bu harek\u00e2t s\u0131ras\u0131nda \u00e7ok etkin diplomatik bir m\u00fccadele s\u00fcrd\u00fcr\u00fcrken di\u011fer yandan harp tarihi a\u00e7\u0131s\u0131ndan not edilmesi gereken asker\u00ee g\u00fcc\u00fcn\u00fc de ortaya koymu\u015ftur.Bar\u0131\u015f P\u0131nar\u0131 diplomasi, kamu diplomasisi ve asker\u00eeye konular\u0131ndan olu\u015fan detayl\u0131 bir inceleme sunmakta, bu y\u00f6n\u00fcyle referans niteli\u011fi ta\u015f\u0131maktad\u0131r. <\/p>\n","protected":false},"excerpt":{"rendered":"<p>Suriye \u0130\u00e7 Sava\u015f\u0131, Arap Bahar\u0131 s\u00fcrecinde 2011\u2019de ba\u015flad\u0131 ve h\u00e2len devam etmektedir. Bu sava\u015fta ABD\u2019nin T\u00fcrkiye-Suriye s\u0131n\u0131r\u0131nda bir uydu devlet kurma giri\u015fimi de olmu\u015ftur. T\u00fcm bu<span class=\"excerpt-hellip\"> [\u2026]<\/span><\/p>\n","protected":false},"featured_media":0,"template":"","meta":{"_monsterinsights_skip_tracking":false,"_monsterinsights_sitenote_active":false,"_monsterinsights_sitenote_note":"","_monsterinsights_sitenote_category":0},"product_brand":[],"product_cat":[12370,12304],"product_tag":[],"class_list":{"0":"post-726952","1":"product","2":"type-product","3":"status-publish","5":"product_cat-arastirma-inceleme","6":"product_cat-tarih","7":"pa_cilt-ciltsiz","8":"pa_tur-kitap","9":"pa_yayinevi-sahi-kitap","10":"pa_yazar-gursel-tokmakoglu","12":"first","13":"instock","14":"sale","15":"shipping-taxable","16":"purchasable","17":"product-type-simple"},"_links":{"self":[{"href":"https:\/\/roveyayinevi.com.tr\/index.php\/wp-json\/wp\/v2\/product\/726952","targetHints":{"allow":["GET"]}}],"collection":[{"href":"https:\/\/roveyayinevi.com.tr\/index.php\/wp-json\/wp\/v2\/product"}],"about":[{"href":"https:\/\/roveyayinevi.com.tr\/index.php\/wp-json\/wp\/v2\/types\/product"}],"wp:attachment":[{"href":"https:\/\/roveyayinevi.com.tr\/index.php\/wp-json\/wp\/v2\/media?parent=726952"}],"wp:term":[{"taxonomy":"product_brand","embeddable":true,"href":"https:\/\/roveyayinevi.com.tr\/index.php\/wp-json\/wp\/v2\/product_brand?post=726952"},{"taxonomy":"product_cat","embeddable":true,"href":"https:\/\/roveyayinevi.com.tr\/index.php\/wp-json\/wp\/v2\/product_cat?post=726952"},{"taxonomy":"product_tag","embeddable":true,"href":"https:\/\/roveyayinevi.com.tr\/index.php\/wp-json\/wp\/v2\/product_tag?post=726952"}],"curies":[{"name":"wp","href":"https:\/\/api.w.org\/{rel}","templated":true}]}}