{"id":726946,"date":"2025-08-27T20:14:25","date_gmt":"2025-08-27T17:14:25","guid":{"rendered":"https:\/\/roveyayinevi.com.tr\/index.php\/urun\/la-balanza-de-las-almas-sensibles\/"},"modified":"2026-04-16T02:34:49","modified_gmt":"2026-04-15T23:34:49","slug":"la-balanza-de-las-almas-sensibles","status":"publish","type":"product","link":"https:\/\/roveyayinevi.com.tr\/index.php\/urun\/la-balanza-de-las-almas-sensibles\/","title":{"rendered":"La Balanza de Las Almas Sensibles"},"content":{"rendered":"<p>Cem Mumcu\u2019nun Binbir \u0130nsan Masallar\u0131 serisine ait \u00f6yk\u00fc kitab\u0131 Hassas Ruhlar Terazisi \u015fimdi \u201cLa Balanza de Las Almas Sensibles\u201d ismiyle \u0130spanyolcada\u2026 Basta con que lo desees, en ese instante ser\u00e9 tuyo, con que t\u00fa lo quieras, en ese momento ser\u00e9 todo tuyo. A\u00fan cuando veas que este pudiera ser ahora mi \u00faltimo suspiro, y hasta mi \u00faltima exhalaci\u00f3n, estar\u00e9 contigo. No podr\u00eda marcharme ni teniendo abiertas las puertas, ni t\u00fa teniendo el camino libre, ni cuando nosotros estuvi\u00e9ramos a punto de volar, ni siquiera entonces, podr\u00eda irme. El pecado no era ni la serpiente ni el \u00e1ngel ca\u00eddo ni la manzana. Era el inter\u00e9s. El pecado era el d\u00eda de despu\u00e9s. Era el d\u00eda de la bestia: el futuro era el pecado. A la hora de rendir cuentas no habr\u00e1 misericordia. A la hora de dar explicaciones saldr\u00e1 todo de la misma cuenta. Sabes que el diablo vive a tu lado. Tal como t\u00fa. Si muerdo de tu manzana, dejar\u00e9 pre\u00f1ado al diablo. Parir\u00e1s a Ca\u00edn. Parir\u00e1s a la ambici\u00f3n y a la envidia, que son tambi\u00e9n los hijos del futuro\u2026 Cuando no lloras por el presente, tus l\u00e1grimas empa\u00f1ar\u00e1n el futuro. Dentro de tus \u00f3vulos est\u00e1n las semillas del porvenir. Y estas son las semillas que, habiendo asesinado a Abel, no supieron -pasados los cuarenta d\u00edas de su muerte- d\u00f3nde crecer. \u00c9l, Ca\u00edn, aprendi\u00f3 incluso de un cuervo la necesidad de enterrar a los cad\u00e1veres. Y t\u00fa, buscando un amor eterno\u2026un amor, que nunca lo ser\u00e1.<\/p>\n","protected":false},"excerpt":{"rendered":"<p>Cem Mumcu\u2019nun Binbir \u0130nsan Masallar\u0131 serisine ait \u00f6yk\u00fc kitab\u0131 Hassas Ruhlar Terazisi \u015fimdi \u201cLa Balanza de Las Almas Sensibles\u201d ismiyle \u0130spanyolcada\u2026 Basta con que lo desees,<span class=\"excerpt-hellip\"> [\u2026]<\/span><\/p>\n","protected":false},"featured_media":0,"template":"","meta":{"_monsterinsights_skip_tracking":false,"_monsterinsights_sitenote_active":false,"_monsterinsights_sitenote_note":"","_monsterinsights_sitenote_category":0},"product_brand":[],"product_cat":[12472],"product_tag":[],"class_list":{"0":"post-726946","1":"product","2":"type-product","3":"status-publish","5":"product_cat-yabanci-dilde-kitaplar","6":"pa_cilt-ciltsiz","7":"pa_tur-kitap","8":"pa_yayinevi-okuyan-us-yayin","9":"pa_yazar-cem-mumcu","11":"first","12":"instock","13":"sale","14":"shipping-taxable","15":"purchasable","16":"product-type-simple"},"_links":{"self":[{"href":"https:\/\/roveyayinevi.com.tr\/index.php\/wp-json\/wp\/v2\/product\/726946","targetHints":{"allow":["GET"]}}],"collection":[{"href":"https:\/\/roveyayinevi.com.tr\/index.php\/wp-json\/wp\/v2\/product"}],"about":[{"href":"https:\/\/roveyayinevi.com.tr\/index.php\/wp-json\/wp\/v2\/types\/product"}],"wp:attachment":[{"href":"https:\/\/roveyayinevi.com.tr\/index.php\/wp-json\/wp\/v2\/media?parent=726946"}],"wp:term":[{"taxonomy":"product_brand","embeddable":true,"href":"https:\/\/roveyayinevi.com.tr\/index.php\/wp-json\/wp\/v2\/product_brand?post=726946"},{"taxonomy":"product_cat","embeddable":true,"href":"https:\/\/roveyayinevi.com.tr\/index.php\/wp-json\/wp\/v2\/product_cat?post=726946"},{"taxonomy":"product_tag","embeddable":true,"href":"https:\/\/roveyayinevi.com.tr\/index.php\/wp-json\/wp\/v2\/product_tag?post=726946"}],"curies":[{"name":"wp","href":"https:\/\/api.w.org\/{rel}","templated":true}]}}