{"id":726944,"date":"2025-08-27T20:14:23","date_gmt":"2025-08-27T17:14:23","guid":{"rendered":"https:\/\/roveyayinevi.com.tr\/index.php\/urun\/pegi-ve-gayanin-maceralari\/"},"modified":"2026-04-16T02:34:49","modified_gmt":"2026-04-15T23:34:49","slug":"pegi-ve-gayanin-maceralari","status":"publish","type":"product","link":"https:\/\/roveyayinevi.com.tr\/index.php\/urun\/pegi-ve-gayanin-maceralari\/","title":{"rendered":"Pegi ve Gaya&#8217;n\u0131n Maceralar\u0131"},"content":{"rendered":"<p>Bir gece bir turna ku\u015fu cam\u0131n\u0131 t\u0131klatsa korkup ka\u00e7ar m\u0131yd\u0131n? Yoksa onun s\u0131rt\u0131nda benzersiz bir maceraya m\u0131 \u00e7\u0131kard\u0131n? E\u011fer maceray\u0131 se\u00e7ersen, sence ba\u015f\u0131na neler gelirdi? \u00c7ok ama \u00e7ok korkan bir aslanla kar\u015f\u0131la\u015fsan ne d\u00fc\u015f\u00fcn\u00fcrd\u00fcn? Ya da k\u0131zg\u0131n bir kirpinin \u00f6fkesini yat\u0131\u015ft\u0131rabilir miydin? Peki ya uykuya dalamayan bir ay\u0131c\u0131\u011f\u0131 uyutabilir miydin? Bu kitapta, Pegi ve Gaya\u2019ya e\u015flik edersen hepsini \u00f6\u011frenebilirsin! Haydi, sen de Pegi gibi d\u00fcrb\u00fcn\u00fcn\u00fc boynuna as ve onlara kat\u0131l\u2026Eser Sevin\u00e7 Manav\u2019\u0131n yay\u0131nlanan ilk kitab\u0131 olan Pegi ve Gaya\u2019n\u0131n Maceralar\u0131, Elif Balta Parks\u2019\u0131n harika \u00e7izimleriyle renklendi.<\/p>\n","protected":false},"excerpt":{"rendered":"<p>Bir gece bir turna ku\u015fu cam\u0131n\u0131 t\u0131klatsa korkup ka\u00e7ar m\u0131yd\u0131n? Yoksa onun s\u0131rt\u0131nda benzersiz bir maceraya m\u0131 \u00e7\u0131kard\u0131n? E\u011fer maceray\u0131 se\u00e7ersen, sence ba\u015f\u0131na neler gelirdi? \u00c7ok<span class=\"excerpt-hellip\"> [\u2026]<\/span><\/p>\n","protected":false},"featured_media":0,"template":"","meta":{"_monsterinsights_skip_tracking":false,"_monsterinsights_sitenote_active":false,"_monsterinsights_sitenote_note":"","_monsterinsights_sitenote_category":0},"product_brand":[],"product_cat":[12275,12274],"product_tag":[],"class_list":{"0":"post-726944","1":"product","2":"type-product","3":"status-publish","5":"product_cat-6-12-yas-kitaplari","6":"product_cat-cocuk-ve-genclik-kitaplari","7":"pa_cilt-ciltsiz","8":"pa_tur-kitap","9":"pa_yayinevi-potikare-yayincilik","10":"pa_yazar-eser-sevinc-manav","12":"first","13":"instock","14":"sale","15":"shipping-taxable","16":"purchasable","17":"product-type-simple"},"_links":{"self":[{"href":"https:\/\/roveyayinevi.com.tr\/index.php\/wp-json\/wp\/v2\/product\/726944","targetHints":{"allow":["GET"]}}],"collection":[{"href":"https:\/\/roveyayinevi.com.tr\/index.php\/wp-json\/wp\/v2\/product"}],"about":[{"href":"https:\/\/roveyayinevi.com.tr\/index.php\/wp-json\/wp\/v2\/types\/product"}],"wp:attachment":[{"href":"https:\/\/roveyayinevi.com.tr\/index.php\/wp-json\/wp\/v2\/media?parent=726944"}],"wp:term":[{"taxonomy":"product_brand","embeddable":true,"href":"https:\/\/roveyayinevi.com.tr\/index.php\/wp-json\/wp\/v2\/product_brand?post=726944"},{"taxonomy":"product_cat","embeddable":true,"href":"https:\/\/roveyayinevi.com.tr\/index.php\/wp-json\/wp\/v2\/product_cat?post=726944"},{"taxonomy":"product_tag","embeddable":true,"href":"https:\/\/roveyayinevi.com.tr\/index.php\/wp-json\/wp\/v2\/product_tag?post=726944"}],"curies":[{"name":"wp","href":"https:\/\/api.w.org\/{rel}","templated":true}]}}