{"id":726942,"date":"2025-08-27T20:14:21","date_gmt":"2025-08-27T17:14:21","guid":{"rendered":"https:\/\/roveyayinevi.com.tr\/index.php\/urun\/okuma-uzerine\/"},"modified":"2026-04-16T02:34:48","modified_gmt":"2026-04-15T23:34:48","slug":"okuma-uzerine","status":"publish","type":"product","link":"https:\/\/roveyayinevi.com.tr\/index.php\/urun\/okuma-uzerine\/","title":{"rendered":"Okuma \u00dczerine"},"content":{"rendered":"<p>\u201cNe zaman yeni bir kitab\u0131n yay\u0131mland\u0131\u011f\u0131n\u0131 duyarsan\u0131z, eski birini okuyun.\u201d   Lafcadio Hearn, \u00e7e\u015fitli \u00fclkelerde ya\u015fay\u0131p muhabirlik yapt\u0131ktan sonra Japonya\u2019ya yerle\u015fti. Hayat\u0131n\u0131n \u00f6nemli bir b\u00f6l\u00fcm\u00fcn\u00fc Japon k\u00fclt\u00fcr\u00fcne adad\u0131. Do\u011fa\u00fcst\u00fc \u00f6yk\u00fclerini bir araya getirdi\u011fi Kvaidan adl\u0131 ba\u015fyap\u0131t\u0131yla tarihe ge\u00e7ip \u201cJaponya\u2019n\u0131n Poe\u2019su\u201d olarak kabul edildi. Hearn, ayn\u0131 zamanda \u00f6nemli bir e\u011fitmendi ve lise ile \u00fcniversitelerde ders veriyordu. Bu derslerin metinlerinden derledi\u011fimiz Okuma \u00dczerine\u2019de hem insan\u0131n okuma al\u0131\u015fkanl\u0131klar\u0131 hem de do\u011fa\u00fcst\u00fc kurgu, y\u00fcksek sanat, romantik ve klasik edebiyat gibi konular ele al\u0131n\u0131yor. <\/p>\n","protected":false},"excerpt":{"rendered":"<p>\u201cNe zaman yeni bir kitab\u0131n yay\u0131mland\u0131\u011f\u0131n\u0131 duyarsan\u0131z, eski birini okuyun.\u201d Lafcadio Hearn, \u00e7e\u015fitli \u00fclkelerde ya\u015fay\u0131p muhabirlik yapt\u0131ktan sonra Japonya\u2019ya yerle\u015fti. Hayat\u0131n\u0131n \u00f6nemli bir b\u00f6l\u00fcm\u00fcn\u00fc Japon k\u00fclt\u00fcr\u00fcne<span class=\"excerpt-hellip\"> [\u2026]<\/span><\/p>\n","protected":false},"featured_media":0,"template":"","meta":{"_monsterinsights_skip_tracking":false,"_monsterinsights_sitenote_active":false,"_monsterinsights_sitenote_note":"","_monsterinsights_sitenote_category":0},"product_brand":[],"product_cat":[13072,12291],"product_tag":[],"class_list":{"0":"post-726942","1":"product","2":"type-product","3":"status-publish","5":"product_cat-arastirma-inceleme-referans","6":"product_cat-edebiyat","7":"pa_cilt-ciltsiz","8":"pa_tur-kitap","9":"pa_yayinevi-cinar-yayinlari","10":"pa_yazar-lafcadio-hearn","12":"first","13":"instock","14":"sale","15":"shipping-taxable","16":"purchasable","17":"product-type-simple"},"_links":{"self":[{"href":"https:\/\/roveyayinevi.com.tr\/index.php\/wp-json\/wp\/v2\/product\/726942","targetHints":{"allow":["GET"]}}],"collection":[{"href":"https:\/\/roveyayinevi.com.tr\/index.php\/wp-json\/wp\/v2\/product"}],"about":[{"href":"https:\/\/roveyayinevi.com.tr\/index.php\/wp-json\/wp\/v2\/types\/product"}],"wp:attachment":[{"href":"https:\/\/roveyayinevi.com.tr\/index.php\/wp-json\/wp\/v2\/media?parent=726942"}],"wp:term":[{"taxonomy":"product_brand","embeddable":true,"href":"https:\/\/roveyayinevi.com.tr\/index.php\/wp-json\/wp\/v2\/product_brand?post=726942"},{"taxonomy":"product_cat","embeddable":true,"href":"https:\/\/roveyayinevi.com.tr\/index.php\/wp-json\/wp\/v2\/product_cat?post=726942"},{"taxonomy":"product_tag","embeddable":true,"href":"https:\/\/roveyayinevi.com.tr\/index.php\/wp-json\/wp\/v2\/product_tag?post=726942"}],"curies":[{"name":"wp","href":"https:\/\/api.w.org\/{rel}","templated":true}]}}