{"id":726938,"date":"2025-08-27T20:14:18","date_gmt":"2025-08-27T17:14:18","guid":{"rendered":"https:\/\/roveyayinevi.com.tr\/index.php\/urun\/mevzu-hadisler\/"},"modified":"2026-04-16T02:34:48","modified_gmt":"2026-04-15T23:34:48","slug":"mevzu-hadisler","status":"publish","type":"product","link":"https:\/\/roveyayinevi.com.tr\/index.php\/urun\/mevzu-hadisler\/","title":{"rendered":"Mevzu Hadisler"},"content":{"rendered":"<p>Allah Te\u00e2l\u00e2 insanlara hidayet rehberi olarak Kur\u2019\u00e2n\u2019\u0131 g\u00f6nderirken, Hz. Muhammed (s.a.s.)\u2019e de bu kitab\u0131n hayata nas\u0131l ge\u00e7irilece\u011fini \u00f6\u011fretme g\u00f6revini vermi\u015ftir. Bu sebeple Kitap ve S\u00fcnnet, \u0130sl\u00e2m\u2019\u0131n ayr\u0131lmaz iki temelini olu\u015fturmaktad\u0131r. Ba\u015fta muhaddisler olmak \u00fczere farkl\u0131 alanlardaki \u0130sl\u00e2m \u00e2limleri, Kutlu Neb\u00ee\u2019nin \u00fcstlenmi\u015f oldu\u011fu bu b\u00fcy\u00fck g\u00f6revi ifa ederken s\u00f6ylemlerinin ve fiiliyat\u0131n\u0131n sonraki ku\u015faklara oldu\u011fu gibi aktar\u0131lmas\u0131ndaki ehemmiyetin fark\u0131ndayd\u0131lar. Bu sebeple ilk as\u0131rdan itibaren hadislerin korunup sa\u011fl\u0131kl\u0131 aktar\u0131lmas\u0131 hususunda ayr\u0131 bir \u00f6zveri g\u00f6sterdiler. Bunu yaparken de, insan\u0131n kendi \u00e7\u0131karlar\u0131n\u0131 korumak amac\u0131yla hadis uydurmaya yeltenmesine kar\u015f\u0131 k\u0131l\u0131 k\u0131rk yaran tedbirler ald\u0131lar. Bu \u00e7al\u0131\u015fma, b\u00fct\u00fcn bu \u00e7abalar\u0131n bir \u00f6zeti mahiyetinde olup mevz\u00fb hadislerle ilgili muhtasar bilgi sunmaktad\u0131r.<\/p>\n","protected":false},"excerpt":{"rendered":"<p>Allah Te\u00e2l\u00e2 insanlara hidayet rehberi olarak Kur\u2019\u00e2n\u2019\u0131 g\u00f6nderirken, Hz. Muhammed (s.a.s.)\u2019e de bu kitab\u0131n hayata nas\u0131l ge\u00e7irilece\u011fini \u00f6\u011fretme g\u00f6revini vermi\u015ftir. Bu sebeple Kitap ve S\u00fcnnet, \u0130sl\u00e2m\u2019\u0131n<span class=\"excerpt-hellip\"> [\u2026]<\/span><\/p>\n","protected":false},"featured_media":0,"template":"","meta":{"_monsterinsights_skip_tracking":false,"_monsterinsights_sitenote_active":false,"_monsterinsights_sitenote_note":"","_monsterinsights_sitenote_category":0},"product_brand":[],"product_cat":[16789,12718,12719],"product_tag":[],"class_list":{"0":"post-726938","1":"product","2":"type-product","3":"status-publish","5":"product_cat-diger-islam","6":"product_cat-din","7":"product_cat-islam","8":"pa_cilt-ciltsiz","9":"pa_tur-kitap","10":"pa_yayinevi-takdim-kitap","11":"pa_yazar-abdulfettah-ebu-gudde","13":"first","14":"instock","15":"sale","16":"shipping-taxable","17":"purchasable","18":"product-type-simple"},"_links":{"self":[{"href":"https:\/\/roveyayinevi.com.tr\/index.php\/wp-json\/wp\/v2\/product\/726938","targetHints":{"allow":["GET"]}}],"collection":[{"href":"https:\/\/roveyayinevi.com.tr\/index.php\/wp-json\/wp\/v2\/product"}],"about":[{"href":"https:\/\/roveyayinevi.com.tr\/index.php\/wp-json\/wp\/v2\/types\/product"}],"wp:attachment":[{"href":"https:\/\/roveyayinevi.com.tr\/index.php\/wp-json\/wp\/v2\/media?parent=726938"}],"wp:term":[{"taxonomy":"product_brand","embeddable":true,"href":"https:\/\/roveyayinevi.com.tr\/index.php\/wp-json\/wp\/v2\/product_brand?post=726938"},{"taxonomy":"product_cat","embeddable":true,"href":"https:\/\/roveyayinevi.com.tr\/index.php\/wp-json\/wp\/v2\/product_cat?post=726938"},{"taxonomy":"product_tag","embeddable":true,"href":"https:\/\/roveyayinevi.com.tr\/index.php\/wp-json\/wp\/v2\/product_tag?post=726938"}],"curies":[{"name":"wp","href":"https:\/\/api.w.org\/{rel}","templated":true}]}}