{"id":726937,"date":"2025-08-27T20:14:17","date_gmt":"2025-08-27T17:14:17","guid":{"rendered":"https:\/\/roveyayinevi.com.tr\/index.php\/urun\/sevdamiz-vatan\/"},"modified":"2026-04-16T02:34:48","modified_gmt":"2026-04-15T23:34:48","slug":"sevdamiz-vatan","status":"publish","type":"product","link":"https:\/\/roveyayinevi.com.tr\/index.php\/urun\/sevdamiz-vatan\/","title":{"rendered":"Sevdam\u0131z Vatan"},"content":{"rendered":"<p>Ozanlar milletin sesidir\u2026 Onlar yazmal\u0131, s\u00f6ylemeli ve milletin de\u011ferlerini diri tutmal\u0131d\u0131r.   \u015eair Ozan Molla\u2019n\u0131n sevdas\u0131 davas\u0131d\u0131r, \u00fclk\u00fcs\u00fcd\u00fcr, memleketinin iyi y\u00f6netilmesidir. T\u00fcrk D\u00fcnyas\u0131\u2019n\u0131n birli\u011fi ve her ferdinin ba\u015f\u0131 g\u00f6\u011fe de\u011fecek kadar h\u00fcr olmas\u0131, refah i\u00e7inde ya\u015famas\u0131, hukuk ve adaletle mutlu oldu\u011funu g\u00f6rmesidir.   G\u00f6nl\u00fcmdeki s\u0131n\u0131r T\u00fcrkiye sanma Bilseniz nerede gezer hayalim Bug\u00fcn garda\u015f\u0131ma hasretim amma Yar\u0131n bu gurbeti bozar hayalim   Nahcivan\u2019dan girip Azerbaycan\u2019a T\u00fcrkmen, K\u0131rg\u0131z, \u00d6zbek, Kazakistan\u2019a Ne i\u015fin var orda demeyin bana \u00c7in Seddi\u2019ne kadar uzar hayalim<\/p>\n","protected":false},"excerpt":{"rendered":"<p>Ozanlar milletin sesidir\u2026 Onlar yazmal\u0131, s\u00f6ylemeli ve milletin de\u011ferlerini diri tutmal\u0131d\u0131r. \u015eair Ozan Molla\u2019n\u0131n sevdas\u0131 davas\u0131d\u0131r, \u00fclk\u00fcs\u00fcd\u00fcr, memleketinin iyi y\u00f6netilmesidir. T\u00fcrk D\u00fcnyas\u0131\u2019n\u0131n birli\u011fi ve her ferdinin<span class=\"excerpt-hellip\"> [\u2026]<\/span><\/p>\n","protected":false},"featured_media":0,"template":"","meta":{"_monsterinsights_skip_tracking":false,"_monsterinsights_sitenote_active":false,"_monsterinsights_sitenote_note":"","_monsterinsights_sitenote_category":0},"product_brand":[],"product_cat":[12291,12509],"product_tag":[],"class_list":{"0":"post-726937","1":"product","2":"type-product","3":"status-publish","5":"product_cat-edebiyat","6":"product_cat-siir","7":"pa_cilt-ciltsiz","8":"pa_tur-kitap","9":"pa_yayinevi-biyografi-net-yayincilik","10":"pa_yazar-ozan-molla-seyit-berber","12":"first","13":"instock","14":"sale","15":"shipping-taxable","16":"purchasable","17":"product-type-simple"},"_links":{"self":[{"href":"https:\/\/roveyayinevi.com.tr\/index.php\/wp-json\/wp\/v2\/product\/726937","targetHints":{"allow":["GET"]}}],"collection":[{"href":"https:\/\/roveyayinevi.com.tr\/index.php\/wp-json\/wp\/v2\/product"}],"about":[{"href":"https:\/\/roveyayinevi.com.tr\/index.php\/wp-json\/wp\/v2\/types\/product"}],"wp:attachment":[{"href":"https:\/\/roveyayinevi.com.tr\/index.php\/wp-json\/wp\/v2\/media?parent=726937"}],"wp:term":[{"taxonomy":"product_brand","embeddable":true,"href":"https:\/\/roveyayinevi.com.tr\/index.php\/wp-json\/wp\/v2\/product_brand?post=726937"},{"taxonomy":"product_cat","embeddable":true,"href":"https:\/\/roveyayinevi.com.tr\/index.php\/wp-json\/wp\/v2\/product_cat?post=726937"},{"taxonomy":"product_tag","embeddable":true,"href":"https:\/\/roveyayinevi.com.tr\/index.php\/wp-json\/wp\/v2\/product_tag?post=726937"}],"curies":[{"name":"wp","href":"https:\/\/api.w.org\/{rel}","templated":true}]}}