{"id":726936,"date":"2025-08-27T20:14:16","date_gmt":"2025-08-27T17:14:16","guid":{"rendered":"https:\/\/roveyayinevi.com.tr\/index.php\/urun\/nefes\/"},"modified":"2026-04-16T02:34:48","modified_gmt":"2026-04-15T23:34:48","slug":"nefes","status":"publish","type":"product","link":"https:\/\/roveyayinevi.com.tr\/index.php\/urun\/nefes\/","title":{"rendered":"Nefes"},"content":{"rendered":"<p>&#8220;Ucu belli olmayan bir t\u00fcnelin yolcular\u0131 gibiydik biz. T\u00fcm karanl\u0131\u011fa ra\u011fmen \u00e2\u015f\u0131k olduk ve zifir\u00eenin bizi yutaca\u011f\u0131n\u0131 hesap edemedik\u2026&#8221; Sanem, g\u00fczelli\u011fiyle etraf\u0131na \u0131\u015f\u0131k sa\u00e7arken kalbine nefret ve intikam y\u00fcklemi\u015ftir. Bu intikam duygusuyla girdi\u011fi evde hi\u00e7bir \u015feyin kolay olmayaca\u011f\u0131n\u0131n fark\u0131ndad\u0131r. Ancak Ali ile ya\u015fayacaklar\u0131 belki de onun i\u00e7in hayat\u0131n\u0131n s\u0131nav\u0131 olacakt\u0131r. Sanem, Ali\u2019nin t\u00fcm ukalal\u0131\u011f\u0131 ile yapm\u0131\u015f oldu\u011fu teklifi kabul edecek midir? Kendisine bir nefes bor\u00e7lu olduklar\u0131n\u0131 d\u00fc\u015f\u00fcn\u00fcrken onlara bir \u201cNefes\u201d b\u0131rakabilecek midir? Peki ya a\u015fk? Hi\u00e7 bilmedi\u011fi bu duygu, onu hangi yanl\u0131\u015flar\u0131n i\u00e7ine s\u00fcr\u00fckleyecek, hangi do\u011frularla y\u00fczle\u015ftirecektir? <\/p>\n","protected":false},"excerpt":{"rendered":"<p>&#8220;Ucu belli olmayan bir t\u00fcnelin yolcular\u0131 gibiydik biz. T\u00fcm karanl\u0131\u011fa ra\u011fmen \u00e2\u015f\u0131k olduk ve zifir\u00eenin bizi yutaca\u011f\u0131n\u0131 hesap edemedik\u2026&#8221; Sanem, g\u00fczelli\u011fiyle etraf\u0131na \u0131\u015f\u0131k sa\u00e7arken kalbine nefret<span class=\"excerpt-hellip\"> [\u2026]<\/span><\/p>\n","protected":false},"featured_media":0,"template":"","meta":{"_monsterinsights_skip_tracking":false,"_monsterinsights_sitenote_active":false,"_monsterinsights_sitenote_note":"","_monsterinsights_sitenote_category":0},"product_brand":[],"product_cat":[12291,12711],"product_tag":[],"class_list":{"0":"post-726936","1":"product","2":"type-product","3":"status-publish","5":"product_cat-edebiyat","6":"product_cat-roman-oyku","7":"pa_cilt-ciltsiz","8":"pa_tur-kitap","9":"pa_yayinevi-ephesus-yayinlari","10":"pa_yazar-gunes-demirel","12":"first","13":"instock","14":"sale","15":"shipping-taxable","16":"purchasable","17":"product-type-simple"},"_links":{"self":[{"href":"https:\/\/roveyayinevi.com.tr\/index.php\/wp-json\/wp\/v2\/product\/726936","targetHints":{"allow":["GET"]}}],"collection":[{"href":"https:\/\/roveyayinevi.com.tr\/index.php\/wp-json\/wp\/v2\/product"}],"about":[{"href":"https:\/\/roveyayinevi.com.tr\/index.php\/wp-json\/wp\/v2\/types\/product"}],"wp:attachment":[{"href":"https:\/\/roveyayinevi.com.tr\/index.php\/wp-json\/wp\/v2\/media?parent=726936"}],"wp:term":[{"taxonomy":"product_brand","embeddable":true,"href":"https:\/\/roveyayinevi.com.tr\/index.php\/wp-json\/wp\/v2\/product_brand?post=726936"},{"taxonomy":"product_cat","embeddable":true,"href":"https:\/\/roveyayinevi.com.tr\/index.php\/wp-json\/wp\/v2\/product_cat?post=726936"},{"taxonomy":"product_tag","embeddable":true,"href":"https:\/\/roveyayinevi.com.tr\/index.php\/wp-json\/wp\/v2\/product_tag?post=726936"}],"curies":[{"name":"wp","href":"https:\/\/api.w.org\/{rel}","templated":true}]}}