{"id":726934,"date":"2025-08-27T20:14:14","date_gmt":"2025-08-27T17:14:14","guid":{"rendered":"https:\/\/roveyayinevi.com.tr\/index.php\/urun\/dogum-gununun-icadi\/"},"modified":"2026-04-11T13:53:36","modified_gmt":"2026-04-11T10:53:36","slug":"dogum-gununun-icadi","status":"publish","type":"product","link":"https:\/\/roveyayinevi.com.tr\/index.php\/urun\/dogum-gununun-icadi\/","title":{"rendered":"Do\u011fum G\u00fcn\u00fcn\u00fcn \u0130cad\u0131"},"content":{"rendered":"<p>Jean-Claude Schmitt, \u00fcnl\u00fc Frans\u0131z tarih\u00e7i Jacques Le Goff ve Annales Okulu\u2019nun tedrisat\u0131ndan ge\u00e7mi\u015f, orta\u00e7a\u011f Bat\u0131 uygarl\u0131\u011f\u0131 \u00fczerine yapt\u0131\u011f\u0131 antropolojik \u00e7al\u0131\u015fmalarla \u00f6nemli eserler vermi\u015f yetkin bir tarih\u00e7i. Do\u011fum G\u00fcn\u00fcn\u00fcn \u0130cad\u0131, bug\u00fcne kadar tarih\u00e7ilerin yeterince e\u011filmedi\u011fi g\u00fcn\u00fcm\u00fcz\u00fcn en ola\u011fan rit\u00fcelini, ki\u015fisel ya\u015fant\u0131m\u0131z\u0131n ritmini belirleyen kutlama t\u00f6renlerinin en ba\u015f\u0131nda sayabilece\u011fimiz do\u011fum g\u00fcn\u00fcn\u00fc inceliyor. Do\u011fum g\u00fcn\u00fcn\u00fc ne zamandan beri kutluyoruz? Bu \u00e7al\u0131\u015fma, uzun s\u00fcre yan\u0131ts\u0131z b\u0131rak\u0131lan bu soruya yan\u0131t verirken \u015fa\u015f\u0131rt\u0131c\u0131 bir ger\u00e7e\u011fi a\u00e7\u0131\u011fa \u00e7\u0131kar\u0131yor: Bug\u00fcn kutlad\u0131\u011f\u0131m\u0131z \u015fekliyle do\u011fum g\u00fcn\u00fc do\u011frusu \u00e7ok yeni bir bulu\u015f. Gelgelelim olu\u015fumu uzun bir s\u00fcreye yay\u0131l\u0131yor. Schmitt, Goethe\u2019nin 1802\u2019de kutlad\u0131\u011f\u0131 53. ya\u015f g\u00fcn\u00fc kutlamas\u0131n\u0131 var\u0131\u015f noktas\u0131 olarak kabul ederken, \u00e7apas\u0131n\u0131 ge\u00e7mi\u015fe do\u011fru f\u0131rlatt\u0131\u011f\u0131nda \u00e7ok ilgin\u00e7 bir yap\u0131tla kar\u015f\u0131la\u015f\u0131yor: 16. y\u00fczy\u0131l\u0131n ba\u015f\u0131nda, bir ticaret \u015firketinin maliye m\u00fcd\u00fcr\u00fc olan Augsburglu burjuva Matth\u00e4us Schwarz\u2019\u0131n 23. do\u011fum g\u00fcn\u00fcnden itibaren tutmaya ba\u015flad\u0131\u011f\u0131 resimli K\u0131yafetname.<\/p>\n","protected":false},"excerpt":{"rendered":"<p>Jean-Claude Schmitt, \u00fcnl\u00fc Frans\u0131z tarih\u00e7i Jacques Le Goff ve Annales Okulu\u2019nun tedrisat\u0131ndan ge\u00e7mi\u015f, orta\u00e7a\u011f Bat\u0131 uygarl\u0131\u011f\u0131 \u00fczerine yapt\u0131\u011f\u0131 antropolojik \u00e7al\u0131\u015fmalarla \u00f6nemli eserler vermi\u015f yetkin bir tarih\u00e7i.<span class=\"excerpt-hellip\"> [\u2026]<\/span><\/p>\n","protected":false},"featured_media":0,"template":"","meta":{"_monsterinsights_skip_tracking":false,"_monsterinsights_sitenote_active":false,"_monsterinsights_sitenote_note":"","_monsterinsights_sitenote_category":0},"product_brand":[],"product_cat":[12291,12711],"product_tag":[],"class_list":{"0":"post-726934","1":"product","2":"type-product","3":"status-publish","5":"product_cat-edebiyat","6":"product_cat-roman-oyku","7":"pa_cilt-ciltsiz","8":"pa_tur-kitap","9":"pa_yayinevi-kirmizi-kedi-yayinevi","10":"pa_yazar-jean-claude-schmitt","12":"first","13":"instock","14":"sale","15":"shipping-taxable","16":"purchasable","17":"product-type-simple"},"_links":{"self":[{"href":"https:\/\/roveyayinevi.com.tr\/index.php\/wp-json\/wp\/v2\/product\/726934","targetHints":{"allow":["GET"]}}],"collection":[{"href":"https:\/\/roveyayinevi.com.tr\/index.php\/wp-json\/wp\/v2\/product"}],"about":[{"href":"https:\/\/roveyayinevi.com.tr\/index.php\/wp-json\/wp\/v2\/types\/product"}],"wp:attachment":[{"href":"https:\/\/roveyayinevi.com.tr\/index.php\/wp-json\/wp\/v2\/media?parent=726934"}],"wp:term":[{"taxonomy":"product_brand","embeddable":true,"href":"https:\/\/roveyayinevi.com.tr\/index.php\/wp-json\/wp\/v2\/product_brand?post=726934"},{"taxonomy":"product_cat","embeddable":true,"href":"https:\/\/roveyayinevi.com.tr\/index.php\/wp-json\/wp\/v2\/product_cat?post=726934"},{"taxonomy":"product_tag","embeddable":true,"href":"https:\/\/roveyayinevi.com.tr\/index.php\/wp-json\/wp\/v2\/product_tag?post=726934"}],"curies":[{"name":"wp","href":"https:\/\/api.w.org\/{rel}","templated":true}]}}