{"id":726929,"date":"2025-08-27T20:14:10","date_gmt":"2025-08-27T17:14:10","guid":{"rendered":"https:\/\/roveyayinevi.com.tr\/index.php\/urun\/deniz-gul-meydan\/"},"modified":"2026-04-16T02:34:48","modified_gmt":"2026-04-15T23:34:48","slug":"deniz-gul-meydan","status":"publish","type":"product","link":"https:\/\/roveyayinevi.com.tr\/index.php\/urun\/deniz-gul-meydan\/","title":{"rendered":"Deniz G\u00fcl, Meydan"},"content":{"rendered":"<p>Meydan, alan, bulunulan yer ve \u00e7evresi, ortal\u0131k, kar\u015f\u0131la\u015fma yeri, imk\u00e2n, vakit, oyun yeri, g\u00f6z \u00f6n\u00fc, \u00e7a\u011fr\u0131 yeri, a\u00e7\u0131k yer, kavu\u015fulan yer, g\u00f6r\u00fcn\u00fclen, g\u00f6sterilen&#8230;Yap\u0131 Kredi K\u00fclt\u00fcr Sanat\u2019ta 22 Eyl\u00fcl \u2013 31 Ekim 2020 tarihleri aras\u0131nda a\u00e7\u0131lan Deniz G\u00fcl\u2019\u00fcn \u201cMeydan\u201d adl\u0131 sergisi, sanat\u00e7\u0131n\u0131n sokakta olmaya ve mek\u00e2nlar\u0131 duyumsamaya dair \u00f6nerilerinden yola \u00e7\u0131k\u0131yor. Sanat\u00e7\u0131n\u0131n son d\u00f6nem \u00e7al\u0131\u015fmalar\u0131n\u0131 bir araya getiren \u201cMeydan\u201dda mek\u00e2n, y\u00fczeyleri kat etme \u00f6nerisiyle birlikte g\u00fcndeme geliyor. Deniz G\u00fcl sergide kenarlara, u\u00e7lara, katlara, i\u00e7e g\u00f6m\u00fclen par\u00e7alara, \u00fcst \u00fcste binmelere ve bunlar\u0131n \u00e7izgisel ili\u015fkilerine odaklan\u0131yor. S\u00f6ylemsel belirlemelerin d\u0131\u015f\u0131nda ba\u015fka yollarla bir alan\u0131 deneyimlemenin bi\u00e7imlerini y\u00fczeyde gezinerek irdeleyen sanat\u00e7\u0131, \u201cMeydan\u201dda \u015feylerle (mek\u00e2nlar, olaylar, nesneler\u2026) kurulabilecek ili\u015fkilerin \u00e7o\u011fullu\u011funa, etkile\u015fimlerine ve izlerine bakmaya \u00e7a\u011f\u0131r\u0131yor. Meydan, g\u00fcncel yerel ve k\u00fcresel etkilerle d\u00f6n\u00fc\u015fen eylem ve bir aradal\u0131k bi\u00e7imlerini bug\u00fcn yeniden d\u00fc\u015f\u00fcnmek i\u00e7in bir alan \u00f6nerisi.Tasar\u0131m\u0131n\u0131 \u00d6mer Ozan Erdo\u011fan\u2019\u0131n yapt\u0131\u011f\u0131 sergi katalo\u011funda Deniz G\u00fcl, Derya Bayraktaro\u011flu, Kerem Ozan Bayraktar ve Kevser G\u00fcler\u2019in yaz\u0131lar\u0131 ile Murat Alu\u00e7lu\u2019nun foto\u011fraflar\u0131 yer al\u0131yor.<\/p>\n","protected":false},"excerpt":{"rendered":"<p>Meydan, alan, bulunulan yer ve \u00e7evresi, ortal\u0131k, kar\u015f\u0131la\u015fma yeri, imk\u00e2n, vakit, oyun yeri, g\u00f6z \u00f6n\u00fc, \u00e7a\u011fr\u0131 yeri, a\u00e7\u0131k yer, kavu\u015fulan yer, g\u00f6r\u00fcn\u00fclen, g\u00f6sterilen&#8230;Yap\u0131 Kredi K\u00fclt\u00fcr Sanat\u2019ta<span class=\"excerpt-hellip\"> [\u2026]<\/span><\/p>\n","protected":false},"featured_media":0,"template":"","meta":{"_monsterinsights_skip_tracking":false,"_monsterinsights_sitenote_active":false,"_monsterinsights_sitenote_note":"","_monsterinsights_sitenote_category":0},"product_brand":[],"product_cat":[44608,12408],"product_tag":[],"class_list":{"0":"post-726929","1":"product","2":"type-product","3":"status-publish","5":"product_cat-diger-sanat","6":"product_cat-sanat","7":"pa_cilt-ciltsiz","8":"pa_tur-kitap","9":"pa_yayinevi-yapi-kredi-yayinlari","10":"pa_yazar-yapi-kredi-yayinlari-kolektif","12":"first","13":"instock","14":"sale","15":"shipping-taxable","16":"purchasable","17":"product-type-simple"},"_links":{"self":[{"href":"https:\/\/roveyayinevi.com.tr\/index.php\/wp-json\/wp\/v2\/product\/726929","targetHints":{"allow":["GET"]}}],"collection":[{"href":"https:\/\/roveyayinevi.com.tr\/index.php\/wp-json\/wp\/v2\/product"}],"about":[{"href":"https:\/\/roveyayinevi.com.tr\/index.php\/wp-json\/wp\/v2\/types\/product"}],"wp:attachment":[{"href":"https:\/\/roveyayinevi.com.tr\/index.php\/wp-json\/wp\/v2\/media?parent=726929"}],"wp:term":[{"taxonomy":"product_brand","embeddable":true,"href":"https:\/\/roveyayinevi.com.tr\/index.php\/wp-json\/wp\/v2\/product_brand?post=726929"},{"taxonomy":"product_cat","embeddable":true,"href":"https:\/\/roveyayinevi.com.tr\/index.php\/wp-json\/wp\/v2\/product_cat?post=726929"},{"taxonomy":"product_tag","embeddable":true,"href":"https:\/\/roveyayinevi.com.tr\/index.php\/wp-json\/wp\/v2\/product_tag?post=726929"}],"curies":[{"name":"wp","href":"https:\/\/api.w.org\/{rel}","templated":true}]}}