{"id":726927,"date":"2025-08-27T20:14:08","date_gmt":"2025-08-27T17:14:08","guid":{"rendered":"https:\/\/roveyayinevi.com.tr\/index.php\/urun\/cifte-kiskac\/"},"modified":"2026-04-16T02:34:48","modified_gmt":"2026-04-15T23:34:48","slug":"cifte-kiskac","status":"publish","type":"product","link":"https:\/\/roveyayinevi.com.tr\/index.php\/urun\/cifte-kiskac\/","title":{"rendered":"\u00c7ifte K\u0131ska\u00e7"},"content":{"rendered":"<p>Avrupa\u2019n\u0131n iki ucunda yeniden filizlenen sava\u015f dinamikleriPutin\u2019in kendisine muhalif Ruslar\u0131, d\u00fcnyan\u0131n neresinde ya\u015f\u0131yor olurlarsa olsun, \u201csusturma\u201d konusundaki kararl\u0131l\u0131\u011f\u0131, \u00fclke s\u0131n\u0131rlar\u0131 i\u00e7inde casusluk operasyonlar\u0131na m\u00fcsamaha g\u00f6stermeyen \u0130ngiltere\u2019yi harekete ge\u00e7irir. B\u00f6ylece \u0130ngiltere ve Rusya So\u011fuk Sava\u015f d\u00f6neminden sonra yeniden kar\u015f\u0131 kar\u015f\u0131ya gelir. \u0130ngiliz gizli istihbarat te\u015fkilat\u0131 MI5\u2019\u0131n kar\u015f\u0131 casusluk biriminde g\u00f6revli Liz Carlyle, katledilen sevgilisinin ac\u0131s\u0131n\u0131 ya\u015fayamadan kendisini ans\u0131z\u0131n sahada, ac\u0131mas\u0131z ve kurals\u0131z bir oyunun ortas\u0131nda bulur.\u00c7anlar \u00e7al\u0131yor, sava\u015f baltalar\u0131 ortaya \u00e7\u0131k\u0131yor.Stella Rimington\u2019\u0131n 1969 ile 1990 aras\u0131nda, yani So\u011fuk Sava\u015f\u2019\u0131n en gergin d\u00f6neminde, MI5 kar\u015f\u0131 casusluk operasyonlar\u0131nda bilfiil ba\u015far\u0131yla \u00e7al\u0131\u015fm\u0131\u015f olmas\u0131,\u00c7ifte K\u0131ska\u00e7\u2019ta aktard\u0131klar\u0131n\u0131 paha bi\u00e7ilmez k\u0131l\u0131yor. Ortaya \u00e7\u0131kan nefes kesici kurmaca bug\u00fcn\u00fcn karma\u015f\u0131k d\u00fcnya siyasetini anlamak isteyenlere de \u0131\u015f\u0131k tutuyor.\u201cRimington hik\u00e2yesini ancak James Bond maceralar\u0131nda g\u00f6r\u00fclen keskin bir tonlamayla anlat\u0131yor.\u201d -New York Times Book Review\u201cStella Rimington sayfalar\u0131 hevesle \u00e7evirip okumay\u0131 sevenler i\u00e7in cazip bir yazar.\u201d-Independent\u201cY\u0131llar\u0131n\u0131 MI5\u2019ta ge\u00e7iren Rimington, en g\u00fcncel basit tasvirlerde bile \u00e7ok iyi bir i\u015f \u00e7\u0131kar\u0131yor.\u201d -Publishers Weekly<\/p>\n","protected":false},"excerpt":{"rendered":"<p>Avrupa\u2019n\u0131n iki ucunda yeniden filizlenen sava\u015f dinamikleriPutin\u2019in kendisine muhalif Ruslar\u0131, d\u00fcnyan\u0131n neresinde ya\u015f\u0131yor olurlarsa olsun, \u201csusturma\u201d konusundaki kararl\u0131l\u0131\u011f\u0131, \u00fclke s\u0131n\u0131rlar\u0131 i\u00e7inde casusluk operasyonlar\u0131na m\u00fcsamaha g\u00f6stermeyen \u0130ngiltere\u2019yi<span class=\"excerpt-hellip\"> [\u2026]<\/span><\/p>\n","protected":false},"featured_media":0,"template":"","meta":{"_monsterinsights_skip_tracking":false,"_monsterinsights_sitenote_active":false,"_monsterinsights_sitenote_note":"","_monsterinsights_sitenote_category":0},"product_brand":[],"product_cat":[12291,15445],"product_tag":[],"class_list":{"0":"post-726927","1":"product","2":"type-product","3":"status-publish","5":"product_cat-edebiyat","6":"product_cat-polisiye","7":"pa_cilt-ciltsiz","8":"pa_tur-kitap","9":"pa_yayinevi-yapi-kredi-yayinlari","10":"pa_yazar-stella-rimington","12":"first","13":"instock","14":"sale","15":"shipping-taxable","16":"purchasable","17":"product-type-simple"},"_links":{"self":[{"href":"https:\/\/roveyayinevi.com.tr\/index.php\/wp-json\/wp\/v2\/product\/726927","targetHints":{"allow":["GET"]}}],"collection":[{"href":"https:\/\/roveyayinevi.com.tr\/index.php\/wp-json\/wp\/v2\/product"}],"about":[{"href":"https:\/\/roveyayinevi.com.tr\/index.php\/wp-json\/wp\/v2\/types\/product"}],"wp:attachment":[{"href":"https:\/\/roveyayinevi.com.tr\/index.php\/wp-json\/wp\/v2\/media?parent=726927"}],"wp:term":[{"taxonomy":"product_brand","embeddable":true,"href":"https:\/\/roveyayinevi.com.tr\/index.php\/wp-json\/wp\/v2\/product_brand?post=726927"},{"taxonomy":"product_cat","embeddable":true,"href":"https:\/\/roveyayinevi.com.tr\/index.php\/wp-json\/wp\/v2\/product_cat?post=726927"},{"taxonomy":"product_tag","embeddable":true,"href":"https:\/\/roveyayinevi.com.tr\/index.php\/wp-json\/wp\/v2\/product_tag?post=726927"}],"curies":[{"name":"wp","href":"https:\/\/api.w.org\/{rel}","templated":true}]}}