{"id":726926,"date":"2025-08-27T20:14:07","date_gmt":"2025-08-27T17:14:07","guid":{"rendered":"https:\/\/roveyayinevi.com.tr\/index.php\/urun\/kutuphanemi-toplarken\/"},"modified":"2026-04-16T02:34:48","modified_gmt":"2026-04-15T23:34:48","slug":"kutuphanemi-toplarken","status":"publish","type":"product","link":"https:\/\/roveyayinevi.com.tr\/index.php\/urun\/kutuphanemi-toplarken\/","title":{"rendered":"K\u00fct\u00fcphanemi Toplarken"},"content":{"rendered":"<p>\u00c7a\u011f\u0131m\u0131z\u0131n en yarat\u0131c\u0131 okurlar\u0131ndan ve en kitapsever yazarlar\u0131ndan Manguel\u2019in k\u00fct\u00fcphanesinin i\u00e7tenlikle ve sevecenlikle anlat\u0131lm\u0131\u015f bir hik\u00e2yesi.Her kitap ya\u015fant\u0131m\u0131z\u0131n yakalad\u0131klar\u0131n\u0131 b\u00fct\u00fcn\u00fcyle elde tutman\u0131n imk\u00e2ns\u0131zl\u0131\u011f\u0131n\u0131 itiraf eder niteliktedir. Gelmi\u015f ge\u00e7mi\u015f b\u00fct\u00fcn k\u00fct\u00fcphanelerimizse bu ba\u015far\u0131s\u0131zl\u0131\u011f\u0131n anl\u0131 \u015fanl\u0131 bir kayd\u0131d\u0131r.Manguel, b\u00fcrokratik bir p\u00fcr\u00fcz y\u00fcz\u00fcnden uzun y\u0131llard\u0131r ya\u015fad\u0131\u011f\u0131 Fransa\u2019dan ayr\u0131lmak zorunda kald\u0131\u011f\u0131nda, 35 bin kitab\u0131n\u0131 s\u0131\u011fd\u0131rabildi\u011fi k\u00fct\u00fcphanesinden de ayr\u0131lmak zorunda kal\u0131r. Kitaplar\u0131n ay\u0131klanma, kolilere doldurulma ve nakil s\u00fcreci, \u00e7o\u011funu belki de bir daha g\u00f6rememe ihtimali, gitgide bo\u015falan raflar ona bu k\u0131sa a\u011f\u0131t\u0131 esinletir.K\u00fct\u00fcphanemi Toplarken okuru k\u00fct\u00fcphanelerin tarihi, s\u00f6zl\u00fckler, s\u00f6zl\u00fck yazarlar\u0131, r\u00fcyalar ve an\u0131lar hakk\u0131nda ho\u015f anekdotlar, s\u0131ra d\u0131\u015f\u0131 d\u00fc\u015f\u00fcnceler ve \u00e7a\u011fr\u0131\u015f\u0131mlar aras\u0131nda renkli bir yolculu\u011fa \u00e7\u0131kar\u0131yor.<\/p>\n","protected":false},"excerpt":{"rendered":"<p>\u00c7a\u011f\u0131m\u0131z\u0131n en yarat\u0131c\u0131 okurlar\u0131ndan ve en kitapsever yazarlar\u0131ndan Manguel\u2019in k\u00fct\u00fcphanesinin i\u00e7tenlikle ve sevecenlikle anlat\u0131lm\u0131\u015f bir hik\u00e2yesi.Her kitap ya\u015fant\u0131m\u0131z\u0131n yakalad\u0131klar\u0131n\u0131 b\u00fct\u00fcn\u00fcyle elde tutman\u0131n imk\u00e2ns\u0131zl\u0131\u011f\u0131n\u0131 itiraf eder niteliktedir.<span class=\"excerpt-hellip\"> [\u2026]<\/span><\/p>\n","protected":false},"featured_media":0,"template":"","meta":{"_monsterinsights_skip_tracking":false,"_monsterinsights_sitenote_active":false,"_monsterinsights_sitenote_note":"","_monsterinsights_sitenote_category":0},"product_brand":[],"product_cat":[12777,12291],"product_tag":[],"class_list":{"0":"post-726926","1":"product","2":"type-product","3":"status-publish","5":"product_cat-deneme","6":"product_cat-edebiyat","7":"pa_cilt-ciltsiz","8":"pa_tur-kitap","9":"pa_yayinevi-yapi-kredi-yayinlari","10":"pa_yazar-alberto-manguel","12":"first","13":"instock","14":"sale","15":"shipping-taxable","16":"purchasable","17":"product-type-simple"},"_links":{"self":[{"href":"https:\/\/roveyayinevi.com.tr\/index.php\/wp-json\/wp\/v2\/product\/726926","targetHints":{"allow":["GET"]}}],"collection":[{"href":"https:\/\/roveyayinevi.com.tr\/index.php\/wp-json\/wp\/v2\/product"}],"about":[{"href":"https:\/\/roveyayinevi.com.tr\/index.php\/wp-json\/wp\/v2\/types\/product"}],"wp:attachment":[{"href":"https:\/\/roveyayinevi.com.tr\/index.php\/wp-json\/wp\/v2\/media?parent=726926"}],"wp:term":[{"taxonomy":"product_brand","embeddable":true,"href":"https:\/\/roveyayinevi.com.tr\/index.php\/wp-json\/wp\/v2\/product_brand?post=726926"},{"taxonomy":"product_cat","embeddable":true,"href":"https:\/\/roveyayinevi.com.tr\/index.php\/wp-json\/wp\/v2\/product_cat?post=726926"},{"taxonomy":"product_tag","embeddable":true,"href":"https:\/\/roveyayinevi.com.tr\/index.php\/wp-json\/wp\/v2\/product_tag?post=726926"}],"curies":[{"name":"wp","href":"https:\/\/api.w.org\/{rel}","templated":true}]}}