{"id":726924,"date":"2025-08-27T20:14:06","date_gmt":"2025-08-27T17:14:06","guid":{"rendered":"https:\/\/roveyayinevi.com.tr\/index.php\/urun\/harita-uzerinde-kasifler-dahi-haritacilar-ve-hic-var-olmamis-daglar\/"},"modified":"2026-04-16T02:34:48","modified_gmt":"2026-04-15T23:34:48","slug":"harita-uzerinde-kasifler-dahi-haritacilar-ve-hic-var-olmamis-daglar","status":"publish","type":"product","link":"https:\/\/roveyayinevi.com.tr\/index.php\/urun\/harita-uzerinde-kasifler-dahi-haritacilar-ve-hic-var-olmamis-daglar\/","title":{"rendered":"Harita \u00dczerinde Ka\u015fifler, Dahi Haritac\u0131lar ve Hi\u00e7 Var Olmam\u0131\u015f Da\u011flar"},"content":{"rendered":"<p>Haritalar b\u00fcy\u00fcler bizi. D\u00fcnyaya dair bildiklerimizi bir araya getirir, ilerlememizin kayd\u0131n\u0131 tutar, hepsinden \u00f6tesi bizim hik\u00e2yemizi anlat\u0131rlar. Onlars\u0131z bir d\u00fcnya d\u00fc\u015f\u00fcn\u00fcn: Nas\u0131l yolculuk yapard\u0131k? Toprak \u00fcst\u00fcnde nas\u0131l hak iddia ederdik? \u00dclkeler nereye kadar yay\u0131l\u0131rd\u0131? Kad\u0131nla erkek arabada ne u\u011fruna birbirini yerdi? Tam Benim Tipim ile yaz\u0131 karakterleri gibi merakl\u0131s\u0131na \u00f6zel duran bir konudan uluslararas\u0131 \u00e7oksatan yaratan Simon Garfield \u015fimdi sihrini haritalar i\u00e7in konu\u015fturuyor. Garfield, k\u00e2\u015fif ve filozoflar\u0131n eski d\u00f6nem eskizlerinden Google Maps ve \u00f6tesine varan yolu izleyerek, haritalar\u0131n insan do\u011fas\u0131ndaki en iyiyi (ke\u015fif ve merak) ve en k\u00f6t\u00fcy\u00fc (\u00e7at\u0131\u015fma ve y\u0131k\u0131m) nas\u0131l kusursuz yans\u0131tt\u0131\u011f\u0131n\u0131 ortaya koyuyor. Orta\u00e7a\u011f\u0131n b\u00fcy\u00fcleyici mappa mundilerinden a\u015f\u0131lmaz ve hi\u00e7 var olmam\u0131\u015f Kong Da\u011flar\u0131\u2019na, Amerika\u2019n\u0131n ke\u015ffinden Afrika\u2019y\u0131 haritalama k\u00e2busuna, kolera ile sava\u015fan kartograflardan kapat\u0131ld\u0131\u011f\u0131 h\u00fccrede D\u00fcnya\u2019y\u0131 haritalam\u0131\u015f Venedikli ke\u015fi\u015fe, dudak u\u00e7uklatan kartografik sahtek\u00e2rl\u0131klardan \u00e7evrimi\u00e7i harita sava\u015flar\u0131na uzanan onlarca \u015fa\u015f\u0131rt\u0131c\u0131 \u00f6yk\u00fc, Garfield\u2019\u0131n \u00e7ok say\u0131da g\u00f6rselle s\u00fcslenmi\u015f s\u00fcr\u00fckleyici, tutkulu ve n\u00fcktedan anlat\u0131m\u0131 sayesinde ger\u00e7ek bir ziyafete d\u00f6n\u00fc\u015f\u00fcyor. \u201cSimon Garfield, yan\u0131ndayken zaman\u0131n nas\u0131l ak\u0131p gitti\u011fini fark etmedi\u011finiz bir \u00f6\u011fretmen gibi\u2026 Muhte\u015fem bir anlat\u0131c\u0131.\u201d  Observer <\/p>\n","protected":false},"excerpt":{"rendered":"<p>Haritalar b\u00fcy\u00fcler bizi. D\u00fcnyaya dair bildiklerimizi bir araya getirir, ilerlememizin kayd\u0131n\u0131 tutar, hepsinden \u00f6tesi bizim hik\u00e2yemizi anlat\u0131rlar. Onlars\u0131z bir d\u00fcnya d\u00fc\u015f\u00fcn\u00fcn: Nas\u0131l yolculuk yapard\u0131k? Toprak \u00fcst\u00fcnde<span class=\"excerpt-hellip\"> [\u2026]<\/span><\/p>\n","protected":false},"featured_media":0,"template":"","meta":{"_monsterinsights_skip_tracking":false,"_monsterinsights_sitenote_active":false,"_monsterinsights_sitenote_note":"","_monsterinsights_sitenote_category":0},"product_brand":[],"product_cat":[12370,12304],"product_tag":[],"class_list":{"0":"post-726924","1":"product","2":"type-product","3":"status-publish","5":"product_cat-arastirma-inceleme","6":"product_cat-tarih","7":"pa_cilt-ciltsiz","8":"pa_tur-kitap","9":"pa_yayinevi-domingo-yayinevi","10":"pa_yazar-simon-garfield","12":"first","13":"instock","14":"sale","15":"shipping-taxable","16":"purchasable","17":"product-type-simple"},"_links":{"self":[{"href":"https:\/\/roveyayinevi.com.tr\/index.php\/wp-json\/wp\/v2\/product\/726924","targetHints":{"allow":["GET"]}}],"collection":[{"href":"https:\/\/roveyayinevi.com.tr\/index.php\/wp-json\/wp\/v2\/product"}],"about":[{"href":"https:\/\/roveyayinevi.com.tr\/index.php\/wp-json\/wp\/v2\/types\/product"}],"wp:attachment":[{"href":"https:\/\/roveyayinevi.com.tr\/index.php\/wp-json\/wp\/v2\/media?parent=726924"}],"wp:term":[{"taxonomy":"product_brand","embeddable":true,"href":"https:\/\/roveyayinevi.com.tr\/index.php\/wp-json\/wp\/v2\/product_brand?post=726924"},{"taxonomy":"product_cat","embeddable":true,"href":"https:\/\/roveyayinevi.com.tr\/index.php\/wp-json\/wp\/v2\/product_cat?post=726924"},{"taxonomy":"product_tag","embeddable":true,"href":"https:\/\/roveyayinevi.com.tr\/index.php\/wp-json\/wp\/v2\/product_tag?post=726924"}],"curies":[{"name":"wp","href":"https:\/\/api.w.org\/{rel}","templated":true}]}}