{"id":726923,"date":"2025-08-27T20:14:05","date_gmt":"2025-08-27T17:14:05","guid":{"rendered":"https:\/\/roveyayinevi.com.tr\/index.php\/urun\/sktir-git-2020\/"},"modified":"2026-04-06T12:57:28","modified_gmt":"2026-04-06T09:57:28","slug":"sktir-git-2020","status":"publish","type":"product","link":"https:\/\/roveyayinevi.com.tr\/index.php\/urun\/sktir-git-2020\/","title":{"rendered":"S*ktir Git 2020"},"content":{"rendered":"<p>Heyecanla ve umutla bekledi\u011fimiz 2020 y\u0131l\u0131nda neler oldu? 2019\u2019dan \u00e7ok da iyi bir y\u0131l devralmayan 2020 y\u0131l\u0131 b\u00fct\u00fcn insanlar\u0131n, g\u00fczel ba\u015flang\u0131\u00e7lar\u0131n ve umutlar\u0131n hayal k\u0131r\u0131kl\u0131\u011f\u0131 oldu. 2020\u2019nin daha ilk g\u00fcnlerinde patlak vermeye ba\u015flayan sorunlar b\u00fct\u00fcn sene artarak devam etti. Merak edilen ise bu k\u00f6t\u00fc g\u00fcnleri 2021\u2019e ta\u015f\u0131yacak m\u0131y\u0131z? 2020\u2019nin kara bulutlar\u0131 d\u00fcnyam\u0131z\u0131n semalar\u0131n\u0131 karartmaya devam ederken merak edilen bir di\u011fer konu ise biz insanlar\u0131n bu gidi\u015fatta neler yapaca\u011f\u0131&#8230; 2020\u2019nin her t\u00fcrl\u00fc felaketi b\u00fct\u00fcn d\u00fcnyay\u0131 ziyaret etmeye devam ederken dileklerimiz 2021 y\u0131l\u0131nda bu felaketleri arkam\u0131zda b\u0131rakabilmemiz ad\u0131na. S\u00f6z u\u00e7ar yaz\u0131 kal\u0131r mant\u0131\u011f\u0131ndan yola \u00e7\u0131k\u0131p ya\u015fad\u0131klar\u0131m\u0131z\u0131 kaleme alarak ama ayn\u0131 zamanda 2020\u2019den de dersler \u00e7\u0131karmam\u0131z ad\u0131na okurlar\u0131m\u0131z i\u00e7in derledi\u011fimiz bu kitap 2020 y\u0131l\u0131na genel bir bak\u0131\u015f niteli\u011finde&#8230; <\/p>\n","protected":false},"excerpt":{"rendered":"<p>Heyecanla ve umutla bekledi\u011fimiz 2020 y\u0131l\u0131nda neler oldu? 2019\u2019dan \u00e7ok da iyi bir y\u0131l devralmayan 2020 y\u0131l\u0131 b\u00fct\u00fcn insanlar\u0131n, g\u00fczel ba\u015flang\u0131\u00e7lar\u0131n ve umutlar\u0131n hayal k\u0131r\u0131kl\u0131\u011f\u0131 oldu.<span class=\"excerpt-hellip\"> [\u2026]<\/span><\/p>\n","protected":false},"featured_media":0,"template":"","meta":{"_monsterinsights_skip_tracking":false,"_monsterinsights_sitenote_active":false,"_monsterinsights_sitenote_note":"","_monsterinsights_sitenote_category":0},"product_brand":[],"product_cat":[27157,12291],"product_tag":[],"class_list":{"0":"post-726923","1":"product","2":"type-product","3":"status-publish","5":"product_cat-derleme","6":"product_cat-edebiyat","7":"pa_cilt-ciltsiz","8":"pa_tur-kitap","9":"pa_yayinevi-ren-kitap","10":"pa_yazar-a-latif-ugurdikan","12":"first","13":"instock","14":"sale","15":"shipping-taxable","16":"purchasable","17":"product-type-simple"},"_links":{"self":[{"href":"https:\/\/roveyayinevi.com.tr\/index.php\/wp-json\/wp\/v2\/product\/726923","targetHints":{"allow":["GET"]}}],"collection":[{"href":"https:\/\/roveyayinevi.com.tr\/index.php\/wp-json\/wp\/v2\/product"}],"about":[{"href":"https:\/\/roveyayinevi.com.tr\/index.php\/wp-json\/wp\/v2\/types\/product"}],"wp:attachment":[{"href":"https:\/\/roveyayinevi.com.tr\/index.php\/wp-json\/wp\/v2\/media?parent=726923"}],"wp:term":[{"taxonomy":"product_brand","embeddable":true,"href":"https:\/\/roveyayinevi.com.tr\/index.php\/wp-json\/wp\/v2\/product_brand?post=726923"},{"taxonomy":"product_cat","embeddable":true,"href":"https:\/\/roveyayinevi.com.tr\/index.php\/wp-json\/wp\/v2\/product_cat?post=726923"},{"taxonomy":"product_tag","embeddable":true,"href":"https:\/\/roveyayinevi.com.tr\/index.php\/wp-json\/wp\/v2\/product_tag?post=726923"}],"curies":[{"name":"wp","href":"https:\/\/api.w.org\/{rel}","templated":true}]}}