{"id":726921,"date":"2025-08-27T20:14:03","date_gmt":"2025-08-27T17:14:03","guid":{"rendered":"https:\/\/roveyayinevi.com.tr\/index.php\/urun\/sogut-turk-edebiyati-dergisi-sayi-05-eylul-ekim-2020\/"},"modified":"2026-04-16T02:34:48","modified_gmt":"2026-04-15T23:34:48","slug":"sogut-turk-edebiyati-dergisi-sayi-05-eylul-ekim-2020","status":"publish","type":"product","link":"https:\/\/roveyayinevi.com.tr\/index.php\/urun\/sogut-turk-edebiyati-dergisi-sayi-05-eylul-ekim-2020\/","title":{"rendered":"S\u00f6\u011f\u00fct &#8211; T\u00fcrk Edebiyat\u0131 Dergisi Say\u0131 05 \/ Eyl\u00fcl &#8211; Ekim 2020"},"content":{"rendered":"<p>\u0130NCELEME B\u0130R M\u0130SL\u0130 BAYDO\u011eAN K\u0130TABI: AY HAN\u2019IM \/ EL\u0130F ARPACI T\u00dcRK\u0130YE NERDEN BA\u015eLAR? \/ MEHMET AYCI POSTMODERN\u0130ZME KAR\u015eI B\u0130R POSTMODERN ROMAN YA DA MEKAN\u0130ZM\u0130N H\u00c2K\u0130M\u0130YET\u0130NE D\u0130RENMEK ZEMHER\u0130 KUYUSU \/ SAL\u0130M \u00c7ONO\u011eLU K\u00c2\u011eITTAN B\u0130R D\u00dcNYA \/ MUSTAFA KURT KIZILIRMAK \u00c7OCUKLARI \/ ARZU KADUM\u0130 H\u0130K\u00c2YE K\u0130TAPLARI ARASINDA BIR GEZ\u0130NT\u0130 VE BA\u015eARISIZ B\u0130R PROPAGANDA METN\u0130 \u00dcZER\u0130NE \/ O. MURAT \u00d6ZT\u00dcRK    DENEME K\u00d6K &#8211; EK\u0130N \/ S\u00dcLEYMAN \u00c7OBANO\u011eLU B\u0130R T\u00dcRK\u00dc G\u00dcZELL\u0130\u011e\u0130 AD\u0130LE KURT KARATEPE \/ MEHMET AL\u0130 KALKAN C\u00d6NK YAZILARI &#8211; 3 \u201cBA\u015eINDA F\u0130NOR FES\u0130\u201d \/ AL\u0130 DUYMAZ SES \/ SEDAT ANAR Z\u0130LEL\u0130 MEHMED\u2019DEN \u0130\u015eKODRALI \u00c7\u00c2KER\u2019E: B\u0130R GAR\u0130P \u015eA\u0130R TERC\u00dcME-\u0130 H\u00c2L\u0130 \/ DO\u011eUKAN ORU\u00c7 \u00d6L\u00dcLERLE YARI\u015eMAK: \u015e\u0130\u0130R MARATONUNUN TAV\u015eAN ATLETLER\u0130 \/ M. SAD\u0130 KARADEM\u0130R YESEV\u0130 H\u0130KMETLER\u0130NDEN, TURNA NEFES\u0130NDE B\u0130R UTKU \/ CANSU CO\u015eKUN R\u00d6PORTAJ MURAT KAYMAZ \u0130LE KALEME KAR\u015eI \u00dcZER\u0130NE \/ HAB\u0130P T\u00dcRKERDOSYA NAMIK KEMAL\u2019\u0130N T\u00dcRK EDEB\u0130YATINDAK\u0130 YER\u0130 VE \u00d6NEM\u0130NE DA\u0130R PROF. DR. \u00d6NDER G\u00d6\u00c7G\u00dcN \u0130LE NAMIK KEMAL \u00dcZER\u0130NE \/ TU\u011e\u00c7E ME\u00c7 \u00d6L\u00dcM\u00dcN\u00dcN 136. YILINDA NAMIK KEMAL \/ PROF. DR. B\u0130ROL EM\u0130L NAMIK KEMAL\u2019E DA\u0130R \u00dc\u00c7 D\u0130KKAT \/ MUHARREM DAYAN\u00c7 NAMIK KEMAL: \u0130Y\u0130 TANIMADI\u011eIMIZ B\u00dcY\u00dcK \u015eA\u0130R VE YAZAR \/ H\u00dcSREV HATEM\u0130 ALTIN KAPININ M\u00dcR\u015e\u0130D\u0130 NAMIK KEMAL \/ MET\u0130N SAVA\u015e S\u00dcK\u00dbT \u00c7EMBER\u0130NDE Y\u00dcKSELEN SEDA: NAMIK KEMAL \/ BEG\u00dcM HANDE \u00c7AY NAMIK KEMAL\u2019\u0130N BAHAR-I DAN\u0130\u015e ESER\u0130N\u0130N MUKADD\u0130MES\u0130NE B\u0130R BAKI\u015e \/ ASLIHAN KAYA NAMIK KEMAL\u2019\u0130N MEKTUPLARI \u00dcZER\u0130NE B\u0130R DE\u011eERLEND\u0130ME \/ ZEYNEP G\u00d6ZDE KOZLU     H\u0130K\u00c2YE KUYULAR HER YERDE DER\u0130N \/ \u015eER\u0130F AYDEM\u0130R KAYITLARA GE\u00c7MEYEN \/ AYDAN ALG\u00dcL AK T\u00dcN \/ EMRAH ECE H\u0130LEK\u00c2R PERDEC\u0130 \/ TUNCAY G\u00dcNAYDIN DULLAR APARTMANI KARANT\u0130NADA  \/ M\u0130SL\u0130 BAYDO\u011eAN HAYALLERDE SEYR-\u0130 \u00c2LEM  \/ BERNA G\u00dcZEY YIRTICI K\u00c2MUS DAVASI  \/ MEL\u0130K\u015eAH TEVER EKMEK A\u011eACI \/ NUMAN ALTU\u011e \u00d6KS\u00dcZ \u015e\u0130\u0130R \u0130ST\u0130KLAL ZAMANI \/ CENGIZHAN ORAK\u00c7I \u015e\u00dcPHEYE \u00c7ALIM \/ EDA FIRAT SER\u00c7ARE K\u00d6PR\u00dcS\u00dc \/ AYY\u00dcCE G\u00dcLO\u011eLU DEN\u0130ZE DE\u011eEN A\u011eACIN T\u00dcRK\u00dcS\u00dc \/ FAT\u0130H AK\u00c7A KOZALAK \/ FATMA AKSU CAPGRAS-V\u0130ZYON \/ ERAY SARI\u00c7AM SIFIRLAMA ATI\u015eI \/ M. SAD\u0130 KARADEM\u0130R TA\u015eLIKTA B\u0130R OYUN \/ M. TU\u011eRUL \u00c7OLAK BEN VARIM \/ C. H. T\u00dcRKER KIRIK ZELVE OYUN \/ MEHMET \u015eAM\u0130L \u00c7ER\u00c7EVEMDE B\u0130R MELAL: \u0130T\u0130RAZ \/ \u0130BRAH\u0130MDA\u015e POLEM\u0130K \u201cS\u00dcLEYMAN \u00c7OBANO\u011eLU, HEYHAT!\u201d \/ MEHMET AYCI ZORUNLU B\u0130R YAZI \/ S\u00dcLEYMAN \u00c7OBANO\u011eLU<\/p>\n","protected":false},"excerpt":{"rendered":"<p>\u0130NCELEME B\u0130R M\u0130SL\u0130 BAYDO\u011eAN K\u0130TABI: AY HAN\u2019IM \/ EL\u0130F ARPACI T\u00dcRK\u0130YE NERDEN BA\u015eLAR? \/ MEHMET AYCI POSTMODERN\u0130ZME KAR\u015eI B\u0130R POSTMODERN ROMAN YA DA MEKAN\u0130ZM\u0130N H\u00c2K\u0130M\u0130YET\u0130NE D\u0130RENMEK<span class=\"excerpt-hellip\"> [\u2026]<\/span><\/p>\n","protected":false},"featured_media":0,"template":"","meta":{"_monsterinsights_skip_tracking":false,"_monsterinsights_sitenote_active":false,"_monsterinsights_sitenote_note":"","_monsterinsights_sitenote_category":0},"product_brand":[],"product_cat":[30023,13527],"product_tag":[],"class_list":{"0":"post-726921","1":"product","2":"type-product","3":"status-publish","5":"product_cat-edebiyat-sureli-yayinlar","6":"product_cat-sureli-yayinlar","7":"pa_cilt-ciltsiz","8":"pa_tur-dergi","9":"pa_yayinevi-otuken-nesriyat","10":"pa_yazar-otuken-nesriyat-kolektif","12":"first","13":"instock","14":"sale","15":"shipping-taxable","16":"purchasable","17":"product-type-simple"},"_links":{"self":[{"href":"https:\/\/roveyayinevi.com.tr\/index.php\/wp-json\/wp\/v2\/product\/726921","targetHints":{"allow":["GET"]}}],"collection":[{"href":"https:\/\/roveyayinevi.com.tr\/index.php\/wp-json\/wp\/v2\/product"}],"about":[{"href":"https:\/\/roveyayinevi.com.tr\/index.php\/wp-json\/wp\/v2\/types\/product"}],"wp:attachment":[{"href":"https:\/\/roveyayinevi.com.tr\/index.php\/wp-json\/wp\/v2\/media?parent=726921"}],"wp:term":[{"taxonomy":"product_brand","embeddable":true,"href":"https:\/\/roveyayinevi.com.tr\/index.php\/wp-json\/wp\/v2\/product_brand?post=726921"},{"taxonomy":"product_cat","embeddable":true,"href":"https:\/\/roveyayinevi.com.tr\/index.php\/wp-json\/wp\/v2\/product_cat?post=726921"},{"taxonomy":"product_tag","embeddable":true,"href":"https:\/\/roveyayinevi.com.tr\/index.php\/wp-json\/wp\/v2\/product_tag?post=726921"}],"curies":[{"name":"wp","href":"https:\/\/api.w.org\/{rel}","templated":true}]}}