{"id":726920,"date":"2025-08-27T20:14:03","date_gmt":"2025-08-27T17:14:03","guid":{"rendered":"https:\/\/roveyayinevi.com.tr\/index.php\/urun\/bulut-adinda-bir-kopek\/"},"modified":"2026-04-16T02:34:48","modified_gmt":"2026-04-15T23:34:48","slug":"bulut-adinda-bir-kopek","status":"publish","type":"product","link":"https:\/\/roveyayinevi.com.tr\/index.php\/urun\/bulut-adinda-bir-kopek\/","title":{"rendered":"Bulut Ad\u0131nda Bir K\u00f6pek"},"content":{"rendered":"<p>Jasmine \u00e7iftli\u011fin kap\u0131s\u0131nda terk edilmi\u015f hasta bir yavru k\u00f6pek bulur. Zavall\u0131 yavrunun hayatta kalmas\u0131 i\u00e7in yard\u0131ma ihtiyac\u0131 vard\u0131r. Jasmine, sevgi ve \u015fefkatle yavrunun g\u00fcvenini kazanmaya \u00e7al\u0131\u015f\u0131r. Acaba Bulut insanlara tekrar g\u00fcvenebilecek mi?Bu ancak Jasmine korkun\u00e7 bir tehlikenin i\u00e7ine d\u00fc\u015ft\u00fc\u011f\u00fcnde ortaya \u00e7\u0131kacak. Bakal\u0131m Bulut, onu iyile\u015ftiren k\u00fc\u00e7\u00fck k\u0131z i\u00e7in ayn\u0131 fedak\u00e2rl\u0131\u011f\u0131 yapacak m\u0131?<\/p>\n","protected":false},"excerpt":{"rendered":"<p>Jasmine \u00e7iftli\u011fin kap\u0131s\u0131nda terk edilmi\u015f hasta bir yavru k\u00f6pek bulur. Zavall\u0131 yavrunun hayatta kalmas\u0131 i\u00e7in yard\u0131ma ihtiyac\u0131 vard\u0131r. Jasmine, sevgi ve \u015fefkatle yavrunun g\u00fcvenini kazanmaya \u00e7al\u0131\u015f\u0131r.<span class=\"excerpt-hellip\"> [\u2026]<\/span><\/p>\n","protected":false},"featured_media":0,"template":"","meta":{"_monsterinsights_skip_tracking":false,"_monsterinsights_sitenote_active":false,"_monsterinsights_sitenote_note":"","_monsterinsights_sitenote_category":0},"product_brand":[],"product_cat":[12274,12631],"product_tag":[],"class_list":{"0":"post-726920","1":"product","2":"type-product","3":"status-publish","5":"product_cat-cocuk-ve-genclik-kitaplari","6":"product_cat-diger-cocuk-ve-genclik-kitaplari","7":"pa_cilt-ciltsiz","8":"pa_tur-kitap","9":"pa_yayinevi-buyulu-fener-yayinlari","10":"pa_yazar-helen-peters","12":"first","13":"instock","14":"sale","15":"shipping-taxable","16":"purchasable","17":"product-type-simple"},"_links":{"self":[{"href":"https:\/\/roveyayinevi.com.tr\/index.php\/wp-json\/wp\/v2\/product\/726920","targetHints":{"allow":["GET"]}}],"collection":[{"href":"https:\/\/roveyayinevi.com.tr\/index.php\/wp-json\/wp\/v2\/product"}],"about":[{"href":"https:\/\/roveyayinevi.com.tr\/index.php\/wp-json\/wp\/v2\/types\/product"}],"wp:attachment":[{"href":"https:\/\/roveyayinevi.com.tr\/index.php\/wp-json\/wp\/v2\/media?parent=726920"}],"wp:term":[{"taxonomy":"product_brand","embeddable":true,"href":"https:\/\/roveyayinevi.com.tr\/index.php\/wp-json\/wp\/v2\/product_brand?post=726920"},{"taxonomy":"product_cat","embeddable":true,"href":"https:\/\/roveyayinevi.com.tr\/index.php\/wp-json\/wp\/v2\/product_cat?post=726920"},{"taxonomy":"product_tag","embeddable":true,"href":"https:\/\/roveyayinevi.com.tr\/index.php\/wp-json\/wp\/v2\/product_tag?post=726920"}],"curies":[{"name":"wp","href":"https:\/\/api.w.org\/{rel}","templated":true}]}}