{"id":726918,"date":"2025-08-27T20:14:01","date_gmt":"2025-08-27T17:14:01","guid":{"rendered":"https:\/\/roveyayinevi.com.tr\/index.php\/urun\/gercek-bir-hikaye\/"},"modified":"2026-04-16T02:34:48","modified_gmt":"2026-04-15T23:34:48","slug":"gercek-bir-hikaye","status":"publish","type":"product","link":"https:\/\/roveyayinevi.com.tr\/index.php\/urun\/gercek-bir-hikaye\/","title":{"rendered":"Ger\u00e7ek Bir Hikaye"},"content":{"rendered":"<p>\u201c\u00d6\u011fleye do\u011fru, daha hen\u00fcz ada g\u00f6zle g\u00f6r\u00fcn\u00fcyorken aniden bir kas\u0131rga patlad\u0131, gemiyi h\u0131zla \u00e7evirmeye ba\u015flad\u0131 ve birdenbire yakla\u015f\u0131k \u00fc\u00e7 y\u00fcz stadion kadar yukar\u0131 kald\u0131rd\u0131 ve bir daha asla bizi denize indirmedi. Gemiyle g\u00f6ky\u00fcz\u00fcnde savrulurken aniden bir r\u00fczgar daha sert \u015fekilde yelkenlerimizi doldurdu. Yedi g\u00fcn yedi gece boyunca havada seyahat ettik. Sekizinci g\u00fcn ise havadaki bo\u015flukta, k\u00fcre \u015feklinde ve \u0131\u015f\u0131k sa\u00e7an, adaya benzer harika bir \u00fclke g\u00f6rd\u00fck. A\u015fa\u011f\u0131 taraf\u0131m\u0131zda ise i\u00e7erisinde \u015fehirler, denizler, ormanlar ve da\u011flar bulunan ba\u015fka bir \u00fclke daha vard\u0131. Anla\u015f\u0131lan oras\u0131 bizim d\u00fcnyam\u0131zd\u0131!\u201d    M.S. 125-180 y\u0131llar\u0131 aras\u0131nda ya\u015fam\u0131\u015f olan S\u00fcryani hiciv ustas\u0131 Samsatl\u0131 Loukianos Ger\u00e7ek Bir Hikaye adl\u0131 bu eserinde kendinden \u00f6nce ya\u015fam\u0131\u015f olan Hellen yazarlara sata\u015f\u0131r. Bu sata\u015fmalar\u0131n\u0131 ustaca kurgulad\u0131\u011f\u0131 fantastik d\u00fcnyas\u0131 i\u00e7erisine yerle\u015ftirir. Loukianos, kurgusunda Hellen felsefe okulu \u00f6\u011fretilerini hicivle kar\u0131\u015f\u0131k aktar\u0131r. B\u00f6ylece yazar \u00f6zet niteli\u011finde felsefe dersi vermi\u015f olur. Ger\u00e7ek Bir Hikaye\u2019yi d\u00fcnya edebiyat\u0131nda \u00f6zg\u00fcn ve k\u0131ymetli k\u0131lan \u00f6zelli\u011fi bilim kurgu t\u00fcr\u00fcn\u00fcn en eski \u00f6rne\u011fi olmas\u0131d\u0131r. Eserdeki uzay maceras\u0131 b\u00f6l\u00fcm\u00fc Jules Verne\u2019nin 1865 y\u0131l\u0131nda yay\u0131mlanan Ay\u2019a Seyahat roman\u0131na esin kayna\u011f\u0131 olmu\u015ftur. Loukianos\u2019un bu eseri 1930\u2019lardan itibaren pop\u00fcler olmaya ba\u015flayan \u201cuzay operas\u0131\u201d t\u00fcr\u00fcne de arketip olu\u015fturur, hatta gezegenler aras\u0131 emperyal m\u00fccadelenin konu al\u0131nd\u0131\u011f\u0131 k\u0131sm\u0131 1977\u2019de bilim kurgu ve uzay operas\u0131 t\u00fcrleri i\u00e7in zirve olacak George Lucas\u2019\u0131n Star Wars serisine ilham vermi\u015ftir. T\u00fcrk\u00e7ede ilk kez yay\u0131mlanacak olan bu s\u00fcr\u00fckleyici ser\u00fcvende yazar, 2. y\u00fczy\u0131l\u0131n bak\u0131\u015f a\u00e7\u0131s\u0131yla detayl\u0131 bir uzay yolcu\u011fu betimlemesi sunar.<\/p>\n","protected":false},"excerpt":{"rendered":"<p>\u201c\u00d6\u011fleye do\u011fru, daha hen\u00fcz ada g\u00f6zle g\u00f6r\u00fcn\u00fcyorken aniden bir kas\u0131rga patlad\u0131, gemiyi h\u0131zla \u00e7evirmeye ba\u015flad\u0131 ve birdenbire yakla\u015f\u0131k \u00fc\u00e7 y\u00fcz stadion kadar yukar\u0131 kald\u0131rd\u0131 ve bir<span class=\"excerpt-hellip\"> [\u2026]<\/span><\/p>\n","protected":false},"featured_media":0,"template":"","meta":{"_monsterinsights_skip_tracking":false,"_monsterinsights_sitenote_active":false,"_monsterinsights_sitenote_note":"","_monsterinsights_sitenote_category":0},"product_brand":[],"product_cat":[20351,12388],"product_tag":[],"class_list":{"0":"post-726918","1":"product","2":"type-product","3":"status-publish","5":"product_cat-dusunce","6":"product_cat-felsefe","7":"pa_cilt-ciltsiz","8":"pa_tur-kitap","9":"pa_yayinevi-pinhan-yayincilik","10":"pa_yazar-loukianos","12":"first","13":"instock","14":"sale","15":"shipping-taxable","16":"purchasable","17":"product-type-simple"},"_links":{"self":[{"href":"https:\/\/roveyayinevi.com.tr\/index.php\/wp-json\/wp\/v2\/product\/726918","targetHints":{"allow":["GET"]}}],"collection":[{"href":"https:\/\/roveyayinevi.com.tr\/index.php\/wp-json\/wp\/v2\/product"}],"about":[{"href":"https:\/\/roveyayinevi.com.tr\/index.php\/wp-json\/wp\/v2\/types\/product"}],"wp:attachment":[{"href":"https:\/\/roveyayinevi.com.tr\/index.php\/wp-json\/wp\/v2\/media?parent=726918"}],"wp:term":[{"taxonomy":"product_brand","embeddable":true,"href":"https:\/\/roveyayinevi.com.tr\/index.php\/wp-json\/wp\/v2\/product_brand?post=726918"},{"taxonomy":"product_cat","embeddable":true,"href":"https:\/\/roveyayinevi.com.tr\/index.php\/wp-json\/wp\/v2\/product_cat?post=726918"},{"taxonomy":"product_tag","embeddable":true,"href":"https:\/\/roveyayinevi.com.tr\/index.php\/wp-json\/wp\/v2\/product_tag?post=726918"}],"curies":[{"name":"wp","href":"https:\/\/api.w.org\/{rel}","templated":true}]}}