{"id":726916,"date":"2025-08-27T20:14:00","date_gmt":"2025-08-27T17:14:00","guid":{"rendered":"https:\/\/roveyayinevi.com.tr\/index.php\/urun\/mutlu-bebek-bakimi\/"},"modified":"2026-04-16T02:34:48","modified_gmt":"2026-04-15T23:34:48","slug":"mutlu-bebek-bakimi","status":"publish","type":"product","link":"https:\/\/roveyayinevi.com.tr\/index.php\/urun\/mutlu-bebek-bakimi\/","title":{"rendered":"Mutlu Bebek Bak\u0131m\u0131"},"content":{"rendered":"<p>\u201cBu kitap kurtulu\u015funuz olabilir\u201d -The Daily Telegraph Eve bir bebe\u011fin gelecek olmas\u0131 g\u00f6z korkutabilir. Uykusuz geceler, susturulamayan a\u011flamalar ve bebe\u011fi o istedik\u00e7e beslemek \u00fczerine anlat\u0131lan hik\u00e2yeler her gururlu ebeveyni gelecekte onlar\u0131 neyin bekledi\u011fi endi\u015fesiyle korkutabilir. Sakin olun \u00e7\u00fcnk\u00fc Mutlu Bebek Bak\u0131m\u0131 size yard\u0131ma geldi. Tamamen g\u00fcncellenen ve web sitesinin \u00fcyelerinin faydal\u0131 geribildirimleriyle geni\u015fletilen bu kitap, \u0130ngiltere\u2019nin bir numaral\u0131 \u00e7ocuk bak\u0131m uzman\u0131 Gina Ford\u2019un g\u00fcvenilir ve pratik tavsiyelerini i\u00e7eriyor. Gina\u2019n\u0131n s\u0131rr\u0131 basit ve sonu\u00e7lar\u0131 harika. Bu kitapta anlat\u0131lanlar\u0131 uygulad\u0131\u011f\u0131n\u0131zda mutlu bebe\u011finiz: D\u00fczenli ve iyi bi\u00e7imde beslenecek Daha az kolik s\u0131k\u0131nt\u0131s\u0131 ya\u015fayacak Erken ya\u015ftan itibaren geceleri uyuyacak Dahas\u0131, siz de huzurlu ve mutlu olacaks\u0131n\u0131z! \u201cTe\u015fekk\u00fcrler Gina Ford. Sen ve kitab\u0131n ger\u00e7ekten de cennetten gelmi\u015fsiniz.\u201d<\/p>\n","protected":false},"excerpt":{"rendered":"<p>\u201cBu kitap kurtulu\u015funuz olabilir\u201d -The Daily Telegraph Eve bir bebe\u011fin gelecek olmas\u0131 g\u00f6z korkutabilir. Uykusuz geceler, susturulamayan a\u011flamalar ve bebe\u011fi o istedik\u00e7e beslemek \u00fczerine anlat\u0131lan hik\u00e2yeler<span class=\"excerpt-hellip\"> [\u2026]<\/span><\/p>\n","protected":false},"featured_media":0,"template":"","meta":{"_monsterinsights_skip_tracking":false,"_monsterinsights_sitenote_active":false,"_monsterinsights_sitenote_note":"","_monsterinsights_sitenote_category":0},"product_brand":[],"product_cat":[17996,12364],"product_tag":[],"class_list":{"0":"post-726916","1":"product","2":"type-product","3":"status-publish","5":"product_cat-ebeveyn-kitaplari","6":"product_cat-genel-konular","7":"pa_cilt-ciltsiz","8":"pa_tur-kitap","9":"pa_yayinevi-epsilon-yayinlari","10":"pa_yazar-gina-ford","12":"first","13":"instock","14":"sale","15":"shipping-taxable","16":"purchasable","17":"product-type-simple"},"_links":{"self":[{"href":"https:\/\/roveyayinevi.com.tr\/index.php\/wp-json\/wp\/v2\/product\/726916","targetHints":{"allow":["GET"]}}],"collection":[{"href":"https:\/\/roveyayinevi.com.tr\/index.php\/wp-json\/wp\/v2\/product"}],"about":[{"href":"https:\/\/roveyayinevi.com.tr\/index.php\/wp-json\/wp\/v2\/types\/product"}],"wp:attachment":[{"href":"https:\/\/roveyayinevi.com.tr\/index.php\/wp-json\/wp\/v2\/media?parent=726916"}],"wp:term":[{"taxonomy":"product_brand","embeddable":true,"href":"https:\/\/roveyayinevi.com.tr\/index.php\/wp-json\/wp\/v2\/product_brand?post=726916"},{"taxonomy":"product_cat","embeddable":true,"href":"https:\/\/roveyayinevi.com.tr\/index.php\/wp-json\/wp\/v2\/product_cat?post=726916"},{"taxonomy":"product_tag","embeddable":true,"href":"https:\/\/roveyayinevi.com.tr\/index.php\/wp-json\/wp\/v2\/product_tag?post=726916"}],"curies":[{"name":"wp","href":"https:\/\/api.w.org\/{rel}","templated":true}]}}