{"id":726915,"date":"2025-08-27T20:13:59","date_gmt":"2025-08-27T17:13:59","guid":{"rendered":"https:\/\/roveyayinevi.com.tr\/index.php\/urun\/baskin\/"},"modified":"2026-04-16T02:34:48","modified_gmt":"2026-04-15T23:34:48","slug":"baskin","status":"publish","type":"product","link":"https:\/\/roveyayinevi.com.tr\/index.php\/urun\/baskin\/","title":{"rendered":"Bask\u0131n"},"content":{"rendered":"<p>Ben sizlere, nas\u0131l att\u0131\u011f\u0131m\u0131z\u0131, nas\u0131l hoplay\u0131p z\u0131plad\u0131\u011f\u0131m\u0131z\u0131, ne kadar kahraman oldu\u011fumuzu da anlatabilirdim bu kitab\u0131mda. Ama yan\u0131ltm\u0131\u015f olurdum sizi. Da\u011fdaki m\u00fccadele ya da da\u011fdaki kahramanl\u0131klar, ad\u0131na \u00e7at\u0131\u015fma denilen k\u0131sa bir zaman aral\u0131\u011f\u0131na s\u0131k\u0131\u015fm\u0131\u015f \u015feyler de\u011fildir \u00e7\u00fcnk\u00fc. Askerin kahramanl\u0131klar\u0131, m\u00fccadelenin fedak\u00e2rl\u0131klar\u0131na gizlenmi\u015ftir. Ve bu fedak\u00e2rl\u0131klar sadece \u00e7at\u0131\u015fma aral\u0131klar\u0131nda de\u011fil, da\u011f\u0131n b\u00fct\u00fcn anlar\u0131ndad\u0131r. Ne kadar g\u00fc\u00e7l\u00fc, ne kadar dayan\u0131kl\u0131, ne kadar atletik oldu\u011fumuzla da s\u00fcsleyebilirdim sayfalar\u0131 bir g\u00fczel. Ama bu de\u011fildir da\u011flarda ya\u015fam. G\u00fcneydo\u011fu\u2019nun bir ad\u0131ml\u0131k anlar\u0131nda bile, y\u00fcz binlerce fedak\u00e2rl\u0131k \u00fcretilir. Ve t\u00fcm anlatt\u0131klar\u0131m, anlatmad\u0131klar\u0131m\u0131n yan\u0131nda bir yudum bile de\u011fildir. M\u00fccadele etmeyen, m\u00fccadele edenin halini bilmek zorundad\u0131r ama. En az\u0131ndan, bilmek isteyenler i\u00e7in yaz\u0131lm\u0131\u015ft\u0131r bunlar. Ya\u015famasa, ya\u015fayamasa bile g\u00f6nl\u00fcn\u00fc askerin yan\u0131na koymak isteyenler i\u00e7in&#8230; \u201cAbdullah, \u00e7ok \u00f6nemli olaylar\u0131, \u00e7ok basit c\u00fcmlelerle, \u00e7ok vurucu anlat\u0131yor. O zaman\u0131m\u0131z\u0131n Fakir Baykurt\u2019u&#8230; Bir Sahip-i \u00dcslup&#8230; T\u00fcrkiye\u2019de b\u00f6yle yazar ka\u00e7 tane? Ve bu, Allah vergisi bir yetenek&#8230;\u201d Attil\u00e2 \u0130lhan<\/p>\n","protected":false},"excerpt":{"rendered":"<p>Ben sizlere, nas\u0131l att\u0131\u011f\u0131m\u0131z\u0131, nas\u0131l hoplay\u0131p z\u0131plad\u0131\u011f\u0131m\u0131z\u0131, ne kadar kahraman oldu\u011fumuzu da anlatabilirdim bu kitab\u0131mda. Ama yan\u0131ltm\u0131\u015f olurdum sizi. Da\u011fdaki m\u00fccadele ya da da\u011fdaki kahramanl\u0131klar, ad\u0131na<span class=\"excerpt-hellip\"> [\u2026]<\/span><\/p>\n","protected":false},"featured_media":0,"template":"","meta":{"_monsterinsights_skip_tracking":false,"_monsterinsights_sitenote_active":false,"_monsterinsights_sitenote_note":"","_monsterinsights_sitenote_category":0},"product_brand":[],"product_cat":[18545,12291],"product_tag":[],"class_list":{"0":"post-726915","1":"product","2":"type-product","3":"status-publish","5":"product_cat-anlati","6":"product_cat-edebiyat","7":"pa_cilt-ciltsiz","8":"pa_tur-kitap","9":"pa_yayinevi-destek-yayinlari","10":"pa_yazar-abdullah-agar","12":"first","13":"instock","14":"sale","15":"shipping-taxable","16":"purchasable","17":"product-type-simple"},"_links":{"self":[{"href":"https:\/\/roveyayinevi.com.tr\/index.php\/wp-json\/wp\/v2\/product\/726915","targetHints":{"allow":["GET"]}}],"collection":[{"href":"https:\/\/roveyayinevi.com.tr\/index.php\/wp-json\/wp\/v2\/product"}],"about":[{"href":"https:\/\/roveyayinevi.com.tr\/index.php\/wp-json\/wp\/v2\/types\/product"}],"wp:attachment":[{"href":"https:\/\/roveyayinevi.com.tr\/index.php\/wp-json\/wp\/v2\/media?parent=726915"}],"wp:term":[{"taxonomy":"product_brand","embeddable":true,"href":"https:\/\/roveyayinevi.com.tr\/index.php\/wp-json\/wp\/v2\/product_brand?post=726915"},{"taxonomy":"product_cat","embeddable":true,"href":"https:\/\/roveyayinevi.com.tr\/index.php\/wp-json\/wp\/v2\/product_cat?post=726915"},{"taxonomy":"product_tag","embeddable":true,"href":"https:\/\/roveyayinevi.com.tr\/index.php\/wp-json\/wp\/v2\/product_tag?post=726915"}],"curies":[{"name":"wp","href":"https:\/\/api.w.org\/{rel}","templated":true}]}}