{"id":726909,"date":"2025-08-27T20:13:54","date_gmt":"2025-08-27T17:13:54","guid":{"rendered":"https:\/\/roveyayinevi.com.tr\/index.php\/urun\/siyonizmin-ve-yahudiligin-gizli-tarihi\/"},"modified":"2026-04-16T02:34:48","modified_gmt":"2026-04-15T23:34:48","slug":"siyonizmin-ve-yahudiligin-gizli-tarihi","status":"publish","type":"product","link":"https:\/\/roveyayinevi.com.tr\/index.php\/urun\/siyonizmin-ve-yahudiligin-gizli-tarihi\/","title":{"rendered":"Siyonizm\u2019in Ve Yahudili\u011fin Gizli Tarihi"},"content":{"rendered":"<p>Dul kad\u0131n\u0131n \u00e7ocuklar\u0131, muharref Tevrat\u2019\u0131 kaynak g\u00f6stererek Yahudi \u0131rk\u0131n\u0131n d\u00fcnya milletlerine yapmas\u0131 emredilen vah\u015fet ve katliam\u0131 anlat\u0131r. Ayn\u0131 zamanda da sinsice bir planla devletleri ve milletleri i\u00e7ten \u00e7\u00f6kertmenin planlar\u0131n\u0131, yine tahrif edilmi\u015f Tevrat\u2019a atfederler. D\u00fcnya \u00fczerinde her y\u00f6n\u00fcyle bu kadar yay\u0131lm\u0131\u015f olan Mason hareketlerinin gizli ama\u00e7lar\u0131 uzun y\u0131llar i\u00e7erisinde ortaya \u00e7\u0131km\u0131\u015f ve nihayet beklenilen tepki gelmi\u015ftir. Osmanl\u0131 Devleti\u2019ni zor durumda b\u0131rakmak amac\u0131yla ger\u00e7ekle\u015ftirilen bu hamleler,t\u00fcm \u00e7abalara ra\u011fmen ba\u015far\u0131l\u0131 olamam\u0131\u015f ve gen\u00e7 T\u00fcrkiye Cumhuriyeti kurulduktan sonra, tarih 1935 y\u0131l\u0131n\u0131 g\u00f6sterirken Mason \u00e7al\u0131\u015fmalar\u0131 resm\u00ee olarak sonland\u0131r\u0131lm\u0131\u015ft\u0131r. Bu kitapta, ge\u00e7mi\u015fte ya\u015fananlar\u0131n ve h\u00e2l\u00e2 devam etmekte olan Masonik \u00e7al\u0131\u015fmalar\u0131n, gelecek nesillere do\u011fru aktar\u0131lmas\u0131n\u0131 sa\u011flamak, kutlu milletin \u00e7ocuklar\u0131n\u0131 Yahudi emellerine hizmetk\u00e2r etmemek ve \u00fclkemizin b\u00f6l\u00fcnmez b\u00fct\u00fcnl\u00fc\u011f\u00fcn\u00fc savunmak ad\u0131na herkesin bilmesi ve bir vatan borcu olarak \u00e7ocuklar\u0131na aktarmas\u0131 gereken bilgilerden bir demet sunulmu\u015ftur. <\/p>\n","protected":false},"excerpt":{"rendered":"<p>Dul kad\u0131n\u0131n \u00e7ocuklar\u0131, muharref Tevrat\u2019\u0131 kaynak g\u00f6stererek Yahudi \u0131rk\u0131n\u0131n d\u00fcnya milletlerine yapmas\u0131 emredilen vah\u015fet ve katliam\u0131 anlat\u0131r. Ayn\u0131 zamanda da sinsice bir planla devletleri ve milletleri<span class=\"excerpt-hellip\"> [\u2026]<\/span><\/p>\n","protected":false},"featured_media":0,"template":"","meta":{"_monsterinsights_skip_tracking":false,"_monsterinsights_sitenote_active":false,"_monsterinsights_sitenote_note":"","_monsterinsights_sitenote_category":0},"product_brand":[],"product_cat":[12312,12304],"product_tag":[],"class_list":{"0":"post-726909","1":"product","2":"type-product","3":"status-publish","5":"product_cat-diger","6":"product_cat-tarih","7":"pa_cilt-ciltsiz","8":"pa_tur-kitap","9":"pa_yayinevi-cinaralti-yayinlari","10":"pa_yazar-ismail-corbaci","12":"first","13":"instock","14":"sale","15":"shipping-taxable","16":"purchasable","17":"product-type-simple"},"_links":{"self":[{"href":"https:\/\/roveyayinevi.com.tr\/index.php\/wp-json\/wp\/v2\/product\/726909","targetHints":{"allow":["GET"]}}],"collection":[{"href":"https:\/\/roveyayinevi.com.tr\/index.php\/wp-json\/wp\/v2\/product"}],"about":[{"href":"https:\/\/roveyayinevi.com.tr\/index.php\/wp-json\/wp\/v2\/types\/product"}],"wp:attachment":[{"href":"https:\/\/roveyayinevi.com.tr\/index.php\/wp-json\/wp\/v2\/media?parent=726909"}],"wp:term":[{"taxonomy":"product_brand","embeddable":true,"href":"https:\/\/roveyayinevi.com.tr\/index.php\/wp-json\/wp\/v2\/product_brand?post=726909"},{"taxonomy":"product_cat","embeddable":true,"href":"https:\/\/roveyayinevi.com.tr\/index.php\/wp-json\/wp\/v2\/product_cat?post=726909"},{"taxonomy":"product_tag","embeddable":true,"href":"https:\/\/roveyayinevi.com.tr\/index.php\/wp-json\/wp\/v2\/product_tag?post=726909"}],"curies":[{"name":"wp","href":"https:\/\/api.w.org\/{rel}","templated":true}]}}