{"id":726908,"date":"2025-08-27T20:13:53","date_gmt":"2025-08-27T17:13:53","guid":{"rendered":"https:\/\/roveyayinevi.com.tr\/index.php\/urun\/kayi-seti-11-kitap\/"},"modified":"2026-04-16T02:34:48","modified_gmt":"2026-04-15T23:34:48","slug":"kayi-seti-11-kitap","status":"publish","type":"product","link":"https:\/\/roveyayinevi.com.tr\/index.php\/urun\/kayi-seti-11-kitap\/","title":{"rendered":"Kay\u0131 Seti (11 Kitap)"},"content":{"rendered":"<p>BA\u015eINDAN SONUNA DEVLET-\u0130 AL\u0130YYE TAR\u0130H\u0130 Baz\u0131 devletler tarih sahnesinden \u00e7ekilmi\u015f g\u00f6r\u00fcn\u00fcr ama izleri ve tesirleri, hatta ruhu kolay kolay silinmez. Zaten tarihin vazifesi de insanl\u0131\u011f\u0131n \u00f6l\u00fcms\u00fcz roman\u0131n\u0131 ortaya sermektir. \u0130\u015fte etkisi ve ruhu halen devam eden ender tarihi varl\u0131klardan biri de Osmanl\u0131 \u0130mparatorlu\u011fu ve onun ruhudur.Prof. Dr. Ahmet \u015eim\u015firgil KAYI\/ Bir \u0130mparatorluk Tarihi setinde S\u00f6\u011f\u00fct\u2019te kurulan devletin ad\u0131m ad\u0131m bir cihan imparatorlu\u011funa d\u00f6n\u00fc\u015f\u00fcm\u00fcn\u00fc, zirve noktas\u0131nda ya\u015famaya ba\u015flad\u0131\u011f\u0131 sorunlar\u0131 ve son y\u00fczy\u0131l\u0131na damga vuran \u00e7at\u0131\u015fmalar\u0131, toparlanma \u00e7al\u0131\u015fmalar\u0131n\u0131 ve ak\u0131l oyunlar\u0131n\u0131 kendine has ak\u0131c\u0131 \u00fcslubu ile anlat\u0131yor, Kay\u0131 boyunun \u00f6l\u00fcms\u00fcz hikayesini okura adeta ya\u015fat\u0131yor.   KAYI I \/ Ertu\u011frul\u2019un Oca\u011f\u0131 KAYI II \/ Cihan DevletiKAYI III \/ Haremeyn HizmetindeKAYI IV \/ Ufuklar\u0131n Padi\u015fah\u0131: KanuniKAYI V \/ Kudret ve Azamet Y\u0131llar\u0131KAYI VI \/ \u0130mparatorlu\u011fun Zirvesi ve D\u00f6n\u00fc\u015fKAYI VII \/ Kutsal \u0130ttifaka Kar\u015f\u0131KAYI VIII \/ Islahat, Darbe ve DevletKAYI IX \/ Sonun Ba\u015flang\u0131c\u0131 KAYI X\/ II. Abd\u00fclhamid HanKAYI XI\/ Elveda<\/p>\n","protected":false},"excerpt":{"rendered":"<p>BA\u015eINDAN SONUNA DEVLET-\u0130 AL\u0130YYE TAR\u0130H\u0130 Baz\u0131 devletler tarih sahnesinden \u00e7ekilmi\u015f g\u00f6r\u00fcn\u00fcr ama izleri ve tesirleri, hatta ruhu kolay kolay silinmez. Zaten tarihin vazifesi de insanl\u0131\u011f\u0131n \u00f6l\u00fcms\u00fcz<span class=\"excerpt-hellip\"> [\u2026]<\/span><\/p>\n","protected":false},"featured_media":0,"template":"","meta":{"_monsterinsights_skip_tracking":false,"_monsterinsights_sitenote_active":false,"_monsterinsights_sitenote_note":"","_monsterinsights_sitenote_category":0},"product_brand":[],"product_cat":[13517,12304],"product_tag":[],"class_list":{"0":"post-726908","1":"product","2":"type-product","3":"status-publish","5":"product_cat-osmanli-tarihi","6":"product_cat-tarih","7":"pa_cilt-set","8":"pa_tur-kitap","9":"pa_yayinevi-timas-yayinlari","10":"pa_yazar-ahmet-simsirgil","12":"first","13":"instock","14":"sale","15":"shipping-taxable","16":"purchasable","17":"product-type-simple"},"_links":{"self":[{"href":"https:\/\/roveyayinevi.com.tr\/index.php\/wp-json\/wp\/v2\/product\/726908","targetHints":{"allow":["GET"]}}],"collection":[{"href":"https:\/\/roveyayinevi.com.tr\/index.php\/wp-json\/wp\/v2\/product"}],"about":[{"href":"https:\/\/roveyayinevi.com.tr\/index.php\/wp-json\/wp\/v2\/types\/product"}],"wp:attachment":[{"href":"https:\/\/roveyayinevi.com.tr\/index.php\/wp-json\/wp\/v2\/media?parent=726908"}],"wp:term":[{"taxonomy":"product_brand","embeddable":true,"href":"https:\/\/roveyayinevi.com.tr\/index.php\/wp-json\/wp\/v2\/product_brand?post=726908"},{"taxonomy":"product_cat","embeddable":true,"href":"https:\/\/roveyayinevi.com.tr\/index.php\/wp-json\/wp\/v2\/product_cat?post=726908"},{"taxonomy":"product_tag","embeddable":true,"href":"https:\/\/roveyayinevi.com.tr\/index.php\/wp-json\/wp\/v2\/product_tag?post=726908"}],"curies":[{"name":"wp","href":"https:\/\/api.w.org\/{rel}","templated":true}]}}