{"id":726907,"date":"2025-08-27T20:13:52","date_gmt":"2025-08-27T17:13:52","guid":{"rendered":"https:\/\/roveyayinevi.com.tr\/index.php\/urun\/osmanlidan-gunumuze-derin-gucler\/"},"modified":"2026-04-16T02:34:48","modified_gmt":"2026-04-15T23:34:48","slug":"osmanlidan-gunumuze-derin-gucler","status":"publish","type":"product","link":"https:\/\/roveyayinevi.com.tr\/index.php\/urun\/osmanlidan-gunumuze-derin-gucler\/","title":{"rendered":"Osmanl\u0131\u2019dan G\u00fcn\u00fcm\u00fcze Derin G\u00fc\u00e7ler"},"content":{"rendered":"<p>Osmanl\u0131 kuruldu\u011fu g\u00fcnden itibaren \u00e7ok \u00f6nemli politik, siyasi ve ekonomik bir g\u00fcce sahip olmu\u015f, devam\u0131nda bu miras T\u00fcrkiye\u2019ye kalm\u0131\u015ft\u0131r.\u00c7\u00fcnk\u00fc bulundu\u011fumuz co\u011frafya jeopolitik olarak \u00e7ok de\u011ferli bir aland\u0131r. \u0130\u015fte bunun i\u00e7indir ki, Osmanl\u0131\u2019n\u0131n ve devam\u0131 T\u00fcrkiye\u2019nin d\u00fc\u015fmanlar\u0131 hi\u00e7 eksik olmam\u0131\u015ft\u0131r. Kendi \u00e7abalar\u0131yla emellerine ula\u015famayacaklar\u0131n\u0131 fark eden bu d\u00fc\u015fmanlar\u0131n i\u00e7eride i\u015fbirlik\u00e7iler ve hainler bulmas\u0131 da \u00e7ok zor olmam\u0131\u015ft\u0131r. Oysa T\u00fcrklerin tarihi kahramanl\u0131klar ile doludur. En zay\u0131f olduklar\u0131 zamanlarda bile ihanetlere ra\u011fmen d\u00fc\u015fmanlar\u0131n\u0131 bertaraf etmeyi ba\u015farm\u0131\u015ft\u0131r.Bu nedenle kimse T\u00fcrklerle a\u00e7\u0131ktan bir sava\u015f\u0131 g\u00f6ze alamayacak, dolay\u0131s\u0131yla da ihanetler bitmeyecektir. Osmanl\u0131\u2019dan g\u00fcn\u00fcm\u00fcze derin g\u00fc\u00e7lerin planlar\u0131yla bu millete yap\u0131lan ihanetleri ve ya\u015fad\u0131\u011f\u0131m\u0131z ac\u0131 olaylar\u0131 yeniden hat\u0131rlamak ister misiniz? <\/p>\n","protected":false},"excerpt":{"rendered":"<p>Osmanl\u0131 kuruldu\u011fu g\u00fcnden itibaren \u00e7ok \u00f6nemli politik, siyasi ve ekonomik bir g\u00fcce sahip olmu\u015f, devam\u0131nda bu miras T\u00fcrkiye\u2019ye kalm\u0131\u015ft\u0131r.\u00c7\u00fcnk\u00fc bulundu\u011fumuz co\u011frafya jeopolitik olarak \u00e7ok de\u011ferli bir<span class=\"excerpt-hellip\"> [\u2026]<\/span><\/p>\n","protected":false},"featured_media":0,"template":"","meta":{"_monsterinsights_skip_tracking":false,"_monsterinsights_sitenote_active":false,"_monsterinsights_sitenote_note":"","_monsterinsights_sitenote_category":0},"product_brand":[],"product_cat":[13517,12304],"product_tag":[],"class_list":{"0":"post-726907","1":"product","2":"type-product","3":"status-publish","5":"product_cat-osmanli-tarihi","6":"product_cat-tarih","7":"pa_cilt-ciltsiz","8":"pa_tur-kitap","9":"pa_yayinevi-cinaralti-yayinlari","10":"pa_yazar-ismail-corbaci","12":"first","13":"instock","14":"sale","15":"shipping-taxable","16":"purchasable","17":"product-type-simple"},"_links":{"self":[{"href":"https:\/\/roveyayinevi.com.tr\/index.php\/wp-json\/wp\/v2\/product\/726907","targetHints":{"allow":["GET"]}}],"collection":[{"href":"https:\/\/roveyayinevi.com.tr\/index.php\/wp-json\/wp\/v2\/product"}],"about":[{"href":"https:\/\/roveyayinevi.com.tr\/index.php\/wp-json\/wp\/v2\/types\/product"}],"wp:attachment":[{"href":"https:\/\/roveyayinevi.com.tr\/index.php\/wp-json\/wp\/v2\/media?parent=726907"}],"wp:term":[{"taxonomy":"product_brand","embeddable":true,"href":"https:\/\/roveyayinevi.com.tr\/index.php\/wp-json\/wp\/v2\/product_brand?post=726907"},{"taxonomy":"product_cat","embeddable":true,"href":"https:\/\/roveyayinevi.com.tr\/index.php\/wp-json\/wp\/v2\/product_cat?post=726907"},{"taxonomy":"product_tag","embeddable":true,"href":"https:\/\/roveyayinevi.com.tr\/index.php\/wp-json\/wp\/v2\/product_tag?post=726907"}],"curies":[{"name":"wp","href":"https:\/\/api.w.org\/{rel}","templated":true}]}}