{"id":726906,"date":"2025-08-27T20:13:52","date_gmt":"2025-08-27T17:13:52","guid":{"rendered":"https:\/\/roveyayinevi.com.tr\/index.php\/urun\/illuminatinin-yeni-dunya-duzeni\/"},"modified":"2026-02-25T13:30:16","modified_gmt":"2026-02-25T10:30:16","slug":"illuminatinin-yeni-dunya-duzeni","status":"publish","type":"product","link":"https:\/\/roveyayinevi.com.tr\/index.php\/urun\/illuminatinin-yeni-dunya-duzeni\/","title":{"rendered":"\u0130lluminati\u2019nin Yeni D\u00fcnya D\u00fczeni"},"content":{"rendered":"<p>\u201cYeni D\u00fcnya D\u00fczeni\u201d, \u201cYeni Masonik D\u00fczen\u201d, \u201cYeni \u00c7a\u011f\u201d ad\u0131na ne derseniz deyin. K\u0131sacas\u0131 yery\u00fcz\u00fcndeki \u015eeytan\u2019\u0131n hizmetkarlar\u0131 yani New World Order. Asl\u0131nda \u201cNew LuciferOrder\u201d, yani \u201cYeni \u015eeytani D\u00fczen\u201d denmesi daha mant\u0131kl\u0131 olur. Bu d\u00fczenin ne zaman ba\u015flad\u0131\u011f\u0131 hi\u00e7bir tarihi kay\u0131tta mevcut de\u011fildir. Ama\u00e7; vaadedilmi\u015f topraklar\u0131 ele ge\u00e7irmektir. Bu topraklar; Tanr\u0131&#8217;n\u0131n y\u00fcr\u00fcd\u00fc\u011f\u00fc topraklar, semavi dinlerin do\u011fdu\u011fu topraklard\u0131r. \u0130\u015fin perde arkas\u0131nda ise bu topraklarda var olan zengin su yataklar\u0131n\u0131 ele ge\u00e7irme hedefi vard\u0131r. Nilve F\u0131rat havzalar\u0131ndaki bor yataklar\u0131, toryum yataklar\u0131&#8230; \u0130stanbul&#8217;daki Ahit Sand\u0131\u011f\u0131\u2026 Tap\u0131nak\u00e7\u0131lara ait 10 alt\u0131n y\u00fckl\u00fc gemi\u2026 Biz bunlar\u0131n yerini biliyoruz ama onlar h\u00e2l\u00e2 ar\u0131yorlar. Uygulad\u0131klar\u0131 b\u00f6l, par\u00e7ala, y\u00f6net stratejisi ile her zaman bir az\u0131nl\u0131k grubu yalan vaatlerle tuzaklar\u0131na d\u00fc\u015f\u00fcrmekte ve kollanmakta usta olanlar\u2026 \u201cT\u00fcrkiye&#8217;ye sahip olan Ortado\u011fu&#8217;ya sahip olur, Ortado\u011fu&#8217;ya sahip olansa t\u00fcm D\u00fcnya&#8217;ya sahip olur.\u201d D\u00fc\u015f\u00fcncesiyle plan \u00fcst\u00fcne plan yapanlar\u2026 \u0130\u015fte d\u00fcnyan\u0131n neresinde olursa olsun, t\u00fcm olaylara bu perspektiften bakmak gerekiyor. Bu kitap da bunun i\u00e7in yaz\u0131ld\u0131. <\/p>\n","protected":false},"excerpt":{"rendered":"<p>\u201cYeni D\u00fcnya D\u00fczeni\u201d, \u201cYeni Masonik D\u00fczen\u201d, \u201cYeni \u00c7a\u011f\u201d ad\u0131na ne derseniz deyin. K\u0131sacas\u0131 yery\u00fcz\u00fcndeki \u015eeytan\u2019\u0131n hizmetkarlar\u0131 yani New World Order. Asl\u0131nda \u201cNew LuciferOrder\u201d, yani \u201cYeni \u015eeytani<span class=\"excerpt-hellip\"> [\u2026]<\/span><\/p>\n","protected":false},"featured_media":0,"template":"","meta":{"_monsterinsights_skip_tracking":false,"_monsterinsights_sitenote_active":false,"_monsterinsights_sitenote_note":"","_monsterinsights_sitenote_category":0},"product_brand":[],"product_cat":[12312,12304],"product_tag":[],"class_list":{"0":"post-726906","1":"product","2":"type-product","3":"status-publish","5":"product_cat-diger","6":"product_cat-tarih","7":"pa_cilt-ciltsiz","8":"pa_tur-kitap","9":"pa_yayinevi-cinaralti-yayinlari","10":"pa_yazar-ismail-corbaci","12":"first","13":"instock","14":"sale","15":"shipping-taxable","16":"purchasable","17":"product-type-simple"},"_links":{"self":[{"href":"https:\/\/roveyayinevi.com.tr\/index.php\/wp-json\/wp\/v2\/product\/726906","targetHints":{"allow":["GET"]}}],"collection":[{"href":"https:\/\/roveyayinevi.com.tr\/index.php\/wp-json\/wp\/v2\/product"}],"about":[{"href":"https:\/\/roveyayinevi.com.tr\/index.php\/wp-json\/wp\/v2\/types\/product"}],"wp:attachment":[{"href":"https:\/\/roveyayinevi.com.tr\/index.php\/wp-json\/wp\/v2\/media?parent=726906"}],"wp:term":[{"taxonomy":"product_brand","embeddable":true,"href":"https:\/\/roveyayinevi.com.tr\/index.php\/wp-json\/wp\/v2\/product_brand?post=726906"},{"taxonomy":"product_cat","embeddable":true,"href":"https:\/\/roveyayinevi.com.tr\/index.php\/wp-json\/wp\/v2\/product_cat?post=726906"},{"taxonomy":"product_tag","embeddable":true,"href":"https:\/\/roveyayinevi.com.tr\/index.php\/wp-json\/wp\/v2\/product_tag?post=726906"}],"curies":[{"name":"wp","href":"https:\/\/api.w.org\/{rel}","templated":true}]}}