{"id":726904,"date":"2025-08-27T20:13:50","date_gmt":"2025-08-27T17:13:50","guid":{"rendered":"https:\/\/roveyayinevi.com.tr\/index.php\/urun\/dunyayi-yonetenlerin-gunah-dosyalari\/"},"modified":"2026-04-16T02:34:48","modified_gmt":"2026-04-15T23:34:48","slug":"dunyayi-yonetenlerin-gunah-dosyalari","status":"publish","type":"product","link":"https:\/\/roveyayinevi.com.tr\/index.php\/urun\/dunyayi-yonetenlerin-gunah-dosyalari\/","title":{"rendered":"D\u00fcnyay\u0131 Y\u00f6netenlerin G\u00fcnah Dosyalar\u0131"},"content":{"rendered":"<p>D\u00fcnya siyasetinde cereyan eden, devletleri ve insanlar\u0131n ya\u015famlar\u0131n\u0131 \u015fekillendiren her \u015feyin birilerince planland\u0131\u011f\u0131n\u0131 ve onlar\u0131n ma\u015falar\u0131nca uyguland\u0131\u011f\u0131n\u0131 biliyor muyuz? D\u00fcnyan\u0131n, ekonomileri inan\u0131lmaz b\u00fcy\u00fckl\u00fckte on \u00fc\u00e7 zengin aile taraf\u0131ndan y\u00f6netildi\u011fini biliyor muyuz? \u201cMedeniyetin be\u015fi\u011fi olarak T\u00fcrkleri kabul edemezdik, bu mirasa el koymal\u0131yd\u0131k.\u201d diyen kim? \u0130srail\u2019in kurulmas\u0131na destek vermeyen Yahudileri korkutmak amac\u0131yla Hitler\u2019in birka\u00e7 katliam yapmas\u0131na izin verenler ve anlat\u0131lanlardan \u00e7ok daha az ki\u015finin \u00f6ld\u00fc\u011f\u00fc bu katliamlar\u0131 kullan\u0131larak, s\u00f6zde milyonlar\u0131n yok edildi\u011fi Yahudi katliam\u0131 senaryolar\u0131 \u00fcretenler ile ayn\u0131 katliam senaryosunu\u201cErmeni Soyk\u0131r\u0131m\u0131\u201d ad\u0131 alt\u0131nda T\u00fcrklere uygulamaya \u00e7al\u0131\u015fanlar kimler? \u201cD\u00fcnyada hi\u00e7bir yerde mafya ve ka\u00e7ak\u00e7\u0131l\u0131k olaylar\u0131 bizim iznimiz olmadan yap\u0131lamaz.\u201d diyen derin g\u00fc\u00e7ler kimler? Hi\u00e7 d\u00fc\u015f\u00fcnd\u00fcn\u00fcz m\u00fc Kuzey Amerika ve Bat\u0131 Avrupa \u00fclkeleri vatanda\u015flar\u0131na rahat ve varl\u0131kl\u0131 ya\u015fam olanaklar\u0131 sunarken, d\u00fcnyan\u0131n di\u011fer \u00fclkelerinde neden sefalet ve bitmeyen bir karga\u015fa var? Eski d\u00fcnya d\u00fczenin gizli cemiyetlerinden gizli toplant\u0131lara;yeni d\u00fcnya d\u00fczenin gizli cemiyetlerinden mafyaya kadar d\u00fcnyay\u0131 y\u00f6netenlerin su\u00e7 dosyas\u0131na bakmaya haz\u0131r m\u0131s\u0131n\u0131z? <\/p>\n","protected":false},"excerpt":{"rendered":"<p>D\u00fcnya siyasetinde cereyan eden, devletleri ve insanlar\u0131n ya\u015famlar\u0131n\u0131 \u015fekillendiren her \u015feyin birilerince planland\u0131\u011f\u0131n\u0131 ve onlar\u0131n ma\u015falar\u0131nca uyguland\u0131\u011f\u0131n\u0131 biliyor muyuz? D\u00fcnyan\u0131n, ekonomileri inan\u0131lmaz b\u00fcy\u00fckl\u00fckte on \u00fc\u00e7 zengin<span class=\"excerpt-hellip\"> [\u2026]<\/span><\/p>\n","protected":false},"featured_media":0,"template":"","meta":{"_monsterinsights_skip_tracking":false,"_monsterinsights_sitenote_active":false,"_monsterinsights_sitenote_note":"","_monsterinsights_sitenote_category":0},"product_brand":[],"product_cat":[12312,12304],"product_tag":[],"class_list":{"0":"post-726904","1":"product","2":"type-product","3":"status-publish","5":"product_cat-diger","6":"product_cat-tarih","7":"pa_cilt-ciltsiz","8":"pa_tur-kitap","9":"pa_yayinevi-cinaralti-yayinlari","10":"pa_yazar-ismail-corbaci","12":"first","13":"instock","14":"sale","15":"shipping-taxable","16":"purchasable","17":"product-type-simple"},"_links":{"self":[{"href":"https:\/\/roveyayinevi.com.tr\/index.php\/wp-json\/wp\/v2\/product\/726904","targetHints":{"allow":["GET"]}}],"collection":[{"href":"https:\/\/roveyayinevi.com.tr\/index.php\/wp-json\/wp\/v2\/product"}],"about":[{"href":"https:\/\/roveyayinevi.com.tr\/index.php\/wp-json\/wp\/v2\/types\/product"}],"wp:attachment":[{"href":"https:\/\/roveyayinevi.com.tr\/index.php\/wp-json\/wp\/v2\/media?parent=726904"}],"wp:term":[{"taxonomy":"product_brand","embeddable":true,"href":"https:\/\/roveyayinevi.com.tr\/index.php\/wp-json\/wp\/v2\/product_brand?post=726904"},{"taxonomy":"product_cat","embeddable":true,"href":"https:\/\/roveyayinevi.com.tr\/index.php\/wp-json\/wp\/v2\/product_cat?post=726904"},{"taxonomy":"product_tag","embeddable":true,"href":"https:\/\/roveyayinevi.com.tr\/index.php\/wp-json\/wp\/v2\/product_tag?post=726904"}],"curies":[{"name":"wp","href":"https:\/\/api.w.org\/{rel}","templated":true}]}}