{"id":726902,"date":"2025-08-27T20:13:49","date_gmt":"2025-08-27T17:13:49","guid":{"rendered":"https:\/\/roveyayinevi.com.tr\/index.php\/urun\/abdulhamit-ve-sarayindaki-amerikali-wallace\/"},"modified":"2026-04-16T02:34:48","modified_gmt":"2026-04-15T23:34:48","slug":"abdulhamit-ve-sarayindaki-amerikali-wallace","status":"publish","type":"product","link":"https:\/\/roveyayinevi.com.tr\/index.php\/urun\/abdulhamit-ve-sarayindaki-amerikali-wallace\/","title":{"rendered":"Abdulhamit Ve Saray\u0131ndaki  Amerikal\u0131 Wallace"},"content":{"rendered":"<p>Saraydaki kabulde Sultan Abdulhamit\u2019in ilk defa elini uzat\u0131p tokala\u015ft\u0131\u011f\u0131 yabanc\u0131 el\u00e7i olan, \u0130stanbul\u2019da kald\u0131\u011f\u0131 d\u00f6rt y\u0131l i\u00e7inde, ba\u015fka hi\u00e7bir yabanc\u0131 temsilcinin olmad\u0131\u011f\u0131 kadar padi\u015faha yak\u0131n olan, e\u015fi ile birlikte padi\u015fah\u0131n dost \u00e7evresine girebilen, Abdulhamit\u2019in iki defa kendisi i\u00e7in \u00e7al\u0131\u015fma teklifinde bulundu\u011fu, Abdulhamit\u2019in \u201cAmerikal\u0131 do\u011fru adamd\u0131r.\u201d dedi\u011fi, bu dostluk ve g\u00fcvenin ni\u015fanesi olarak Mecidiye Ni\u015fan\u0131 hediye etti\u011fi, \u201cSeni bir el\u00e7iden daha \u00e7ok takdir ediyorum.Tahtta oldu\u011fum i\u00e7in, senin gibi arkada\u015fl\u0131k yapmad\u0131\u011f\u0131m hi\u00e7bir yabanc\u0131 resmi veya \u00f6zel olarak bana gelemez. Burada kald\u0131\u011f\u0131n y\u0131llar boyunca ili\u015fkimize bakarsan seninle d\u00fcr\u00fcst ve samimi konu\u015ftu\u011fumu g\u00f6rmelisin. Senden ayr\u0131lmak zor olacak, burada benimle kal, sana daha \u00f6nce sayg\u0131n g\u00f6rev teklif etmi\u015ftim.\u201d diyerek u\u011furlad\u0131\u011f\u0131, Avukat, vali, Amerikan \u0130\u00e7 Sava\u015f\u0131&#8217;nda Kuzey ordular\u0131 generali, Abdulhamit d\u00f6neminin ABD T\u00fcrkiye el\u00e7isi, me\u015fhur \u201cBen Hur\u201d roman\u0131n\u0131n yazar\u0131 Lew Wallace\u2019nin T\u00fcrk\u00e7e\u2019ye ilk kez \u00e7evrilen an\u0131lar\u0131n\u0131 ve mektuplar\u0131n\u0131 okumaya haz\u0131r m\u0131s\u0131n\u0131z? <\/p>\n","protected":false},"excerpt":{"rendered":"<p>Saraydaki kabulde Sultan Abdulhamit\u2019in ilk defa elini uzat\u0131p tokala\u015ft\u0131\u011f\u0131 yabanc\u0131 el\u00e7i olan, \u0130stanbul\u2019da kald\u0131\u011f\u0131 d\u00f6rt y\u0131l i\u00e7inde, ba\u015fka hi\u00e7bir yabanc\u0131 temsilcinin olmad\u0131\u011f\u0131 kadar padi\u015faha yak\u0131n olan,<span class=\"excerpt-hellip\"> [\u2026]<\/span><\/p>\n","protected":false},"featured_media":0,"template":"","meta":{"_monsterinsights_skip_tracking":false,"_monsterinsights_sitenote_active":false,"_monsterinsights_sitenote_note":"","_monsterinsights_sitenote_category":0},"product_brand":[],"product_cat":[13946,12304],"product_tag":[],"class_list":{"0":"post-726902","1":"product","2":"type-product","3":"status-publish","5":"product_cat-biyografi-otobiyografi","6":"product_cat-tarih","7":"pa_cilt-ciltsiz","8":"pa_tur-kitap","9":"pa_yayinevi-cinaralti-yayinlari","10":"pa_yazar-lew-wallace","12":"first","13":"instock","14":"sale","15":"shipping-taxable","16":"purchasable","17":"product-type-simple"},"_links":{"self":[{"href":"https:\/\/roveyayinevi.com.tr\/index.php\/wp-json\/wp\/v2\/product\/726902","targetHints":{"allow":["GET"]}}],"collection":[{"href":"https:\/\/roveyayinevi.com.tr\/index.php\/wp-json\/wp\/v2\/product"}],"about":[{"href":"https:\/\/roveyayinevi.com.tr\/index.php\/wp-json\/wp\/v2\/types\/product"}],"wp:attachment":[{"href":"https:\/\/roveyayinevi.com.tr\/index.php\/wp-json\/wp\/v2\/media?parent=726902"}],"wp:term":[{"taxonomy":"product_brand","embeddable":true,"href":"https:\/\/roveyayinevi.com.tr\/index.php\/wp-json\/wp\/v2\/product_brand?post=726902"},{"taxonomy":"product_cat","embeddable":true,"href":"https:\/\/roveyayinevi.com.tr\/index.php\/wp-json\/wp\/v2\/product_cat?post=726902"},{"taxonomy":"product_tag","embeddable":true,"href":"https:\/\/roveyayinevi.com.tr\/index.php\/wp-json\/wp\/v2\/product_tag?post=726902"}],"curies":[{"name":"wp","href":"https:\/\/api.w.org\/{rel}","templated":true}]}}