{"id":726901,"date":"2025-08-27T20:13:48","date_gmt":"2025-08-27T17:13:48","guid":{"rendered":"https:\/\/roveyayinevi.com.tr\/index.php\/urun\/sosyoloji-tarihi-5\/"},"modified":"2026-04-16T02:34:48","modified_gmt":"2026-04-15T23:34:48","slug":"sosyoloji-tarihi-5","status":"publish","type":"product","link":"https:\/\/roveyayinevi.com.tr\/index.php\/urun\/sosyoloji-tarihi-5\/","title":{"rendered":"Sosyoloji Tarihi 5"},"content":{"rendered":"<p>Bu eserde, sosyolojik d\u00fc\u015f\u00fcncenin ustalar\u0131 ve \u00e7a\u011fda\u015f sosyologlar\u0131n \u00f6nc\u00fcleri olan Nietzsche, T\u00f6nnies, Simmel ve Sombart, sosyoloji tarihi \u00e7er\u00e7evesinde kapsaml\u0131 bir ara\u015ft\u0131rma sonucunda d\u00fcnyada ilk kez bir araya geliyor. Bu kitapta, b\u00fcy\u00fck fikir insanlar\u0131 olan Nietzsche, T\u00f6nnies, Simmel ve Sombart\u2019\u0131n entelekt\u00fcel portreleri, metodolojileri, sosyal teorileri ve sosyolojik d\u00fc\u015f\u00fcnceye katk\u0131lar\u0131 ayr\u0131nt\u0131l\u0131 bir \u015fekilde tahlil edilmi\u015ftir. Bu metinde, Nietzsche, T\u00f6nnies, Simmel ve Sombart\u2019\u0131n sosyoloji anlay\u0131\u015flar\u0131 ve \u00e7a\u011f\u0131m\u0131za damgas\u0131n\u0131 vuran dev eserleri dikkate al\u0131nd\u0131\u011f\u0131nda klasik ve \u00e7a\u011fda\u015f sosyolojinin teorik ve metodolojik g\u00f6vdesinin, modernli\u011fin kamburlar\u0131n\u0131n ve modern toplumun ana sorunlar\u0131n\u0131n daha do\u011fru anla\u015f\u0131labilece\u011fi iddia edilmi\u015ftir. Nietzsche, T\u00f6nnies, Simmel ve Sombart\u2019\u0131n temel sosyolojik fikirlerini merak edenlere\u2026 Sosyolojiye geni\u015f bir perspektiften bakmay\u0131 \u00f6nemseyenlere\u2026 Sosyoloji tarihini yeniden ke\u015ffetmeyi arzulayanlara\u2026 \u00c7a\u011f\u0131m\u0131z\u0131n ruhunu do\u011fru anlamak isteyenlere&#8230; \u00c7\u00f6k\u00fc\u015f ve yozla\u015fma halindeki mekanik modern toplumdan daha insan\u00ee olan do\u011fal hayata ve ta\u015fraya geri d\u00f6n\u00fc\u015f\u00fcn m\u00fcmk\u00fcn olabilece\u011fini d\u00fc\u015f\u00fcnenlere\u2026<\/p>\n","protected":false},"excerpt":{"rendered":"<p>Bu eserde, sosyolojik d\u00fc\u015f\u00fcncenin ustalar\u0131 ve \u00e7a\u011fda\u015f sosyologlar\u0131n \u00f6nc\u00fcleri olan Nietzsche, T\u00f6nnies, Simmel ve Sombart, sosyoloji tarihi \u00e7er\u00e7evesinde kapsaml\u0131 bir ara\u015ft\u0131rma sonucunda d\u00fcnyada ilk kez bir<span class=\"excerpt-hellip\"> [\u2026]<\/span><\/p>\n","protected":false},"featured_media":0,"template":"","meta":{"_monsterinsights_skip_tracking":false,"_monsterinsights_sitenote_active":false,"_monsterinsights_sitenote_note":"","_monsterinsights_sitenote_category":0},"product_brand":[],"product_cat":[12324,27533],"product_tag":[],"class_list":{"0":"post-726901","1":"product","2":"type-product","3":"status-publish","5":"product_cat-sosyoloji","6":"product_cat-sosyolojiye-giris","7":"pa_cilt-ciltsiz","8":"pa_tur-kitap","9":"pa_yayinevi-ani-yayincilik","10":"pa_yazar-sezgin-kizilcelik","12":"first","13":"instock","14":"sale","15":"shipping-taxable","16":"purchasable","17":"product-type-simple"},"_links":{"self":[{"href":"https:\/\/roveyayinevi.com.tr\/index.php\/wp-json\/wp\/v2\/product\/726901","targetHints":{"allow":["GET"]}}],"collection":[{"href":"https:\/\/roveyayinevi.com.tr\/index.php\/wp-json\/wp\/v2\/product"}],"about":[{"href":"https:\/\/roveyayinevi.com.tr\/index.php\/wp-json\/wp\/v2\/types\/product"}],"wp:attachment":[{"href":"https:\/\/roveyayinevi.com.tr\/index.php\/wp-json\/wp\/v2\/media?parent=726901"}],"wp:term":[{"taxonomy":"product_brand","embeddable":true,"href":"https:\/\/roveyayinevi.com.tr\/index.php\/wp-json\/wp\/v2\/product_brand?post=726901"},{"taxonomy":"product_cat","embeddable":true,"href":"https:\/\/roveyayinevi.com.tr\/index.php\/wp-json\/wp\/v2\/product_cat?post=726901"},{"taxonomy":"product_tag","embeddable":true,"href":"https:\/\/roveyayinevi.com.tr\/index.php\/wp-json\/wp\/v2\/product_tag?post=726901"}],"curies":[{"name":"wp","href":"https:\/\/api.w.org\/{rel}","templated":true}]}}