{"id":726898,"date":"2025-08-27T20:13:46","date_gmt":"2025-08-27T17:13:46","guid":{"rendered":"https:\/\/roveyayinevi.com.tr\/index.php\/urun\/boru-4-karanligi-parcalayan\/"},"modified":"2026-04-16T02:34:47","modified_gmt":"2026-04-15T23:34:47","slug":"boru-4-karanligi-parcalayan","status":"publish","type":"product","link":"https:\/\/roveyayinevi.com.tr\/index.php\/urun\/boru-4-karanligi-parcalayan\/","title":{"rendered":"B\u00f6r\u00fc 4 &#8211; Karanl\u0131\u011f\u0131 Par\u00e7alayan"},"content":{"rendered":"<p>\u00d6yle bir \u00f6lece\u011fiz ki; Can\u0131n\u0131 ald\u0131\u011f\u0131m\u0131z ya\u011f\u0131lar\u0131n tinleri, tamunun k\u0131z\u0131l g\u00f6\u011f\u00fcn\u00fc \u00e7at\u0131rdatacak!   \u00d6yle bir \u00f6lece\u011fiz ki; Bizleri tanr\u0131n\u0131n bah\u00e7elerine g\u00f6t\u00fcren tinler, acunda kalan bedenlerimize bak\u0131p g\u00f6zya\u015f\u0131 d\u00f6kecek!   \u00d6yle bir \u00f6lece\u011fiz ki; B\u0131rak\u0131n soylar\u0131n bizi hat\u0131rlamas\u0131n\u0131, g\u00f6k bile unutmayacak! Her \u00e7ak\u0131nda bir, karanl\u0131\u011fa ad\u0131m\u0131z\u0131 hayk\u0131racak,Her ya\u015f\u0131nda bir zalimin usunda korkular yaratacak!   \u00d6yle bir \u00f6l\u00fcms\u00fczle\u015fece\u011fiz ki; Adalet i\u00e7in \u00e7\u0131kan her pusatta zalim kan\u0131yla uyan\u0131p, her can al\u0131\u015fta can bulaca\u011f\u0131z!   \u00d6yle bir sevmi\u015f olaca\u011f\u0131z ki; Hatunlar\u0131m\u0131z\u0131n g\u00f6zlerinde g\u00f6kte par\u0131ldayan bir \u0131\u015f\u0131k, Sevdi\u011fimiz bozk\u0131r k\u0131z\u0131n\u0131n ipek sa\u00e7lar\u0131nda bir r\u00fczg\u00e2r, B\u00fcy\u00fctt\u00fc\u011f\u00fcm\u00fcz balalar\u0131n dudaklar\u0131nda bir g\u00fcl\u00fcc\u00fck olarak kalaca\u011f\u0131z!   G\u00f6kte Do\u011fanlar! Hah! Son kez\u2026 Ur-Ah! Ur-Ah! Ur-ah! Ur-Ah!   \u201cK\u00fcllerinden yeniden do\u011fabiliyorsan, ya\u015f\u0131yorsun demektir!\u201d<\/p>\n","protected":false},"excerpt":{"rendered":"<p>\u00d6yle bir \u00f6lece\u011fiz ki; Can\u0131n\u0131 ald\u0131\u011f\u0131m\u0131z ya\u011f\u0131lar\u0131n tinleri, tamunun k\u0131z\u0131l g\u00f6\u011f\u00fcn\u00fc \u00e7at\u0131rdatacak! \u00d6yle bir \u00f6lece\u011fiz ki; Bizleri tanr\u0131n\u0131n bah\u00e7elerine g\u00f6t\u00fcren tinler, acunda kalan bedenlerimize bak\u0131p g\u00f6zya\u015f\u0131<span class=\"excerpt-hellip\"> [\u2026]<\/span><\/p>\n","protected":false},"featured_media":0,"template":"","meta":{"_monsterinsights_skip_tracking":false,"_monsterinsights_sitenote_active":false,"_monsterinsights_sitenote_note":"","_monsterinsights_sitenote_category":0},"product_brand":[],"product_cat":[12291,14777],"product_tag":[],"class_list":{"0":"post-726898","1":"product","2":"type-product","3":"status-publish","5":"product_cat-edebiyat","6":"product_cat-fantastik","7":"pa_cilt-ciltsiz","8":"pa_tur-kitap","9":"pa_yayinevi-panama-yayincilik","10":"pa_yazar-caglayan-yilmaz","12":"first","13":"instock","14":"sale","15":"shipping-taxable","16":"purchasable","17":"product-type-simple"},"_links":{"self":[{"href":"https:\/\/roveyayinevi.com.tr\/index.php\/wp-json\/wp\/v2\/product\/726898","targetHints":{"allow":["GET"]}}],"collection":[{"href":"https:\/\/roveyayinevi.com.tr\/index.php\/wp-json\/wp\/v2\/product"}],"about":[{"href":"https:\/\/roveyayinevi.com.tr\/index.php\/wp-json\/wp\/v2\/types\/product"}],"wp:attachment":[{"href":"https:\/\/roveyayinevi.com.tr\/index.php\/wp-json\/wp\/v2\/media?parent=726898"}],"wp:term":[{"taxonomy":"product_brand","embeddable":true,"href":"https:\/\/roveyayinevi.com.tr\/index.php\/wp-json\/wp\/v2\/product_brand?post=726898"},{"taxonomy":"product_cat","embeddable":true,"href":"https:\/\/roveyayinevi.com.tr\/index.php\/wp-json\/wp\/v2\/product_cat?post=726898"},{"taxonomy":"product_tag","embeddable":true,"href":"https:\/\/roveyayinevi.com.tr\/index.php\/wp-json\/wp\/v2\/product_tag?post=726898"}],"curies":[{"name":"wp","href":"https:\/\/api.w.org\/{rel}","templated":true}]}}