{"id":726897,"date":"2025-08-27T20:13:45","date_gmt":"2025-08-27T17:13:45","guid":{"rendered":"https:\/\/roveyayinevi.com.tr\/index.php\/urun\/kiz-kadin-oteki\/"},"modified":"2026-02-02T02:38:32","modified_gmt":"2026-02-01T23:38:32","slug":"kiz-kadin-oteki","status":"publish","type":"product","link":"https:\/\/roveyayinevi.com.tr\/index.php\/urun\/kiz-kadin-oteki\/","title":{"rendered":"K\u0131z, Kad\u0131n, \u00d6teki"},"content":{"rendered":"<p>Bildi\u011fimiz d\u00fcnyan\u0131n bilmedi\u011fimiz tarihi \u00c7o\u011funlu\u011fu siyah kad\u0131nlardan olu\u015fan on iki karakterin, a\u015fk, erkekler, kad\u0131nlar, feminizm, cinsiyet, g\u00f6\u00e7menlik, \u0131rk ayr\u0131m\u0131, s\u0131n\u0131f, k\u00fclt\u00fcrel \u00e7at\u0131\u015fma, \u00e7ok k\u00fclt\u00fcrl\u00fcl\u00fck etraf\u0131nda \u015fekillenen ve ku\u015faklar boyunca birbirine ba\u011flanan hik\u00e2yeleri. Lezbiyen tiyatrocu Amma, Barbados\u2019tan \u0130ngiltere\u2019ye g\u00f6\u00e7 eden \u201cmutsuz gelin\u201d Winsome, ne kad\u0131n-ne erkek Morgan, kendisini Siyahlar\u0131n e\u011fitimine adam\u0131\u015f idealist Shirley\u2026 Evaristo, topraklar\u0131nda g\u00fcne\u015f batmayan \u00fclkenin tarihine siyah, kad\u0131n, yoksul, trans evreninden bakarken, hi\u00e7 terk etmedi\u011fi ironik diliyle Londra sokaklar\u0131n\u0131 \u015fenlendiren kimlikler karnaval\u0131n\u0131 b\u00fct\u00fcn co\u015fkusu, ne\u015fesi, kakofonisi ve abs\u00fcrtl\u00fc\u011f\u00fcyle yans\u0131t\u0131yor. Karnaval bitip sokaklar bo\u015fal\u0131nca Evaristo\u2019nun bizim i\u00e7in havaya as\u0131l\u0131 b\u0131rakt\u0131\u011f\u0131 soru kal\u0131yor geriye: Oldu\u011funu sand\u0131\u011f\u0131 \u015fey midir insan? 2019\u2019da Booker \u00d6d\u00fcl\u00fc\u2019n\u00fc kucaklayan Evaristo\u2019dan, \u00e7a\u011fda\u015f d\u00fcnyay\u0131 ola\u011fan\u00fcst\u00fc bir \u00fcslupla anlatan \u015fenlikli bir roman.<\/p>\n","protected":false},"excerpt":{"rendered":"<p>Bildi\u011fimiz d\u00fcnyan\u0131n bilmedi\u011fimiz tarihi \u00c7o\u011funlu\u011fu siyah kad\u0131nlardan olu\u015fan on iki karakterin, a\u015fk, erkekler, kad\u0131nlar, feminizm, cinsiyet, g\u00f6\u00e7menlik, \u0131rk ayr\u0131m\u0131, s\u0131n\u0131f, k\u00fclt\u00fcrel \u00e7at\u0131\u015fma, \u00e7ok k\u00fclt\u00fcrl\u00fcl\u00fck etraf\u0131nda \u015fekillenen<span class=\"excerpt-hellip\"> [\u2026]<\/span><\/p>\n","protected":false},"featured_media":0,"template":"","meta":{"_monsterinsights_skip_tracking":false,"_monsterinsights_sitenote_active":false,"_monsterinsights_sitenote_note":"","_monsterinsights_sitenote_category":0},"product_brand":[],"product_cat":[12291,12711],"product_tag":[],"class_list":{"0":"post-726897","1":"product","2":"type-product","3":"status-publish","5":"product_cat-edebiyat","6":"product_cat-roman-oyku","7":"pa_cilt-ciltsiz","8":"pa_tur-kitap","9":"pa_yayinevi-dogan-kitap","10":"pa_yazar-bernardine-evaristo","12":"first","13":"instock","14":"sale","15":"shipping-taxable","16":"purchasable","17":"product-type-simple"},"_links":{"self":[{"href":"https:\/\/roveyayinevi.com.tr\/index.php\/wp-json\/wp\/v2\/product\/726897","targetHints":{"allow":["GET"]}}],"collection":[{"href":"https:\/\/roveyayinevi.com.tr\/index.php\/wp-json\/wp\/v2\/product"}],"about":[{"href":"https:\/\/roveyayinevi.com.tr\/index.php\/wp-json\/wp\/v2\/types\/product"}],"wp:attachment":[{"href":"https:\/\/roveyayinevi.com.tr\/index.php\/wp-json\/wp\/v2\/media?parent=726897"}],"wp:term":[{"taxonomy":"product_brand","embeddable":true,"href":"https:\/\/roveyayinevi.com.tr\/index.php\/wp-json\/wp\/v2\/product_brand?post=726897"},{"taxonomy":"product_cat","embeddable":true,"href":"https:\/\/roveyayinevi.com.tr\/index.php\/wp-json\/wp\/v2\/product_cat?post=726897"},{"taxonomy":"product_tag","embeddable":true,"href":"https:\/\/roveyayinevi.com.tr\/index.php\/wp-json\/wp\/v2\/product_tag?post=726897"}],"curies":[{"name":"wp","href":"https:\/\/api.w.org\/{rel}","templated":true}]}}