{"id":726896,"date":"2025-08-27T20:13:44","date_gmt":"2025-08-27T17:13:44","guid":{"rendered":"https:\/\/roveyayinevi.com.tr\/index.php\/urun\/yetisin-gencler\/"},"modified":"2026-04-16T02:34:47","modified_gmt":"2026-04-15T23:34:47","slug":"yetisin-gencler","status":"publish","type":"product","link":"https:\/\/roveyayinevi.com.tr\/index.php\/urun\/yetisin-gencler\/","title":{"rendered":"Yeti\u015fin Gen\u00e7ler"},"content":{"rendered":"<p>\u00dcmit gen\u00e7liktedir! Yeti\u015fin gen\u00e7ler\u2026Bu y\u00fczy\u0131lda gen\u00e7 n\u00fcfusumuz bir daha bu kadar kalabal\u0131k olmayacak. Ya suni g\u00fcndemler \u00fczerinden kavga etmeye devam edece\u011fiz ya da hep birlikte gen\u00e7lerin sesine kulak verip dertlerine ortak olaca\u011f\u0131z.Tercih zaman\u0131!Yeti\u015fin \u00c7ocuklar kitab\u0131yla \u00e7ocuk yeti\u015ftirme alan\u0131nda b\u00fcy\u00fck bir bo\u015flu\u011fu dolduran Prof. Dr. Sel\u00e7uk \u015eirin, Yeti\u015fin Gen\u00e7ler\u2019de ergenlikten yeti\u015fkinli\u011fe uzanan ser\u00fcvene odaklan\u0131yor. Bu kitap gen\u00e7ler ve gen\u00e7leri dert eden yeti\u015fkinler i\u00e7in yaz\u0131ld\u0131.\u00c7ocukluk ne zaman bitiyor, ergenlik ne zaman ba\u015fl\u0131yor?Gen\u00e7 beyin: Nas\u0131l \u00e7al\u0131\u015f\u0131r? Nas\u0131l geli\u015fir? Nas\u0131l desteklenir?Gen\u00e7ler neden risk almay\u0131 sever?Gen\u00e7lerde beden alg\u0131s\u0131 nedir? Nas\u0131l de\u011fi\u015fir?Duygusal zek\u00e2 nedir? Nas\u0131l kazan\u0131l\u0131r?\u015eimdiki gen\u00e7ler neden \u00e2\u015f\u0131k olmuyor?Kimlik aray\u0131\u015f\u0131nda ya\u015fanan temel s\u0131k\u0131nt\u0131lar nelerdir?Ergenlik d\u00f6neminde gen\u00e7leri bekleyen okul korkusu, akademik ba\u015far\u0131s\u0131zl\u0131k, depresyon, ba\u011f\u0131ml\u0131l\u0131k, obezite gibi sorunlarla nas\u0131l ba\u015fa \u00e7\u0131k\u0131l\u0131r?Gen\u00e7lerin fiziksel, duygusal ve sosyal geli\u015fiminde ebeveynlerden e\u011fitimcilere t\u00fcm yeti\u015fkinlere d\u00fc\u015fen g\u00f6revler nelerdir?Kariyer aray\u0131\u015f\u0131 ne zaman ba\u015flar, zirveye giden yolda gen\u00e7leri bekleyen d\u00f6rt ad\u0131m nedir?\u201cAmac\u0131m, her bir gencin sa\u011fl\u0131kl\u0131, mutlu ve ba\u015far\u0131l\u0131 olabilmesi i\u00e7in gerekli ad\u0131mlar\u0131n at\u0131lmas\u0131na arac\u0131 olmak. Bu kitapta ergenlik d\u00f6nemine ait temel bilimsel verileri kendi ebeveynlik tecr\u00fcbem ve k\u00fc\u00e7\u00fck bir k\u00f6yden New York\u2019a ula\u015fan gen\u00e7lik hik\u00e2yemle yo\u011furarak anlatt\u0131m. Ko\u015fullar ne kadar k\u00f6t\u00fc olursa olsun, tarih boyunca insanl\u0131k, gen\u00e7 ku\u015faklarla kendini yeniledi. O nedenle benim de umudum gen\u00e7lerde.\u201d-Prof. Dr. Sel\u00e7uk \u015eirin New York \u00dcniversitesi<\/p>\n","protected":false},"excerpt":{"rendered":"<p>\u00dcmit gen\u00e7liktedir! Yeti\u015fin gen\u00e7ler\u2026Bu y\u00fczy\u0131lda gen\u00e7 n\u00fcfusumuz bir daha bu kadar kalabal\u0131k olmayacak. Ya suni g\u00fcndemler \u00fczerinden kavga etmeye devam edece\u011fiz ya da hep birlikte gen\u00e7lerin<span class=\"excerpt-hellip\"> [\u2026]<\/span><\/p>\n","protected":false},"featured_media":0,"template":"","meta":{"_monsterinsights_skip_tracking":false,"_monsterinsights_sitenote_active":false,"_monsterinsights_sitenote_note":"","_monsterinsights_sitenote_category":0},"product_brand":[],"product_cat":[17996,12364],"product_tag":[],"class_list":{"0":"post-726896","1":"product","2":"type-product","3":"status-publish","5":"product_cat-ebeveyn-kitaplari","6":"product_cat-genel-konular","7":"pa_cilt-ciltsiz","8":"pa_tur-kitap","9":"pa_yayinevi-dogan-kitap","10":"pa_yazar-selcuk-sirin","12":"first","13":"instock","14":"sale","15":"shipping-taxable","16":"purchasable","17":"product-type-simple"},"_links":{"self":[{"href":"https:\/\/roveyayinevi.com.tr\/index.php\/wp-json\/wp\/v2\/product\/726896","targetHints":{"allow":["GET"]}}],"collection":[{"href":"https:\/\/roveyayinevi.com.tr\/index.php\/wp-json\/wp\/v2\/product"}],"about":[{"href":"https:\/\/roveyayinevi.com.tr\/index.php\/wp-json\/wp\/v2\/types\/product"}],"wp:attachment":[{"href":"https:\/\/roveyayinevi.com.tr\/index.php\/wp-json\/wp\/v2\/media?parent=726896"}],"wp:term":[{"taxonomy":"product_brand","embeddable":true,"href":"https:\/\/roveyayinevi.com.tr\/index.php\/wp-json\/wp\/v2\/product_brand?post=726896"},{"taxonomy":"product_cat","embeddable":true,"href":"https:\/\/roveyayinevi.com.tr\/index.php\/wp-json\/wp\/v2\/product_cat?post=726896"},{"taxonomy":"product_tag","embeddable":true,"href":"https:\/\/roveyayinevi.com.tr\/index.php\/wp-json\/wp\/v2\/product_tag?post=726896"}],"curies":[{"name":"wp","href":"https:\/\/api.w.org\/{rel}","templated":true}]}}