{"id":726894,"date":"2025-08-27T20:13:42","date_gmt":"2025-08-27T17:13:42","guid":{"rendered":"https:\/\/roveyayinevi.com.tr\/index.php\/urun\/kiskent-ciltli\/"},"modified":"2026-04-16T02:34:47","modified_gmt":"2026-04-15T23:34:47","slug":"kiskent-ciltli","status":"publish","type":"product","link":"https:\/\/roveyayinevi.com.tr\/index.php\/urun\/kiskent-ciltli\/","title":{"rendered":"K\u0131\u015fkent (Ciltli)"},"content":{"rendered":"<p>Laylee, annesi \u00f6l\u00fcp de hayaleti ona musallat olana ve babas\u0131 da yas y\u00fcz\u00fcnden akl\u0131n\u0131 kaybedene kadar mutlu bir hayat s\u00fcr\u00fcyordu ama K\u0131\u015fkent\u2019te \u00f6l\u00fcleri \u00d6b\u00fcrdiyar\u2019a haz\u0131rlamak i\u00e7in g\u00fcn a\u011farana kadar bedenleri ovalamak, ruhlar\u0131 zaptetmek ve son yolculuklar\u0131na u\u011furlamak art\u0131k onun sorumlu\u011fundayd\u0131. Gitgide artan yaln\u0131zl\u0131\u011f\u0131 bir yana, a\u015f\u0131r\u0131 \u00e7al\u0131\u015fan elleri kaskat\u0131 kesilmeye ve t\u0131pk\u0131 sa\u00e7lar\u0131 gibi renklerini kaybetmeye ba\u015flam\u0131\u015ft\u0131. Kapkaranl\u0131k ve f\u0131rt\u0131nal\u0131 bir gecede, bembeyaz bir k\u0131z ve ta\u015f\u0131 bile ikna edebilecek bir o\u011flan evine geldi\u011finde Laylee neredeyse pes etmek \u00fczereydi. \u00d6r\u00fcmcekler ve b\u00f6ceklerden olu\u015fan ordusuyla Benyamin de aralar\u0131na kat\u0131ld\u0131\u011f\u0131nda, K\u0131\u015fkent ruhlar\u0131n istilas\u0131na u\u011framadan \u00f6nce bu d\u00f6rt \u00e7ocu\u011fun b\u00fcy\u00fcn\u00fcn ve arkada\u015fl\u0131\u011f\u0131n iyile\u015ftirici g\u00fcc\u00fcn\u00fc ke\u015ffetmesi gerekecekti. \u201cK\u0131\u015fkent\u2019in ak\u0131llara kaz\u0131nacak ba\u015fkahraman\u0131 Laylee\u2019nin karakter d\u00f6n\u00fc\u015f\u00fcm\u00fc g\u00f6zal\u0131c\u0131.\u201d \u2014Booklist, starred review \u201cHem klasik hem de taptaze bir roman.\u201d \u2014School Library Journal \u201cG\u00fczel oldu\u011fu kadar \u00f6l\u00fcmc\u00fcl bir b\u00fcy\u00fcyle sarmalanm\u0131\u015f bu harika hik\u00e2ye, renklerin hayat kurtarabildi\u011fi, balinalar\u0131n ula\u015f\u0131m arac\u0131 olarak kullan\u0131ld\u0131\u011f\u0131, b\u00f6ceklerin ve y\u00fcr\u00fcyen \u00f6l\u00fclerin deh\u015fetle beraber umut da getirdi\u011fi bir d\u00fcnyaya a\u00e7\u0131l\u0131yor.\u201d \u2014BCCB  \u201cTahereh Mafi, g\u00fcn\u00fcm\u00fcz d\u00fcnyas\u0131n\u0131n kurallar\u0131n\u0131 ve ili\u015fkilerini hik\u00e2yesine m\u00fckemmel bi\u00e7imde yedirmeyi ba\u015farm\u0131\u015f. Kitap boyunca size yapt\u0131\u011f\u0131 uyar\u0131lar\u0131 dikkate alsan\u0131z iyi edersiniz.\u201d \u2014Kirkus, starred review  \u201cK\u0131\u015fkent, en az \u00d6tediyar kadar (hatta belki de daha fazla) b\u00fcy\u00fcleyici. Fars k\u00fclt\u00fcr\u00fcyle yo\u011furulmu\u015f bu fantastik d\u00fcnyada, arkada\u015fl\u0131\u011f\u0131n iyile\u015ftirici g\u00fcc\u00fcne bamba\u015fka bir g\u00f6zle bakacaks\u0131n\u0131z.\u201d \u2014Shelf Awareness, starred review   <\/p>\n","protected":false},"excerpt":{"rendered":"<p>Laylee, annesi \u00f6l\u00fcp de hayaleti ona musallat olana ve babas\u0131 da yas y\u00fcz\u00fcnden akl\u0131n\u0131 kaybedene kadar mutlu bir hayat s\u00fcr\u00fcyordu ama K\u0131\u015fkent\u2019te \u00f6l\u00fcleri \u00d6b\u00fcrdiyar\u2019a haz\u0131rlamak i\u00e7in<span class=\"excerpt-hellip\"> [\u2026]<\/span><\/p>\n","protected":false},"featured_media":0,"template":"","meta":{"_monsterinsights_skip_tracking":false,"_monsterinsights_sitenote_active":false,"_monsterinsights_sitenote_note":"","_monsterinsights_sitenote_category":0},"product_brand":[],"product_cat":[12291,14777],"product_tag":[],"class_list":{"0":"post-726894","1":"product","2":"type-product","3":"status-publish","5":"product_cat-edebiyat","6":"product_cat-fantastik","7":"pa_cilt-ciltli","8":"pa_tur-kitap","9":"pa_yayinevi-yabanci-yayinevi","10":"pa_yazar-tahereh-mafi","12":"first","13":"instock","14":"sale","15":"shipping-taxable","16":"purchasable","17":"product-type-simple"},"_links":{"self":[{"href":"https:\/\/roveyayinevi.com.tr\/index.php\/wp-json\/wp\/v2\/product\/726894","targetHints":{"allow":["GET"]}}],"collection":[{"href":"https:\/\/roveyayinevi.com.tr\/index.php\/wp-json\/wp\/v2\/product"}],"about":[{"href":"https:\/\/roveyayinevi.com.tr\/index.php\/wp-json\/wp\/v2\/types\/product"}],"wp:attachment":[{"href":"https:\/\/roveyayinevi.com.tr\/index.php\/wp-json\/wp\/v2\/media?parent=726894"}],"wp:term":[{"taxonomy":"product_brand","embeddable":true,"href":"https:\/\/roveyayinevi.com.tr\/index.php\/wp-json\/wp\/v2\/product_brand?post=726894"},{"taxonomy":"product_cat","embeddable":true,"href":"https:\/\/roveyayinevi.com.tr\/index.php\/wp-json\/wp\/v2\/product_cat?post=726894"},{"taxonomy":"product_tag","embeddable":true,"href":"https:\/\/roveyayinevi.com.tr\/index.php\/wp-json\/wp\/v2\/product_tag?post=726894"}],"curies":[{"name":"wp","href":"https:\/\/api.w.org\/{rel}","templated":true}]}}